{"id":15990,"date":"2025-09-16T16:14:50","date_gmt":"2025-09-16T14:14:50","guid":{"rendered":"https:\/\/boreait.com\/fr\/?post_type=product&#038;p=15990"},"modified":"2026-02-07T15:35:32","modified_gmt":"2026-02-07T14:35:32","slug":"porte-inferieure-dorigine-dell-latitude-e7250-doccasion-08mv8d-8mv8d-dell-p-n-de-remplacement","status":"publish","type":"product","link":"https:\/\/boreait.com\/fr\/produit\/porte-inferieure-dorigine-dell-latitude-e7250-doccasion-08mv8d-8mv8d-dell-p-n-de-remplacement\/","title":{"rendered":"Porte inf\u00e9rieure d&rsquo;origine Dell Latitude E7250 d&rsquo;occasion 08MV8D 8MV8D Dell P\/N de remplacement"},"content":{"rendered":"<p>Cache inf\u00e9rieur d&rsquo;occasion authentique pour Dell Latitude E7250 \u2013 R\u00e9f. Dell\u00a0: 08MV8D \/ 8MV8D<\/p>\n<p>Ce cache inf\u00e9rieur d&rsquo;occasion authentique pour Dell Latitude E7250 (r\u00e9f\u00e9rence Dell\u00a0: 08MV8D) est id\u00e9al pour remplacer le cache inf\u00e9rieur us\u00e9 ou endommag\u00e9 de votre ordinateur portable. Con\u00e7u sp\u00e9cifiquement pour le Dell Latitude E7250, il assure un ajustement parfait et restaure la protection et la stabilit\u00e9 de votre appareil.<\/p>\n<p>**Caract\u00e9ristiques du produit\u00a0:**<\/p>\n<p>&#8211; **Compatibilit\u00e9\u00a0:** Sp\u00e9cialement con\u00e7u pour le Dell Latitude E7250.<\/p>\n<p>&#8211; **R\u00e9f\u00e9rence\u00a0:** R\u00e9f. Dell\u00a0: 08MV8D.<\/p>\n<p>&#8211; **Pi\u00e8ce de rechange d&rsquo;origine\u00a0:** Garantit des performances fiables et un ajustement parfait.<\/p>\n<p>&#8211; **\u00c9tat\u00a0:** Il s&rsquo;agit d&rsquo;une pi\u00e8ce d&rsquo;occasion, soigneusement inspect\u00e9e pour garantir sa conformit\u00e9 aux normes de qualit\u00e9. Photos r\u00e9elles fournies.<\/p>\n<p>**Pourquoi choisir cette porte inf\u00e9rieure\u00a0?**<\/p>\n<p>&#8211; **Remplacement direct\u00a0:** Remplace facilement une porte inf\u00e9rieure endommag\u00e9e ou us\u00e9e, sans aucune modification suppl\u00e9mentaire.<\/p>\n<p>&#8211; **Ajustement durable\u00a0:** Pr\u00e9serve la protection et l&rsquo;int\u00e9grit\u00e9 structurelle de votre Dell Latitude E7250.<\/p>\n<p>&#8211; **Disponibilit\u00e9 mondiale\u00a0:** Nous proposons une livraison internationale, principalement sur les march\u00e9s europ\u00e9ens.<\/p>\n<p>Si vous avez besoin d&rsquo;aide pour l&rsquo;installation ou d&rsquo;informations compl\u00e9mentaires, n&rsquo;h\u00e9sitez pas \u00e0 nous contacter. Nous sommes l\u00e0 pour r\u00e9pondre \u00e0 toutes vos questions.<\/p>\n<p>**Important\u00a0:** Les photos fournies dans cette annonce montrent l&rsquo;\u00e9tat exact de l&rsquo;article que vous recevrez.<\/p>\n","protected":false},"excerpt":{"rendered":"<p>Cache inf\u00e9rieur d&rsquo;occasion d&rsquo;origine pour Dell Latitude E7250 (r\u00e9f.\u00a0: 08MV8D). Id\u00e9al pour remplacer les caches inf\u00e9rieurs us\u00e9s ou endommag\u00e9s, il assure un ajustement fiable \u00e0 votre ordinateur portable Dell Latitude E7250.<\/p>\n","protected":false},"featured_media":16062,"template":"","meta":[],"product_brand":[],"product_cat":[52],"product_tag":[53],"class_list":{"0":"post-15990","1":"product","2":"type-product","3":"status-publish","4":"has-post-thumbnail","6":"product_cat-laptop-housing","7":"product_tag-dell","9":"first","10":"instock","11":"taxable","12":"shipping-taxable","13":"purchasable","14":"product-type-simple"},"_links":{"self":[{"href":"https:\/\/boreait.com\/fr\/wp-json\/wp\/v2\/product\/15990","targetHints":{"allow":["GET"]}}],"collection":[{"href":"https:\/\/boreait.com\/fr\/wp-json\/wp\/v2\/product"}],"about":[{"href":"https:\/\/boreait.com\/fr\/wp-json\/wp\/v2\/types\/product"}],"wp:featuredmedia":[{"embeddable":true,"href":"https:\/\/boreait.com\/fr\/wp-json\/wp\/v2\/media\/16062"}],"wp:attachment":[{"href":"https:\/\/boreait.com\/fr\/wp-json\/wp\/v2\/media?parent=15990"}],"wp:term":[{"taxonomy":"product_brand","embeddable":true,"href":"https:\/\/boreait.com\/fr\/wp-json\/wp\/v2\/product_brand?post=15990"},{"taxonomy":"product_cat","embeddable":true,"href":"https:\/\/boreait.com\/fr\/wp-json\/wp\/v2\/product_cat?post=15990"},{"taxonomy":"product_tag","embeddable":true,"href":"https:\/\/boreait.com\/fr\/wp-json\/wp\/v2\/product_tag?post=15990"}],"curies":[{"name":"wp","href":"https:\/\/api.w.org\/{rel}","templated":true}]}}