{"id":15962,"date":"2025-09-16T16:14:00","date_gmt":"2025-09-16T14:14:00","guid":{"rendered":"https:\/\/boreait.com\/fr\/?post_type=product&#038;p=15962"},"modified":"2025-09-16T16:16:39","modified_gmt":"2025-09-16T14:16:39","slug":"module-de-camera-arriere-3f0gk-03f0gk-pour-tablette-dell-rugged-12-7202-pieces-dorigine","status":"publish","type":"product","link":"https:\/\/boreait.com\/fr\/produit\/module-de-camera-arriere-3f0gk-03f0gk-pour-tablette-dell-rugged-12-7202-pieces-dorigine\/","title":{"rendered":"Module de cam\u00e9ra arri\u00e8re 3F0GK 03F0GK pour tablette Dell Rugged 12 7202 \u2013 Pi\u00e8ces d&rsquo;origine"},"content":{"rendered":"<p>Module de cam\u00e9ra arri\u00e8re pour tablette Dell Rugged 12 7202 (3F0GK 03F0GK)<\/p>\n<p>Restaurez la fonctionnalit\u00e9 de la cam\u00e9ra arri\u00e8re de votre tablette Dell Rugged 12 7202 gr\u00e2ce \u00e0 ce module de cam\u00e9ra de remplacement d&rsquo;origine. Con\u00e7u pour remplacer les composants de la cam\u00e9ra arri\u00e8re endommag\u00e9s ou d\u00e9fectueux, ce module garantit que votre tablette est \u00e0 nouveau pr\u00eate \u00e0 prendre des photos et des vid\u00e9os.<\/p>\n<p>**Caract\u00e9ristiques du produit\u00a0:**<\/p>\n<p>&#8211; **Compatibilit\u00e9\u00a0:** Sp\u00e9cialement con\u00e7u pour le mod\u00e8le Dell Rugged Tablet 12 7202.<\/p>\n<p>&#8211; **R\u00e9f\u00e9rences\u00a0:** 3F0GK, 03F0GK.<\/p>\n<p>&#8211; **Fonctionnalit\u00e9\u00a0:** Remplace la cam\u00e9ra arri\u00e8re d\u00e9fectueuse ou cass\u00e9e, garantissant des performances photo et vid\u00e9o optimales.<\/p>\n<p>&#8211; **\u00c9tat\u00a0:** Des photos r\u00e9elles de la pi\u00e8ce sont fournies pour garantir que vous recevez exactement ce qui est pr\u00e9sent\u00e9. <\/p>\n<p>**Pourquoi choisir ce module cam\u00e9ra\u00a0?**<\/p>\n<p>&#8211; **Restaure la fonctionnalit\u00e9 de la cam\u00e9ra\u00a0:** Id\u00e9al pour r\u00e9soudre les probl\u00e8mes li\u00e9s \u00e0 une cam\u00e9ra arri\u00e8re endommag\u00e9e ou non fonctionnelle.<\/p>\n<p>&#8211; **Remplacement direct\u00a0:** Aucun r\u00e9glage suppl\u00e9mentaire requis, pour un remplacement fluide.<\/p>\n<p>&#8211; **Livraison internationale\u00a0:** Disponible dans le monde entier, en particulier pour les clients europ\u00e9ens.<\/p>\n<p>Pour toute assistance concernant l&rsquo;installation, n&rsquo;h\u00e9sitez pas \u00e0 nous contacter. Bien qu&rsquo;aucune notice ne soit fournie, nous serons ravis de vous aider si n\u00e9cessaire. Les photos fournies repr\u00e9sentent le module cam\u00e9ra que vous recevrez, et chaque pi\u00e8ce est soigneusement inspect\u00e9e pour garantir sa qualit\u00e9.<\/p>\n<p>&nbsp;<\/p>\n","protected":false},"excerpt":{"rendered":"<p>Module de cam\u00e9ra arri\u00e8re pour tablette Dell Rugged 12 7202 (3F0GK 03F0GK). Pi\u00e8ce d&rsquo;origine pour remplacer les cam\u00e9ras arri\u00e8re endommag\u00e9es ou d\u00e9fectueuses. Id\u00e9al pour restaurer les fonctionnalit\u00e9s de la cam\u00e9ra de votre tablette Dell Rugged.<\/p>\n","protected":false},"featured_media":16029,"template":"","meta":[],"product_brand":[],"product_cat":[59],"product_tag":[53],"class_list":{"0":"post-15962","1":"product","2":"type-product","3":"status-publish","4":"has-post-thumbnail","6":"product_cat-laptop-camera","7":"product_tag-dell","9":"first","10":"instock","11":"taxable","12":"shipping-taxable","13":"purchasable","14":"product-type-simple"},"_links":{"self":[{"href":"https:\/\/boreait.com\/fr\/wp-json\/wp\/v2\/product\/15962","targetHints":{"allow":["GET"]}}],"collection":[{"href":"https:\/\/boreait.com\/fr\/wp-json\/wp\/v2\/product"}],"about":[{"href":"https:\/\/boreait.com\/fr\/wp-json\/wp\/v2\/types\/product"}],"wp:featuredmedia":[{"embeddable":true,"href":"https:\/\/boreait.com\/fr\/wp-json\/wp\/v2\/media\/16029"}],"wp:attachment":[{"href":"https:\/\/boreait.com\/fr\/wp-json\/wp\/v2\/media?parent=15962"}],"wp:term":[{"taxonomy":"product_brand","embeddable":true,"href":"https:\/\/boreait.com\/fr\/wp-json\/wp\/v2\/product_brand?post=15962"},{"taxonomy":"product_cat","embeddable":true,"href":"https:\/\/boreait.com\/fr\/wp-json\/wp\/v2\/product_cat?post=15962"},{"taxonomy":"product_tag","embeddable":true,"href":"https:\/\/boreait.com\/fr\/wp-json\/wp\/v2\/product_tag?post=15962"}],"curies":[{"name":"wp","href":"https:\/\/api.w.org\/{rel}","templated":true}]}}