{"id":15913,"date":"2025-09-16T16:12:14","date_gmt":"2025-09-16T14:12:14","guid":{"rendered":"https:\/\/boreait.com\/fr\/?post_type=product&#038;p=15913"},"modified":"2026-02-06T15:04:52","modified_gmt":"2026-02-06T14:04:52","slug":"cache-charniere-pour-ordinateur-portable-precision-5520-piece-de-rechange-dorigine","status":"publish","type":"product","link":"https:\/\/boreait.com\/fr\/produit\/cache-charniere-pour-ordinateur-portable-precision-5520-piece-de-rechange-dorigine\/","title":{"rendered":"Cache charni\u00e8re pour ordinateur portable Precision 5520 \u2013 Pi\u00e8ce de rechange d&rsquo;origine"},"content":{"rendered":"<p>Cache-charni\u00e8re pour Dell Precision 5520<\/p>\n<p>Ce cache-charni\u00e8re d&rsquo;origine est con\u00e7u pour le Dell Precision 5520 et constitue un remplacement id\u00e9al pour un cache-charni\u00e8re cass\u00e9 ou manquant. Pr\u00e9servez l&rsquo;esth\u00e9tique de votre ordinateur portable et prot\u00e9gez ses charni\u00e8res gr\u00e2ce \u00e0 cette pi\u00e8ce essentielle.<\/p>\n<p>**Caract\u00e9ristiques du produit**\u00a0:<\/p>\n<p>&#8211; **Compatibilit\u00e9**\u00a0: Sp\u00e9cialement con\u00e7u pour le Dell Precision 5520.<\/p>\n<p>&#8211; **Fonctionnalit\u00e9**\u00a0: Remplace un cache-charni\u00e8re endommag\u00e9 ou manquant pour restaurer l&rsquo;int\u00e9gralit\u00e9 de ses fonctionnalit\u00e9s et de son apparence.<\/p>\n<p>&#8211; **Qualit\u00e9**\u00a0: Pi\u00e8ce de rechange d&rsquo;origine pour une fiabilit\u00e9 \u00e0 long terme.<\/p>\n<p>&#8211; **\u00c9tat**\u00a0: Les photos de l&rsquo;annonce repr\u00e9sentent le produit r\u00e9el, vous permettant ainsi de savoir exactement ce que vous recevez.<\/p>\n<p>**Pourquoi choisir ce cache-charni\u00e8re\u00a0?**<\/p>\n<p>&#8211; **Remplacement facile**\u00a0: Id\u00e9al pour remplacer un cache-charni\u00e8re manquant ou cass\u00e9, aucune modification n\u00e9cessaire.<\/p>\n<p>&#8211; **Livraison internationale**\u00a0: Disponible \u00e0 l&rsquo;achat dans le monde entier, en particulier en Europe.<\/p>\n<p>Si vous avez besoin d&rsquo;aide ou avez des questions concernant l&rsquo;installation, n&rsquo;h\u00e9sitez pas \u00e0 nous contacter directement. Nous serons ravis de vous aider\u00a0!<\/p>\n<p>**Important\u00a0:** Toutes les photos de cette annonce repr\u00e9sentent la pi\u00e8ce exacte que vous recevrez. Chaque composant a \u00e9t\u00e9 soigneusement inspect\u00e9 pour garantir sa qualit\u00e9.<\/p>\n","protected":false},"excerpt":{"rendered":"<p>Cache charni\u00e8re pour Precision 5520 \u2013 Pi\u00e8ce de rechange d&rsquo;origine. Remplacez votre cache charni\u00e8re endommag\u00e9 ou manquant et restaurez l&rsquo;apparence et les fonctionnalit\u00e9s de votre ordinateur portable.<\/p>\n","protected":false},"featured_media":15979,"template":"","meta":[],"product_brand":[],"product_cat":[52],"product_tag":[53],"class_list":{"0":"post-15913","1":"product","2":"type-product","3":"status-publish","4":"has-post-thumbnail","6":"product_cat-laptop-housing","7":"product_tag-dell","9":"first","10":"instock","11":"taxable","12":"shipping-taxable","13":"purchasable","14":"product-type-simple"},"_links":{"self":[{"href":"https:\/\/boreait.com\/fr\/wp-json\/wp\/v2\/product\/15913","targetHints":{"allow":["GET"]}}],"collection":[{"href":"https:\/\/boreait.com\/fr\/wp-json\/wp\/v2\/product"}],"about":[{"href":"https:\/\/boreait.com\/fr\/wp-json\/wp\/v2\/types\/product"}],"wp:featuredmedia":[{"embeddable":true,"href":"https:\/\/boreait.com\/fr\/wp-json\/wp\/v2\/media\/15979"}],"wp:attachment":[{"href":"https:\/\/boreait.com\/fr\/wp-json\/wp\/v2\/media?parent=15913"}],"wp:term":[{"taxonomy":"product_brand","embeddable":true,"href":"https:\/\/boreait.com\/fr\/wp-json\/wp\/v2\/product_brand?post=15913"},{"taxonomy":"product_cat","embeddable":true,"href":"https:\/\/boreait.com\/fr\/wp-json\/wp\/v2\/product_cat?post=15913"},{"taxonomy":"product_tag","embeddable":true,"href":"https:\/\/boreait.com\/fr\/wp-json\/wp\/v2\/product_tag?post=15913"}],"curies":[{"name":"wp","href":"https:\/\/api.w.org\/{rel}","templated":true}]}}