{"id":15882,"date":"2025-09-16T16:10:42","date_gmt":"2025-09-16T14:10:42","guid":{"rendered":"https:\/\/boreait.com\/fr\/?post_type=product&#038;p=15882"},"modified":"2026-02-06T15:03:29","modified_gmt":"2026-02-06T14:03:29","slug":"cable-daffichage-lcd-precision-5530-piece-de-rechange-dorigine","status":"publish","type":"product","link":"https:\/\/boreait.com\/fr\/produit\/cable-daffichage-lcd-precision-5530-piece-de-rechange-dorigine\/","title":{"rendered":"C\u00e2ble d&rsquo;affichage LCD Precision 5530 \u2013 Pi\u00e8ce de rechange d&rsquo;origine"},"content":{"rendered":"<p>C\u00e2ble d&rsquo;\u00e9cran LCD pour Dell Precision 5530<\/p>\n<p>Ce c\u00e2ble d&rsquo;\u00e9cran LCD d&rsquo;origine est sp\u00e9cialement con\u00e7u pour le Dell Precision 5530 et constitue un remplacement fiable pour les c\u00e2bles endommag\u00e9s ou d\u00e9fectueux. Que votre \u00e9cran scintille, affiche des lignes ou se coupe compl\u00e8tement, le remplacement du c\u00e2ble peut restaurer les performances d&rsquo;affichage de votre ordinateur portable.<\/p>\n<p>**Caract\u00e9ristiques du produit\u00a0:**<\/p>\n<p>&#8211; **Compatibilit\u00e9\u00a0:** Sp\u00e9cialement con\u00e7u pour le Dell Precision 5530.<\/p>\n<p>&#8211; **Fonction de la pi\u00e8ce\u00a0:** Remplace les c\u00e2bles LCD us\u00e9s ou endommag\u00e9s pour restaurer les fonctionnalit\u00e9s de l&rsquo;\u00e9cran.<\/p>\n<p>&#8211; **Haute qualit\u00e9\u00a0:** Cette pi\u00e8ce d&rsquo;origine garantit des performances et une durabilit\u00e9 optimales.<\/p>\n<p>&#8211; **\u00c9tat\u00a0:** Des photos de la pi\u00e8ce que vous recevrez sont disponibles dans la liste.<\/p>\n<p>**Pourquoi choisir ce c\u00e2ble LCD\u00a0?**<\/p>\n<p>&#8211; **R\u00e9solution des probl\u00e8mes d&rsquo;affichage\u00a0:** Solution id\u00e9ale pour les probl\u00e8mes d&rsquo;affichage tels que le scintillement ou les coupures dues \u00e0 un c\u00e2ble d\u00e9fectueux.<\/p>\n<p>&#8211; **Remplacement facile\u00a0:** Pi\u00e8ce de rechange directe sans modification suppl\u00e9mentaire. Livraison internationale\u00a0:** Disponible pour la livraison internationale, en particulier en Europe.<\/p>\n<p>Si vous avez besoin d&rsquo;aide pour l&rsquo;installation, n&rsquo;h\u00e9sitez pas \u00e0 nous contacter. Nous sommes l\u00e0 pour vous aider \u00e0 garantir un remplacement sans probl\u00e8me.<\/p>\n<p>**Important\u00a0:** Les photos du produit pr\u00e9sent\u00e9es dans la liste montrent le c\u00e2ble que vous recevrez. Toutes les pi\u00e8ces sont inspect\u00e9es pour garantir la qualit\u00e9.<\/p>\n","protected":false},"excerpt":{"rendered":"<p>C\u00e2ble d&rsquo;affichage LCD pour Precision 5530 \u2013 C\u00e2ble de remplacement d&rsquo;origine con\u00e7u pour le Precision 5530. Parfait pour remplacer les c\u00e2bles LCD endommag\u00e9s ou d\u00e9fectueux et garantir un fonctionnement fluide de l&rsquo;affichage.<\/p>\n","protected":false},"featured_media":15952,"template":"","meta":[],"product_brand":[],"product_cat":[56],"product_tag":[53],"class_list":{"0":"post-15882","1":"product","2":"type-product","3":"status-publish","4":"has-post-thumbnail","6":"product_cat-cables","7":"product_tag-dell","9":"first","10":"instock","11":"taxable","12":"shipping-taxable","13":"purchasable","14":"product-type-simple"},"_links":{"self":[{"href":"https:\/\/boreait.com\/fr\/wp-json\/wp\/v2\/product\/15882","targetHints":{"allow":["GET"]}}],"collection":[{"href":"https:\/\/boreait.com\/fr\/wp-json\/wp\/v2\/product"}],"about":[{"href":"https:\/\/boreait.com\/fr\/wp-json\/wp\/v2\/types\/product"}],"wp:featuredmedia":[{"embeddable":true,"href":"https:\/\/boreait.com\/fr\/wp-json\/wp\/v2\/media\/15952"}],"wp:attachment":[{"href":"https:\/\/boreait.com\/fr\/wp-json\/wp\/v2\/media?parent=15882"}],"wp:term":[{"taxonomy":"product_brand","embeddable":true,"href":"https:\/\/boreait.com\/fr\/wp-json\/wp\/v2\/product_brand?post=15882"},{"taxonomy":"product_cat","embeddable":true,"href":"https:\/\/boreait.com\/fr\/wp-json\/wp\/v2\/product_cat?post=15882"},{"taxonomy":"product_tag","embeddable":true,"href":"https:\/\/boreait.com\/fr\/wp-json\/wp\/v2\/product_tag?post=15882"}],"curies":[{"name":"wp","href":"https:\/\/api.w.org\/{rel}","templated":true}]}}