{"id":15871,"date":"2025-09-16T16:10:11","date_gmt":"2025-09-16T14:10:11","guid":{"rendered":"https:\/\/boreait.com\/fr\/?post_type=product&#038;p=15871"},"modified":"2026-02-06T14:59:58","modified_gmt":"2026-02-06T13:59:58","slug":"cache-charniere-pour-dell-precision-5530-piece-de-rechange-dorigine","status":"publish","type":"product","link":"https:\/\/boreait.com\/fr\/produit\/cache-charniere-pour-dell-precision-5530-piece-de-rechange-dorigine\/","title":{"rendered":"Cache charni\u00e8re pour Dell Precision 5530 \u2013 Pi\u00e8ce de rechange d&rsquo;origine"},"content":{"rendered":"<p>Cache de charni\u00e8re pour Dell Precision 5530<\/p>\n<p>Redonnez \u00e0 votre Dell Precision 5530 son aspect et ses fonctionnalit\u00e9s gr\u00e2ce \u00e0 ce cache de charni\u00e8re d&rsquo;origine. Id\u00e9al pour remplacer un cache de charni\u00e8re endommag\u00e9 ou manquant, il garantit un aspect impeccable et professionnel \u00e0 votre ordinateur portable.<\/p>\n<p>**Caract\u00e9ristiques du produit\u00a0:**<\/p>\n<p>&#8211; **Compatibilit\u00e9\u00a0:** Sp\u00e9cialement con\u00e7u pour le mod\u00e8le Dell Precision 5530.<\/p>\n<p>&#8211; **Fonctionnalit\u00e9\u00a0:** Remplace un cache de charni\u00e8re us\u00e9 ou manquant, restaurant l&rsquo;aspect d&rsquo;origine de l&rsquo;ordinateur portable.<\/p>\n<p>&#8211; **Qualit\u00e9\u00a0:** Pi\u00e8ce de rechange d&rsquo;origine pour une utilisation durable.<\/p>\n<p>&#8211; **\u00c9tat\u00a0:** Les photos du produit refl\u00e8tent le cache de charni\u00e8re que vous recevrez, illustrant son \u00e9tat actuel.<\/p>\n<p>**Pourquoi choisir ce cache de charni\u00e8re\u00a0?**<\/p>\n<p>&#8211; **Am\u00e9liore l&rsquo;esth\u00e9tique\u00a0:** Id\u00e9al pour restaurer l&rsquo;aspect professionnel de votre Dell Precision 5530.<\/p>\n<p>&#8211; **Installation facile\u00a0:** Remplacement direct sans aucune modification. Livraison internationale\u00a0:** Disponible \u00e0 l&rsquo;achat et \u00e0 la livraison en Europe et dans le monde entier.<\/p>\n<p>Si vous avez besoin d&rsquo;aide pour l&rsquo;installation ou si vous avez des questions, n&rsquo;h\u00e9sitez pas \u00e0 nous contacter.<\/p>\n<p>Important\u00a0:** Les photos de cette annonce montrent le cache-charni\u00e8re exact que vous recevrez. Chaque pi\u00e8ce est soigneusement inspect\u00e9e afin de garantir sa conformit\u00e9 aux normes de qualit\u00e9.<\/p>\n","protected":false},"excerpt":{"rendered":"<p>Cache charni\u00e8re pour Dell Precision 5530 \u2013 Pi\u00e8ce de rechange d&rsquo;origine. Remplacez votre cache charni\u00e8re cass\u00e9 ou us\u00e9 et redonnez \u00e0 votre Dell Precision 5530 son aspect professionnel.<\/p>\n","protected":false},"featured_media":15947,"template":"","meta":[],"product_brand":[],"product_cat":[52],"product_tag":[53],"class_list":{"0":"post-15871","1":"product","2":"type-product","3":"status-publish","4":"has-post-thumbnail","6":"product_cat-laptop-housing","7":"product_tag-dell","9":"first","10":"instock","11":"taxable","12":"shipping-taxable","13":"purchasable","14":"product-type-simple"},"_links":{"self":[{"href":"https:\/\/boreait.com\/fr\/wp-json\/wp\/v2\/product\/15871","targetHints":{"allow":["GET"]}}],"collection":[{"href":"https:\/\/boreait.com\/fr\/wp-json\/wp\/v2\/product"}],"about":[{"href":"https:\/\/boreait.com\/fr\/wp-json\/wp\/v2\/types\/product"}],"wp:featuredmedia":[{"embeddable":true,"href":"https:\/\/boreait.com\/fr\/wp-json\/wp\/v2\/media\/15947"}],"wp:attachment":[{"href":"https:\/\/boreait.com\/fr\/wp-json\/wp\/v2\/media?parent=15871"}],"wp:term":[{"taxonomy":"product_brand","embeddable":true,"href":"https:\/\/boreait.com\/fr\/wp-json\/wp\/v2\/product_brand?post=15871"},{"taxonomy":"product_cat","embeddable":true,"href":"https:\/\/boreait.com\/fr\/wp-json\/wp\/v2\/product_cat?post=15871"},{"taxonomy":"product_tag","embeddable":true,"href":"https:\/\/boreait.com\/fr\/wp-json\/wp\/v2\/product_tag?post=15871"}],"curies":[{"name":"wp","href":"https:\/\/api.w.org\/{rel}","templated":true}]}}