{"id":15860,"date":"2025-09-16T16:09:40","date_gmt":"2025-09-16T14:09:40","guid":{"rendered":"https:\/\/boreait.com\/fr\/?post_type=product&#038;p=15860"},"modified":"2025-09-16T16:13:12","modified_gmt":"2025-09-16T14:13:12","slug":"ensemble-de-haut-parleurs-gauche-et-droit-pour-apple-macbook-pro-141-pouces-pieces-de-rechange-dorigine","status":"publish","type":"product","link":"https:\/\/boreait.com\/fr\/produit\/ensemble-de-haut-parleurs-gauche-et-droit-pour-apple-macbook-pro-141-pouces-pieces-de-rechange-dorigine\/","title":{"rendered":"Ensemble de haut-parleurs gauche et droit pour Apple MacBook Pro 14,1 pouces &#8211; Pi\u00e8ces de rechange d&rsquo;origine"},"content":{"rendered":"<p>Ensemble de haut-parleurs pour Apple MacBook Pro 14,1&Prime; (gauche et droite)<\/p>\n<p>Remplacez les haut-parleurs endommag\u00e9s ou d\u00e9fectueux de votre MacBook Pro 14,1&Prime; par cet ensemble de haut-parleurs d&rsquo;origine, con\u00e7u pour retrouver un son clair et net. Cet ensemble comprend les haut-parleurs gauche et droit, ce qui en fait une solution de remplacement id\u00e9ale en cas de probl\u00e8me audio. <\/p>\n<p>**Caract\u00e9ristiques du produit\u00a0:**<\/p>\n<p>&#8211; **Compatibilit\u00e9\u00a0:** Sp\u00e9cialement con\u00e7u pour l&rsquo;Apple MacBook Pro 14,1&Prime;.<\/p>\n<p>&#8211; **Fonctionnalit\u00e9\u00a0:** Remplace les haut-parleurs us\u00e9s ou endommag\u00e9s, r\u00e9tablissant ainsi des performances audio optimales.<\/p>\n<p>&#8211; **Qualit\u00e9\u00a0:** Pi\u00e8ces de rechange d&rsquo;origine pour garantir fiabilit\u00e9 et clart\u00e9 du son.<\/p>\n<p>&#8211; **\u00c9tat\u00a0:** Photos r\u00e9elles fournies pour vous permettre de visualiser l&rsquo;\u00e9tat actuel des pi\u00e8ces que vous recevrez.<\/p>\n<p>**Pourquoi choisir ce kit de haut-parleurs\u00a0?**<\/p>\n<p>&#8211; **Restauration audio\u00a0:** Id\u00e9al pour r\u00e9soudre les probl\u00e8mes de haut-parleurs et profiter \u00e0 nouveau d&rsquo;un son de haute qualit\u00e9.<\/p>\n<p>&#8211; **Remplacement direct\u00a0:** S&rsquo;adapte parfaitement sans modifications ni ajustements.<\/p>\n<p>&#8211; **Livraison internationale\u00a0:** Disponible pour la livraison dans le monde entier, en particulier en Europe.<\/p>\n<p>Veuillez noter que les instructions d&rsquo;installation ne sont pas fournies. Si vous avez besoin d&rsquo;aide pour l&rsquo;installation, n&rsquo;h\u00e9sitez pas \u00e0 nous contacter.<\/p>\n<p>**Important\u00a0:** Les photos de cette annonce montrent le kit de haut-parleurs exact que vous recevrez. Chaque pi\u00e8ce a \u00e9t\u00e9 inspect\u00e9 pour la qualit\u00e9 afin de garantir la satisfaction du client.<\/p>\n","protected":false},"excerpt":{"rendered":"<p>Ensemble de haut-parleurs pour Apple MacBook Pro 14,1&Prime; (gauche et droite) \u2013 Pi\u00e8ces de rechange d&rsquo;origine. Retrouvez un son clair et net sur votre MacBook Pro gr\u00e2ce \u00e0 cet ensemble de haut-parleurs de haute qualit\u00e9.<\/p>\n","protected":false},"featured_media":15936,"template":"","meta":[],"product_brand":[],"product_cat":[54],"product_tag":[87],"class_list":{"0":"post-15860","1":"product","2":"type-product","3":"status-publish","4":"has-post-thumbnail","6":"product_cat-laptop-speakers","7":"product_tag-apple","9":"first","10":"instock","11":"taxable","12":"shipping-taxable","13":"purchasable","14":"product-type-simple"},"_links":{"self":[{"href":"https:\/\/boreait.com\/fr\/wp-json\/wp\/v2\/product\/15860","targetHints":{"allow":["GET"]}}],"collection":[{"href":"https:\/\/boreait.com\/fr\/wp-json\/wp\/v2\/product"}],"about":[{"href":"https:\/\/boreait.com\/fr\/wp-json\/wp\/v2\/types\/product"}],"wp:featuredmedia":[{"embeddable":true,"href":"https:\/\/boreait.com\/fr\/wp-json\/wp\/v2\/media\/15936"}],"wp:attachment":[{"href":"https:\/\/boreait.com\/fr\/wp-json\/wp\/v2\/media?parent=15860"}],"wp:term":[{"taxonomy":"product_brand","embeddable":true,"href":"https:\/\/boreait.com\/fr\/wp-json\/wp\/v2\/product_brand?post=15860"},{"taxonomy":"product_cat","embeddable":true,"href":"https:\/\/boreait.com\/fr\/wp-json\/wp\/v2\/product_cat?post=15860"},{"taxonomy":"product_tag","embeddable":true,"href":"https:\/\/boreait.com\/fr\/wp-json\/wp\/v2\/product_tag?post=15860"}],"curies":[{"name":"wp","href":"https:\/\/api.w.org\/{rel}","templated":true}]}}