{"id":15821,"date":"2025-09-16T16:07:47","date_gmt":"2025-09-16T14:07:47","guid":{"rendered":"https:\/\/boreait.com\/fr\/?post_type=product&#038;p=15821"},"modified":"2025-09-16T16:11:54","modified_gmt":"2025-09-16T14:11:54","slug":"remplacement-des-touches-du-clavier-asus-non-retroeclairees-0knb0-5600us00-0kn1-291us12","status":"publish","type":"product","link":"https:\/\/boreait.com\/fr\/produit\/remplacement-des-touches-du-clavier-asus-non-retroeclairees-0knb0-5600us00-0kn1-291us12\/","title":{"rendered":"Remplacement des touches du clavier ASUS (non r\u00e9tro\u00e9clair\u00e9es) (0KNB0-5600US00, 0KN1-291US12)"},"content":{"rendered":"<p>Remarque \u00e0 l&rsquo;attention de l&rsquo;acheteur\u00a0: Cette offre concerne une seule touche de clavier. La charni\u00e8re et la came sont incluses. Toutes les touches disponibles sont pr\u00e9sent\u00e9es sur l&rsquo;image de l&rsquo;offre. La touche sera envoy\u00e9e par courrier postal. Apr\u00e8s avoir pass\u00e9 commande, veuillez nous indiquer la ou les touches n\u00e9cessaires.<\/p>\n<p>Cette touche de remplacement est compatible avec les mod\u00e8les d&rsquo;ordinateurs portables ASUS, notamment les mod\u00e8les <strong>0KNB0-5600US00<\/strong> et <strong>0KN1-291US12<\/strong>, portant les r\u00e9f\u00e9rences <strong>0KNB0-6114WB00<\/strong>, <strong>V143362AK2<\/strong> et <strong>0KN0-RB1WB11<\/strong>. Le clavier est <strong>non r\u00e9tro\u00e9clair\u00e9<\/strong>.<\/p>\n<p>Remplacez des touches individuelles sans avoir \u00e0 acheter un clavier complet pour votre ordinateur portable ASUS.<\/p>\n","protected":false},"excerpt":{"rendered":"<p><strong>Ceci est une annonce pour une seule touche de clavier.<\/strong> La charni\u00e8re et la came de touche sont incluses. Toutes les touches disponibles sont pr\u00e9sent\u00e9es sur l&rsquo;image de l&rsquo;annonce. Apr\u00e8s avoir pass\u00e9 commande, veuillez nous envoyer un message avec la ou les touches dont vous avez besoin. La cl\u00e9 vous sera envoy\u00e9e par courrier postal sous enveloppe.<\/p>\n","protected":false},"featured_media":15905,"template":"","meta":[],"product_brand":[],"product_cat":[60],"product_tag":[66],"class_list":{"0":"post-15821","1":"product","2":"type-product","3":"status-publish","4":"has-post-thumbnail","6":"product_cat-individual-keyboard-keys","7":"product_tag-asus","9":"first","10":"instock","11":"taxable","12":"shipping-taxable","13":"purchasable","14":"product-type-simple"},"_links":{"self":[{"href":"https:\/\/boreait.com\/fr\/wp-json\/wp\/v2\/product\/15821","targetHints":{"allow":["GET"]}}],"collection":[{"href":"https:\/\/boreait.com\/fr\/wp-json\/wp\/v2\/product"}],"about":[{"href":"https:\/\/boreait.com\/fr\/wp-json\/wp\/v2\/types\/product"}],"wp:featuredmedia":[{"embeddable":true,"href":"https:\/\/boreait.com\/fr\/wp-json\/wp\/v2\/media\/15905"}],"wp:attachment":[{"href":"https:\/\/boreait.com\/fr\/wp-json\/wp\/v2\/media?parent=15821"}],"wp:term":[{"taxonomy":"product_brand","embeddable":true,"href":"https:\/\/boreait.com\/fr\/wp-json\/wp\/v2\/product_brand?post=15821"},{"taxonomy":"product_cat","embeddable":true,"href":"https:\/\/boreait.com\/fr\/wp-json\/wp\/v2\/product_cat?post=15821"},{"taxonomy":"product_tag","embeddable":true,"href":"https:\/\/boreait.com\/fr\/wp-json\/wp\/v2\/product_tag?post=15821"}],"curies":[{"name":"wp","href":"https:\/\/api.w.org\/{rel}","templated":true}]}}