{"id":15773,"date":"2025-09-16T16:04:29","date_gmt":"2025-09-16T14:04:29","guid":{"rendered":"https:\/\/boreait.com\/fr\/?post_type=product&#038;p=15773"},"modified":"2025-09-16T16:10:04","modified_gmt":"2025-09-16T14:10:04","slug":"remplacement-des-touches-du-clavier-de-lacer-aspire-es17-non-retroeclaire-v121702ak4","status":"publish","type":"product","link":"https:\/\/boreait.com\/fr\/produit\/remplacement-des-touches-du-clavier-de-lacer-aspire-es17-non-retroeclaire-v121702ak4\/","title":{"rendered":"Remplacement des touches du clavier de l&rsquo;Acer Aspire ES17 (non r\u00e9tro\u00e9clair\u00e9) (V121702AK4)"},"content":{"rendered":"<p>Remarque \u00e0 l&rsquo;attention de l&rsquo;acheteur\u00a0: Cette offre concerne une seule touche de clavier. La charni\u00e8re et la came sont incluses. Toutes les touches disponibles sont pr\u00e9sent\u00e9es sur l&rsquo;image de l&rsquo;offre. La touche sera envoy\u00e9e sous enveloppe par courrier postal. Apr\u00e8s avoir pass\u00e9 commande, veuillez nous indiquer la ou les touches n\u00e9cessaires.<\/p>\n<p>Cette touche de remplacement est compatible avec l&rsquo;Acer Aspire ES17 Series et prend en charge les r\u00e9f\u00e9rences <strong>V121702AK4<\/strong> et <strong>PK130N42A24<\/strong>. Ce clavier est <strong>non r\u00e9tro\u00e9clair\u00e9<\/strong> et offre une solution simple et efficace pour le remplacement des touches.<\/p>\n<p>Id\u00e9al pour remplacer des touches individuelles sur votre clavier Acer Aspire ES17 Series sans avoir \u00e0 remplacer le clavier complet.<\/p>\n","protected":false},"excerpt":{"rendered":"<p><strong>Ceci est une annonce pour une seule touche de clavier.<\/strong> La charni\u00e8re et la came de touche sont incluses. Toutes les touches disponibles sont pr\u00e9sent\u00e9es sur l&rsquo;image de l&rsquo;annonce. Apr\u00e8s avoir pass\u00e9 commande, veuillez nous envoyer un message avec la ou les touches dont vous avez besoin. La cl\u00e9 vous sera envoy\u00e9e par courrier postal sous enveloppe.<\/p>\n","protected":false},"featured_media":15867,"template":"","meta":[],"product_brand":[],"product_cat":[60],"product_tag":[65],"class_list":{"0":"post-15773","1":"product","2":"type-product","3":"status-publish","4":"has-post-thumbnail","6":"product_cat-individual-keyboard-keys","7":"product_tag-acer","9":"first","10":"instock","11":"taxable","12":"shipping-taxable","13":"purchasable","14":"product-type-simple"},"_links":{"self":[{"href":"https:\/\/boreait.com\/fr\/wp-json\/wp\/v2\/product\/15773","targetHints":{"allow":["GET"]}}],"collection":[{"href":"https:\/\/boreait.com\/fr\/wp-json\/wp\/v2\/product"}],"about":[{"href":"https:\/\/boreait.com\/fr\/wp-json\/wp\/v2\/types\/product"}],"wp:featuredmedia":[{"embeddable":true,"href":"https:\/\/boreait.com\/fr\/wp-json\/wp\/v2\/media\/15867"}],"wp:attachment":[{"href":"https:\/\/boreait.com\/fr\/wp-json\/wp\/v2\/media?parent=15773"}],"wp:term":[{"taxonomy":"product_brand","embeddable":true,"href":"https:\/\/boreait.com\/fr\/wp-json\/wp\/v2\/product_brand?post=15773"},{"taxonomy":"product_cat","embeddable":true,"href":"https:\/\/boreait.com\/fr\/wp-json\/wp\/v2\/product_cat?post=15773"},{"taxonomy":"product_tag","embeddable":true,"href":"https:\/\/boreait.com\/fr\/wp-json\/wp\/v2\/product_tag?post=15773"}],"curies":[{"name":"wp","href":"https:\/\/api.w.org\/{rel}","templated":true}]}}