{"id":15758,"date":"2025-09-16T16:03:30","date_gmt":"2025-09-16T14:03:30","guid":{"rendered":"https:\/\/boreait.com\/fr\/?post_type=product&#038;p=15758"},"modified":"2026-02-06T14:27:27","modified_gmt":"2026-02-06T13:27:27","slug":"cadre-lcd-pour-lenovo-thinkpad-l540-04y2455-04x4857-piece-de-rechange-dorigine","status":"publish","type":"product","link":"https:\/\/boreait.com\/fr\/produit\/cadre-lcd-pour-lenovo-thinkpad-l540-04y2455-04x4857-piece-de-rechange-dorigine\/","title":{"rendered":"Cadre LCD pour Lenovo ThinkPad L540 04Y2455 04X4857 &#8211; Pi\u00e8ce de rechange d&rsquo;origine"},"content":{"rendered":"<p>Cadre LCD pour Lenovo ThinkPad L540 (04Y2455 04X4857)<\/p>\n<p>Remplacez le cadre endommag\u00e9 ou fissur\u00e9 de votre Lenovo ThinkPad L540 par ce cadre d&rsquo;origine, garantissant un ajustement parfait et s\u00e9curis\u00e9 de l&rsquo;\u00e9cran de votre ordinateur portable. Ce cadre est sp\u00e9cialement con\u00e7u pour le Lenovo ThinkPad L540, avec les r\u00e9f\u00e9rences 04Y2455 et 04X4857.<\/p>\n<p>**Caract\u00e9ristiques du produit\u00a0:**<\/p>\n<p>&#8211; **Compatibilit\u00e9\u00a0:** Compatible avec les mod\u00e8les Lenovo ThinkPad L540.<\/p>\n<p>&#8211; **R\u00e9f\u00e9rences\u00a0:** 04Y2455, 04X4857.<\/p>\n<p>&#8211; **Fonctionnalit\u00e9\u00a0:** Remplace les cadres cass\u00e9s ou endommag\u00e9s, prot\u00e9geant ainsi l&rsquo;\u00e9cran de votre ordinateur portable et pr\u00e9servant l&rsquo;esth\u00e9tique g\u00e9n\u00e9rale de votre ThinkPad.<\/p>\n<p>&#8211; **\u00c9tat\u00a0:** Des photos r\u00e9elles sont fournies pour vous permettre de visualiser l&rsquo;article exact que vous recevrez. <\/p>\n<p>**Pourquoi choisir ce cadre LCD\u00a0?**<\/p>\n<p>&#8211; **Ajustement parfait\u00a0:** Sp\u00e9cialement con\u00e7u pour le Lenovo ThinkPad L540, ce cadre assure un look impeccable.<\/p>\n<p>&#8211; **Remplacement direct\u00a0:** Aucune modification n\u00e9cessaire\u00a0: il suffit de l&rsquo;installer pour restaurer l&rsquo;apparence de votre ordinateur portable.<\/p>\n<p>&#8211; **Livraison internationale\u00a0:** Disponible pour la livraison en Europe et \u00e0 l&rsquo;international.<\/p>\n<p>Veuillez noter que les instructions d&rsquo;installation ne sont pas incluses. Si vous avez besoin d&rsquo;aide pour l&rsquo;installation, n&rsquo;h\u00e9sitez pas \u00e0 nous contacter.<\/p>\n<p>**Important\u00a0:** Les photos de l&rsquo;annonce refl\u00e8tent la pi\u00e8ce que vous recevrez. Chaque cadre est inspect\u00e9 pour garantir sa qualit\u00e9, garantissant ainsi qu&rsquo;il r\u00e9pond \u00e0 vos attentes.<\/p>\n","protected":false},"excerpt":{"rendered":"<p>Cadre LCD pour Lenovo ThinkPad L540 (04Y2455 04X4857) \u2013 Pi\u00e8ce de rechange d&rsquo;origine pour les cadres endommag\u00e9s ou fissur\u00e9s. Assurez un ajustement parfait \u00e0 l&rsquo;\u00e9cran de votre Lenovo ThinkPad L540.<\/p>\n","protected":false},"featured_media":15863,"template":"","meta":[],"product_brand":[],"product_cat":[52],"product_tag":[62],"class_list":{"0":"post-15758","1":"product","2":"type-product","3":"status-publish","4":"has-post-thumbnail","6":"product_cat-laptop-housing","7":"product_tag-lenovo","9":"first","10":"instock","11":"taxable","12":"shipping-taxable","13":"purchasable","14":"product-type-simple"},"_links":{"self":[{"href":"https:\/\/boreait.com\/fr\/wp-json\/wp\/v2\/product\/15758","targetHints":{"allow":["GET"]}}],"collection":[{"href":"https:\/\/boreait.com\/fr\/wp-json\/wp\/v2\/product"}],"about":[{"href":"https:\/\/boreait.com\/fr\/wp-json\/wp\/v2\/types\/product"}],"wp:featuredmedia":[{"embeddable":true,"href":"https:\/\/boreait.com\/fr\/wp-json\/wp\/v2\/media\/15863"}],"wp:attachment":[{"href":"https:\/\/boreait.com\/fr\/wp-json\/wp\/v2\/media?parent=15758"}],"wp:term":[{"taxonomy":"product_brand","embeddable":true,"href":"https:\/\/boreait.com\/fr\/wp-json\/wp\/v2\/product_brand?post=15758"},{"taxonomy":"product_cat","embeddable":true,"href":"https:\/\/boreait.com\/fr\/wp-json\/wp\/v2\/product_cat?post=15758"},{"taxonomy":"product_tag","embeddable":true,"href":"https:\/\/boreait.com\/fr\/wp-json\/wp\/v2\/product_tag?post=15758"}],"curies":[{"name":"wp","href":"https:\/\/api.w.org\/{rel}","templated":true}]}}