{"id":15750,"date":"2025-09-16T16:02:58","date_gmt":"2025-09-16T14:02:58","guid":{"rendered":"https:\/\/boreait.com\/fr\/?post_type=product&#038;p=15750"},"modified":"2025-09-16T16:09:29","modified_gmt":"2025-09-16T14:09:29","slug":"lecteur-dvd-optique-sata-dell-latitude-e5530-uj8e1-0v6n3j-pieces-dorigine","status":"publish","type":"product","link":"https:\/\/boreait.com\/fr\/produit\/lecteur-dvd-optique-sata-dell-latitude-e5530-uj8e1-0v6n3j-pieces-dorigine\/","title":{"rendered":"Lecteur DVD optique SATA Dell Latitude E5530 UJ8E1 0V6N3J \u2013 Pi\u00e8ces d&rsquo;origine"},"content":{"rendered":"<p>Lecteur optique DVD Dell Latitude E5530 (UJ8E1 0V6N3J) \u2013 SATA<\/p>\n<p>Restaurez toutes les fonctionnalit\u00e9s de votre Dell Latitude E5530 gr\u00e2ce \u00e0 ce lecteur optique DVD d&rsquo;origine (mod\u00e8le UJ8E1, r\u00e9f\u00e9rence 0V6N3J). Con\u00e7u pour une compatibilit\u00e9 optimale avec votre ordinateur portable, ce lecteur DVD SATA est id\u00e9al pour la lecture et la gravure de DVD. Il constitue donc un remplacement indispensable pour votre lecteur optique d\u00e9fectueux ou manquant.<\/p>\n<p>**Caract\u00e9ristiques du produit\u00a0:**<\/p>\n<p>&#8211; **Compatibilit\u00e9\u00a0:** Mod\u00e8le d&rsquo;ordinateur portable Dell Latitude E5530.<\/p>\n<p>&#8211; **R\u00e9f\u00e9rences\u00a0:** UJ8E1, 0V6N3J.<\/p>\n<p>&#8211; **Type de lecteur\u00a0:** Lecteur optique DVD SATA pour la lecture et la gravure de DVD.<\/p>\n<p>&#8211; **Pi\u00e8ces d&rsquo;origine\u00a0:** Pi\u00e8ce de rechange Dell authentique pour des performances optimales.<\/p>\n<p>**Pourquoi choisir ce lecteur DVD\u00a0?**<\/p>\n<p>&#8211; **Performances fiables\u00a0:** Un remplacement direct pour les lecteurs d\u00e9fectueux ou manquants. Installation facile\u00a0:** Compatibilit\u00e9 plug-and-play pour une installation facile sur votre Dell Latitude E5530.<br \/>\nLivraison internationale\u00a0:** Disponible pour les achats dans le monde entier, en particulier en Europe.<\/p>\n<p>Veuillez noter que les instructions d&rsquo;installation ne sont pas incluses. N&rsquo;h\u00e9sitez pas \u00e0 nous contacter si vous avez besoin d&rsquo;aide pour l&rsquo;installation ou si vous avez des questions sur ce produit.<\/p>\n<p>Important\u00a0:** Les photos de cette annonce repr\u00e9sentent le produit que vous recevrez, garantissant ainsi son \u00e9tat.<\/p>\n","protected":false},"excerpt":{"rendered":"<p>Lecteur optique DVD Dell Latitude E5530 (UJ8E1 0V6N3J) \u2013 Lecteur optique de remplacement d&rsquo;origine. Id\u00e9al pour remplacer un lecteur d\u00e9fectueux ou manquant, il garantit une lecture et une gravure fluides des DVD.<\/p>\n","protected":false},"featured_media":15854,"template":"","meta":[],"product_brand":[],"product_cat":[63],"product_tag":[53],"class_list":{"0":"post-15750","1":"product","2":"type-product","3":"status-publish","4":"has-post-thumbnail","6":"product_cat-motherboards-board-parts","7":"product_tag-dell","9":"first","10":"instock","11":"taxable","12":"shipping-taxable","13":"purchasable","14":"product-type-simple"},"_links":{"self":[{"href":"https:\/\/boreait.com\/fr\/wp-json\/wp\/v2\/product\/15750","targetHints":{"allow":["GET"]}}],"collection":[{"href":"https:\/\/boreait.com\/fr\/wp-json\/wp\/v2\/product"}],"about":[{"href":"https:\/\/boreait.com\/fr\/wp-json\/wp\/v2\/types\/product"}],"wp:featuredmedia":[{"embeddable":true,"href":"https:\/\/boreait.com\/fr\/wp-json\/wp\/v2\/media\/15854"}],"wp:attachment":[{"href":"https:\/\/boreait.com\/fr\/wp-json\/wp\/v2\/media?parent=15750"}],"wp:term":[{"taxonomy":"product_brand","embeddable":true,"href":"https:\/\/boreait.com\/fr\/wp-json\/wp\/v2\/product_brand?post=15750"},{"taxonomy":"product_cat","embeddable":true,"href":"https:\/\/boreait.com\/fr\/wp-json\/wp\/v2\/product_cat?post=15750"},{"taxonomy":"product_tag","embeddable":true,"href":"https:\/\/boreait.com\/fr\/wp-json\/wp\/v2\/product_tag?post=15750"}],"curies":[{"name":"wp","href":"https:\/\/api.w.org\/{rel}","templated":true}]}}