{"id":15737,"date":"2025-09-16T16:02:23","date_gmt":"2025-09-16T14:02:23","guid":{"rendered":"https:\/\/boreait.com\/fr\/?post_type=product&#038;p=15737"},"modified":"2025-09-16T16:08:50","modified_gmt":"2025-09-16T14:08:50","slug":"touche-de-remplacement-pour-hp-compaq-pavilion-15-p245sa-noire-non-retroeclairee","status":"publish","type":"product","link":"https:\/\/boreait.com\/fr\/produit\/touche-de-remplacement-pour-hp-compaq-pavilion-15-p245sa-noire-non-retroeclairee\/","title":{"rendered":"Touche de remplacement pour HP Compaq Pavilion 15-P245SA &#8211; Noire, non r\u00e9tro\u00e9clair\u00e9e"},"content":{"rendered":"<p>Remarque \u00e0 l&rsquo;attention de l&rsquo;acheteur\u00a0: Cette offre concerne une seule touche de clavier. La charni\u00e8re et la came sont incluses. Toutes les touches disponibles sont pr\u00e9sent\u00e9es sur l&rsquo;image de l&rsquo;offre. La cl\u00e9 sera envoy\u00e9e sous enveloppe par courrier postal. Apr\u00e8s avoir pass\u00e9 commande, veuillez nous indiquer la ou les touches n\u00e9cessaires.<\/p>\n<p>Cette cl\u00e9 de remplacement est compatible avec le mod\u00e8le <strong>HP Compaq Pavilion 15-P245SA<\/strong> et prend en charge les r\u00e9f\u00e9rences <strong>15P245SA<\/strong>, <strong>5057143223358<\/strong>, <strong>5057143213847<\/strong>, <strong>5053019922974<\/strong>, <strong>5054276401585<\/strong> et <strong>10024482503<\/strong>. Ce clavier est <strong>non r\u00e9tro\u00e9clair\u00e9<\/strong> et pr\u00e9sente une disposition noire.<\/p>\n<p>Une solution pratique et \u00e9conomique pour remplacer les touches individuelles de votre clavier HP Compaq Pavilion 15-P245SA.<\/p>\n","protected":false},"excerpt":{"rendered":"<p><strong>Ceci est une annonce pour une seule touche de clavier.<\/strong> La charni\u00e8re et la came de touche sont incluses. Toutes les touches disponibles sont pr\u00e9sent\u00e9es sur l&rsquo;image de l&rsquo;annonce. Apr\u00e8s avoir pass\u00e9 commande, veuillez nous envoyer un message avec la ou les touches dont vous avez besoin. La cl\u00e9 vous sera envoy\u00e9e par courrier postal sous enveloppe.<\/p>\n","protected":false},"featured_media":15839,"template":"","meta":[],"product_brand":[],"product_cat":[60],"product_tag":[61],"class_list":{"0":"post-15737","1":"product","2":"type-product","3":"status-publish","4":"has-post-thumbnail","6":"product_cat-individual-keyboard-keys","7":"product_tag-hp","9":"first","10":"instock","11":"taxable","12":"shipping-taxable","13":"purchasable","14":"product-type-simple"},"_links":{"self":[{"href":"https:\/\/boreait.com\/fr\/wp-json\/wp\/v2\/product\/15737","targetHints":{"allow":["GET"]}}],"collection":[{"href":"https:\/\/boreait.com\/fr\/wp-json\/wp\/v2\/product"}],"about":[{"href":"https:\/\/boreait.com\/fr\/wp-json\/wp\/v2\/types\/product"}],"wp:featuredmedia":[{"embeddable":true,"href":"https:\/\/boreait.com\/fr\/wp-json\/wp\/v2\/media\/15839"}],"wp:attachment":[{"href":"https:\/\/boreait.com\/fr\/wp-json\/wp\/v2\/media?parent=15737"}],"wp:term":[{"taxonomy":"product_brand","embeddable":true,"href":"https:\/\/boreait.com\/fr\/wp-json\/wp\/v2\/product_brand?post=15737"},{"taxonomy":"product_cat","embeddable":true,"href":"https:\/\/boreait.com\/fr\/wp-json\/wp\/v2\/product_cat?post=15737"},{"taxonomy":"product_tag","embeddable":true,"href":"https:\/\/boreait.com\/fr\/wp-json\/wp\/v2\/product_tag?post=15737"}],"curies":[{"name":"wp","href":"https:\/\/api.w.org\/{rel}","templated":true}]}}