{"id":15736,"date":"2025-09-16T16:02:23","date_gmt":"2025-09-16T14:02:23","guid":{"rendered":"https:\/\/boreait.com\/fr\/?post_type=product&#038;p=15736"},"modified":"2025-09-16T16:08:35","modified_gmt":"2025-09-16T14:08:35","slug":"touches-de-remplacement-pour-clavier-lenovo-thinkpad-t440s-authentiques-04y0891-0c02282","status":"publish","type":"product","link":"https:\/\/boreait.com\/fr\/produit\/touches-de-remplacement-pour-clavier-lenovo-thinkpad-t440s-authentiques-04y0891-0c02282\/","title":{"rendered":"Touches de remplacement pour clavier Lenovo ThinkPad T440s &#8211; Authentiques (04Y0891, 0C02282)"},"content":{"rendered":"<p>Remarque \u00e0 l&rsquo;attention de l&rsquo;acheteur\u00a0: Cette annonce concerne une seule touche de clavier. La charni\u00e8re et la came sont incluses. Toutes les touches disponibles sont pr\u00e9sent\u00e9es sur l&rsquo;image de l&rsquo;annonce. La cl\u00e9 sera envoy\u00e9e sous enveloppe par courrier postal. Apr\u00e8s avoir pass\u00e9 commande, veuillez nous indiquer la ou les touches n\u00e9cessaires.<\/p>\n<p>Cette cl\u00e9 de remplacement d&rsquo;origine est compatible avec le mod\u00e8le <strong>Lenovo ThinkPad T440s<\/strong> et prend en charge les r\u00e9f\u00e9rences <strong>04Y0891<\/strong>, <strong>0C02282<\/strong>, <strong>5056570012511<\/strong> et <strong>1951467170<\/strong>. Le clavier n&rsquo;est pas r\u00e9tro\u00e9clair\u00e9, ce qui en fait une option de remplacement standard pour ce mod\u00e8le. <\/p>\n<p>Remplacez facilement et \u00e0 moindre co\u00fbt les touches individuelles de votre Lenovo ThinkPad T440s sans avoir \u00e0 acheter un clavier complet.<\/p>\n","protected":false},"excerpt":{"rendered":"<p><strong>Ceci est une annonce pour une seule touche de clavier.<\/strong> La charni\u00e8re et la came de touche sont incluses. Toutes les touches disponibles sont pr\u00e9sent\u00e9es sur l&rsquo;image de l&rsquo;annonce. Apr\u00e8s avoir pass\u00e9 commande, veuillez nous envoyer un message avec la ou les touches dont vous avez besoin. La cl\u00e9 vous sera envoy\u00e9e par courrier postal sous enveloppe.<\/p>\n","protected":false},"featured_media":15834,"template":"","meta":[],"product_brand":[],"product_cat":[60],"product_tag":[62],"class_list":{"0":"post-15736","1":"product","2":"type-product","3":"status-publish","4":"has-post-thumbnail","6":"product_cat-individual-keyboard-keys","7":"product_tag-lenovo","9":"first","10":"instock","11":"taxable","12":"shipping-taxable","13":"purchasable","14":"product-type-simple"},"_links":{"self":[{"href":"https:\/\/boreait.com\/fr\/wp-json\/wp\/v2\/product\/15736","targetHints":{"allow":["GET"]}}],"collection":[{"href":"https:\/\/boreait.com\/fr\/wp-json\/wp\/v2\/product"}],"about":[{"href":"https:\/\/boreait.com\/fr\/wp-json\/wp\/v2\/types\/product"}],"wp:featuredmedia":[{"embeddable":true,"href":"https:\/\/boreait.com\/fr\/wp-json\/wp\/v2\/media\/15834"}],"wp:attachment":[{"href":"https:\/\/boreait.com\/fr\/wp-json\/wp\/v2\/media?parent=15736"}],"wp:term":[{"taxonomy":"product_brand","embeddable":true,"href":"https:\/\/boreait.com\/fr\/wp-json\/wp\/v2\/product_brand?post=15736"},{"taxonomy":"product_cat","embeddable":true,"href":"https:\/\/boreait.com\/fr\/wp-json\/wp\/v2\/product_cat?post=15736"},{"taxonomy":"product_tag","embeddable":true,"href":"https:\/\/boreait.com\/fr\/wp-json\/wp\/v2\/product_tag?post=15736"}],"curies":[{"name":"wp","href":"https:\/\/api.w.org\/{rel}","templated":true}]}}