{"id":15735,"date":"2025-09-16T16:02:23","date_gmt":"2025-09-16T14:02:23","guid":{"rendered":"https:\/\/boreait.com\/fr\/?post_type=product&#038;p=15735"},"modified":"2025-09-16T16:08:25","modified_gmt":"2025-09-16T14:08:25","slug":"clavier-retroeclaire-de-remplacement-pour-dell-latitude-5414-authentique-03n36k","status":"publish","type":"product","link":"https:\/\/boreait.com\/fr\/produit\/clavier-retroeclaire-de-remplacement-pour-dell-latitude-5414-authentique-03n36k\/","title":{"rendered":"Clavier r\u00e9tro\u00e9clair\u00e9 de remplacement pour Dell Latitude 5414 &#8211; Authentique (03N36K)"},"content":{"rendered":"<p>Remarque \u00e0 l&rsquo;attention de l&rsquo;acheteur\u00a0: Cette offre concerne une seule touche de clavier. La charni\u00e8re et la came sont incluses. Toutes les touches disponibles sont pr\u00e9sent\u00e9es sur l&rsquo;image de l&rsquo;offre. La cl\u00e9 sera envoy\u00e9e sous enveloppe par courrier postal. Apr\u00e8s avoir pass\u00e9 commande, veuillez nous indiquer la ou les touches n\u00e9cessaires.<\/p>\n<p>Cette cl\u00e9 de remplacement d&rsquo;origine est compatible avec le mod\u00e8le Dell Latitude 5414, r\u00e9f\u00e9rence\u00a0: <strong>03N36K<\/strong>. Le clavier est dot\u00e9 d&rsquo;une disposition QWERTY r\u00e9tro\u00e9clair\u00e9e, garantissant une meilleure visibilit\u00e9 dans des conditions de faible luminosit\u00e9.<\/p>\n<p>Une solution id\u00e9ale pour remplacer une touche de votre clavier Dell Latitude 5414 sans avoir \u00e0 remplacer l&rsquo;ensemble.<\/p>\n","protected":false},"excerpt":{"rendered":"<p><strong>Ceci est une annonce pour une seule touche de clavier.<\/strong> La charni\u00e8re et la came de touche sont incluses. Toutes les touches disponibles sont pr\u00e9sent\u00e9es sur l&rsquo;image de l&rsquo;annonce. Apr\u00e8s avoir pass\u00e9 commande, veuillez nous envoyer un message avec la ou les touches dont vous avez besoin. La cl\u00e9 vous sera envoy\u00e9e par courrier postal sous enveloppe.<\/p>\n","protected":false},"featured_media":15831,"template":"","meta":[],"product_brand":[],"product_cat":[60],"product_tag":[53],"class_list":{"0":"post-15735","1":"product","2":"type-product","3":"status-publish","4":"has-post-thumbnail","6":"product_cat-individual-keyboard-keys","7":"product_tag-dell","9":"first","10":"instock","11":"taxable","12":"shipping-taxable","13":"purchasable","14":"product-type-simple"},"_links":{"self":[{"href":"https:\/\/boreait.com\/fr\/wp-json\/wp\/v2\/product\/15735","targetHints":{"allow":["GET"]}}],"collection":[{"href":"https:\/\/boreait.com\/fr\/wp-json\/wp\/v2\/product"}],"about":[{"href":"https:\/\/boreait.com\/fr\/wp-json\/wp\/v2\/types\/product"}],"wp:featuredmedia":[{"embeddable":true,"href":"https:\/\/boreait.com\/fr\/wp-json\/wp\/v2\/media\/15831"}],"wp:attachment":[{"href":"https:\/\/boreait.com\/fr\/wp-json\/wp\/v2\/media?parent=15735"}],"wp:term":[{"taxonomy":"product_brand","embeddable":true,"href":"https:\/\/boreait.com\/fr\/wp-json\/wp\/v2\/product_brand?post=15735"},{"taxonomy":"product_cat","embeddable":true,"href":"https:\/\/boreait.com\/fr\/wp-json\/wp\/v2\/product_cat?post=15735"},{"taxonomy":"product_tag","embeddable":true,"href":"https:\/\/boreait.com\/fr\/wp-json\/wp\/v2\/product_tag?post=15735"}],"curies":[{"name":"wp","href":"https:\/\/api.w.org\/{rel}","templated":true}]}}