{"id":15734,"date":"2025-09-16T16:02:23","date_gmt":"2025-09-16T14:02:23","guid":{"rendered":"https:\/\/boreait.com\/fr\/?post_type=product&#038;p=15734"},"modified":"2025-09-16T16:08:12","modified_gmt":"2025-09-16T14:08:12","slug":"clavier-de-remplacement-retroeclaire-pour-dell-latitude-e5450-e5470-e7470-e7450-07tndw","status":"publish","type":"product","link":"https:\/\/boreait.com\/fr\/produit\/clavier-de-remplacement-retroeclaire-pour-dell-latitude-e5450-e5470-e7470-e7450-07tndw\/","title":{"rendered":"Clavier de remplacement r\u00e9tro\u00e9clair\u00e9 pour Dell Latitude E5450, E5470, E7470, E7450 (07TNDW)"},"content":{"rendered":"<p>Remarque \u00e0 l&rsquo;attention de l&rsquo;acheteur\u00a0: Cette annonce concerne une seule touche de clavier. La charni\u00e8re et la came sont incluses. Toutes les touches disponibles sont pr\u00e9sent\u00e9es sur l&rsquo;image de l&rsquo;annonce. La cl\u00e9 sera envoy\u00e9e sous enveloppe par courrier postal. Apr\u00e8s avoir pass\u00e9 commande, veuillez nous indiquer la ou les touches n\u00e9cessaires.<\/p>\n<p>Cette touche est une pi\u00e8ce de rechange d&rsquo;origine pour les claviers Dell Latitude E5450, E5470, E7470 et E7450, r\u00e9f\u00e9rence\u00a0: <strong>07TNDW<\/strong>. R\u00e9tro\u00e9clair\u00e9e, elle offre une meilleure visibilit\u00e9 dans des conditions de faible luminosit\u00e9.<\/p>\n<p>Id\u00e9ale pour remplacer une touche de votre clavier Dell sans avoir \u00e0 remplacer le clavier complet.<\/p>\n","protected":false},"excerpt":{"rendered":"<p><strong>Ceci est une annonce pour une seule touche de clavier.<\/strong> La charni\u00e8re et la came de touche sont incluses. Toutes les touches disponibles sont pr\u00e9sent\u00e9es sur l&rsquo;image de l&rsquo;annonce. Apr\u00e8s avoir pass\u00e9 commande, veuillez nous envoyer un message avec la ou les touches dont vous avez besoin. La cl\u00e9 vous sera envoy\u00e9e par courrier postal sous enveloppe.<\/p>\n","protected":false},"featured_media":15826,"template":"","meta":[],"product_brand":[],"product_cat":[60],"product_tag":[53],"class_list":{"0":"post-15734","1":"product","2":"type-product","3":"status-publish","4":"has-post-thumbnail","6":"product_cat-individual-keyboard-keys","7":"product_tag-dell","9":"first","10":"instock","11":"taxable","12":"shipping-taxable","13":"purchasable","14":"product-type-simple"},"_links":{"self":[{"href":"https:\/\/boreait.com\/fr\/wp-json\/wp\/v2\/product\/15734","targetHints":{"allow":["GET"]}}],"collection":[{"href":"https:\/\/boreait.com\/fr\/wp-json\/wp\/v2\/product"}],"about":[{"href":"https:\/\/boreait.com\/fr\/wp-json\/wp\/v2\/types\/product"}],"wp:featuredmedia":[{"embeddable":true,"href":"https:\/\/boreait.com\/fr\/wp-json\/wp\/v2\/media\/15826"}],"wp:attachment":[{"href":"https:\/\/boreait.com\/fr\/wp-json\/wp\/v2\/media?parent=15734"}],"wp:term":[{"taxonomy":"product_brand","embeddable":true,"href":"https:\/\/boreait.com\/fr\/wp-json\/wp\/v2\/product_brand?post=15734"},{"taxonomy":"product_cat","embeddable":true,"href":"https:\/\/boreait.com\/fr\/wp-json\/wp\/v2\/product_cat?post=15734"},{"taxonomy":"product_tag","embeddable":true,"href":"https:\/\/boreait.com\/fr\/wp-json\/wp\/v2\/product_tag?post=15734"}],"curies":[{"name":"wp","href":"https:\/\/api.w.org\/{rel}","templated":true}]}}