{"id":15733,"date":"2025-09-16T16:02:22","date_gmt":"2025-09-16T14:02:22","guid":{"rendered":"https:\/\/boreait.com\/fr\/?post_type=product&#038;p=15733"},"modified":"2025-09-16T16:07:56","modified_gmt":"2025-09-16T14:07:56","slug":"clavier-retroeclaire-pour-lenovo-thinkpad-t430-t530-x230-04x1201-0c01980","status":"publish","type":"product","link":"https:\/\/boreait.com\/fr\/produit\/clavier-retroeclaire-pour-lenovo-thinkpad-t430-t530-x230-04x1201-0c01980\/","title":{"rendered":"Clavier r\u00e9tro\u00e9clair\u00e9 pour Lenovo ThinkPad T430\/T530\/X230 (04X1201, 0C01980)"},"content":{"rendered":"<p>Remarque \u00e0 l&rsquo;attention de l&rsquo;acheteur\u00a0: Cette offre concerne une seule touche de clavier. La charni\u00e8re et la came sont incluses. Toutes les touches disponibles sont pr\u00e9sent\u00e9es sur l&rsquo;image de l&rsquo;offre. La touche sera envoy\u00e9e sous enveloppe par courrier postal. Apr\u00e8s avoir pass\u00e9 commande, veuillez nous indiquer la ou les touches souhait\u00e9es.<\/p>\n<p>Cette touche de clavier est compatible avec les mod\u00e8les Lenovo ThinkPad T430, T430i, T430s, T530, X230, X230i, L430 et L530. Elle prend en charge les r\u00e9f\u00e9rences <strong>04X1201<\/strong>, <strong>0706954975035<\/strong>, <strong>28006803739<\/strong> et <strong>0C01980<\/strong>. La touche est r\u00e9tro\u00e9clair\u00e9e, ce qui garantit une bonne visibilit\u00e9 dans des conditions de faible luminosit\u00e9.<\/p>\n<p>Id\u00e9al pour remplacer des touches individuelles de votre clavier Lenovo ThinkPad sans avoir \u00e0 remplacer le clavier complet.<\/p>\n","protected":false},"excerpt":{"rendered":"<p><strong>Ceci est une annonce pour une seule touche de clavier.<\/strong> La charni\u00e8re et la came de touche sont incluses. Toutes les touches disponibles sont pr\u00e9sent\u00e9es sur l&rsquo;image de l&rsquo;annonce. Apr\u00e8s avoir pass\u00e9 commande, veuillez nous envoyer un message avec la ou les touches dont vous avez besoin. La cl\u00e9 vous sera envoy\u00e9e par courrier postal sous enveloppe.<\/p>\n","protected":false},"featured_media":15823,"template":"","meta":[],"product_brand":[],"product_cat":[60],"product_tag":[62],"class_list":{"0":"post-15733","1":"product","2":"type-product","3":"status-publish","4":"has-post-thumbnail","6":"product_cat-individual-keyboard-keys","7":"product_tag-lenovo","9":"first","10":"instock","11":"taxable","12":"shipping-taxable","13":"purchasable","14":"product-type-simple"},"_links":{"self":[{"href":"https:\/\/boreait.com\/fr\/wp-json\/wp\/v2\/product\/15733","targetHints":{"allow":["GET"]}}],"collection":[{"href":"https:\/\/boreait.com\/fr\/wp-json\/wp\/v2\/product"}],"about":[{"href":"https:\/\/boreait.com\/fr\/wp-json\/wp\/v2\/types\/product"}],"wp:featuredmedia":[{"embeddable":true,"href":"https:\/\/boreait.com\/fr\/wp-json\/wp\/v2\/media\/15823"}],"wp:attachment":[{"href":"https:\/\/boreait.com\/fr\/wp-json\/wp\/v2\/media?parent=15733"}],"wp:term":[{"taxonomy":"product_brand","embeddable":true,"href":"https:\/\/boreait.com\/fr\/wp-json\/wp\/v2\/product_brand?post=15733"},{"taxonomy":"product_cat","embeddable":true,"href":"https:\/\/boreait.com\/fr\/wp-json\/wp\/v2\/product_cat?post=15733"},{"taxonomy":"product_tag","embeddable":true,"href":"https:\/\/boreait.com\/fr\/wp-json\/wp\/v2\/product_tag?post=15733"}],"curies":[{"name":"wp","href":"https:\/\/api.w.org\/{rel}","templated":true}]}}