{"id":15732,"date":"2025-09-16T16:02:22","date_gmt":"2025-09-16T14:02:22","guid":{"rendered":"https:\/\/boreait.com\/fr\/?post_type=product&#038;p=15732"},"modified":"2025-09-16T16:07:44","modified_gmt":"2025-09-16T14:07:44","slug":"remplacement-des-touches-du-clavier-du-toshiba-satellite-l50w-aebliu00010-aeblip00010","status":"publish","type":"product","link":"https:\/\/boreait.com\/fr\/produit\/remplacement-des-touches-du-clavier-du-toshiba-satellite-l50w-aebliu00010-aeblip00010\/","title":{"rendered":"Remplacement des touches du clavier du Toshiba Satellite L50w (AEBLIU00010, AEBLIP00010)"},"content":{"rendered":"<p>Remarque \u00e0 l&rsquo;attention de l&rsquo;acheteur\u00a0: Cette annonce concerne une seule touche de clavier. La charni\u00e8re et la came sont incluses. Toutes les touches disponibles sont pr\u00e9sent\u00e9es sur l&rsquo;image de l&rsquo;annonce. La touche sera envoy\u00e9e sous enveloppe par courrier postal. Apr\u00e8s avoir pass\u00e9 commande, veuillez nous indiquer la ou les touches n\u00e9cessaires.<\/p>\n<p>Ce clavier est compatible avec les mod\u00e8les <strong>Toshiba Satellite L50w<\/strong>, portant les r\u00e9f\u00e9rences <strong>AEBLIU00010<\/strong>, <strong>AEBLIP00010<\/strong> et <strong>1866222595<\/strong>. Ce clavier est <strong>non r\u00e9tro\u00e9clair\u00e9<\/strong>, ce qui en fait une option de remplacement standard pour les ordinateurs portables Toshiba.<\/p>\n<p>Remplacez facilement et \u00e0 moindre co\u00fbt des touches individuelles sans avoir \u00e0 remplacer le clavier complet.<\/p>\n","protected":false},"excerpt":{"rendered":"<p><strong>Ceci est une annonce pour une seule touche de clavier.<\/strong> La charni\u00e8re et la came de touche sont incluses. Toutes les touches disponibles sont pr\u00e9sent\u00e9es sur l&rsquo;image de l&rsquo;annonce. Apr\u00e8s avoir pass\u00e9 commande, veuillez nous envoyer un message avec la ou les touches dont vous avez besoin. La cl\u00e9 vous sera envoy\u00e9e par courrier postal sous enveloppe.<\/p>\n","protected":false},"featured_media":15818,"template":"","meta":[],"product_brand":[],"product_cat":[60],"product_tag":[70],"class_list":{"0":"post-15732","1":"product","2":"type-product","3":"status-publish","4":"has-post-thumbnail","6":"product_cat-individual-keyboard-keys","7":"product_tag-toshiba","9":"first","10":"instock","11":"taxable","12":"shipping-taxable","13":"purchasable","14":"product-type-simple"},"_links":{"self":[{"href":"https:\/\/boreait.com\/fr\/wp-json\/wp\/v2\/product\/15732","targetHints":{"allow":["GET"]}}],"collection":[{"href":"https:\/\/boreait.com\/fr\/wp-json\/wp\/v2\/product"}],"about":[{"href":"https:\/\/boreait.com\/fr\/wp-json\/wp\/v2\/types\/product"}],"wp:featuredmedia":[{"embeddable":true,"href":"https:\/\/boreait.com\/fr\/wp-json\/wp\/v2\/media\/15818"}],"wp:attachment":[{"href":"https:\/\/boreait.com\/fr\/wp-json\/wp\/v2\/media?parent=15732"}],"wp:term":[{"taxonomy":"product_brand","embeddable":true,"href":"https:\/\/boreait.com\/fr\/wp-json\/wp\/v2\/product_brand?post=15732"},{"taxonomy":"product_cat","embeddable":true,"href":"https:\/\/boreait.com\/fr\/wp-json\/wp\/v2\/product_cat?post=15732"},{"taxonomy":"product_tag","embeddable":true,"href":"https:\/\/boreait.com\/fr\/wp-json\/wp\/v2\/product_tag?post=15732"}],"curies":[{"name":"wp","href":"https:\/\/api.w.org\/{rel}","templated":true}]}}