{"id":15730,"date":"2025-09-16T16:02:22","date_gmt":"2025-09-16T14:02:22","guid":{"rendered":"https:\/\/boreait.com\/fr\/?post_type=product&#038;p=15730"},"modified":"2025-09-16T16:07:18","modified_gmt":"2025-09-16T14:07:18","slug":"remplacement-des-touches-du-clavier-du-lenovo-thinkpad-l570-anglais-01ax651-sn20l79835","status":"publish","type":"product","link":"https:\/\/boreait.com\/fr\/produit\/remplacement-des-touches-du-clavier-du-lenovo-thinkpad-l570-anglais-01ax651-sn20l79835\/","title":{"rendered":"Remplacement des touches du clavier du Lenovo ThinkPad L570 &#8211; Anglais (01AX651, SN20L79835)"},"content":{"rendered":"<p>Remarque \u00e0 l&rsquo;attention de l&rsquo;acheteur\u00a0: Cette annonce concerne une seule touche de clavier. La charni\u00e8re et la came sont incluses. Toutes les touches disponibles sont pr\u00e9sent\u00e9es sur l&rsquo;image de l&rsquo;annonce. La touche sera envoy\u00e9e sous enveloppe par courrier postal. Apr\u00e8s avoir pass\u00e9 commande, veuillez nous indiquer la ou les touches n\u00e9cessaires.<\/p>\n<p>Ce clavier est compatible avec le mod\u00e8le Lenovo ThinkPad L570, r\u00e9f\u00e9rences\u00a0: <strong>01AX651<\/strong> et <strong>SN20L79835 (93C8F4H)<\/strong>. Ce clavier non r\u00e9tro\u00e9clair\u00e9 est une option de remplacement standard pour les ordinateurs portables ThinkPad L570.<\/p>\n<p>Une solution id\u00e9ale pour remplacer des touches individuelles sans avoir \u00e0 acheter un nouveau clavier.<\/p>\n","protected":false},"excerpt":{"rendered":"<p><strong>Ceci est une annonce pour une seule touche de clavier.<\/strong> La charni\u00e8re et la came de touche sont incluses. Toutes les touches disponibles sont pr\u00e9sent\u00e9es sur l&rsquo;image de l&rsquo;annonce. Apr\u00e8s avoir pass\u00e9 commande, veuillez nous envoyer un message avec la ou les touches dont vous avez besoin. La cl\u00e9 vous sera envoy\u00e9e par courrier postal sous enveloppe.<\/p>\n","protected":false},"featured_media":15810,"template":"","meta":[],"product_brand":[],"product_cat":[60],"product_tag":[62],"class_list":{"0":"post-15730","1":"product","2":"type-product","3":"status-publish","4":"has-post-thumbnail","6":"product_cat-individual-keyboard-keys","7":"product_tag-lenovo","9":"first","10":"instock","11":"taxable","12":"shipping-taxable","13":"purchasable","14":"product-type-simple"},"_links":{"self":[{"href":"https:\/\/boreait.com\/fr\/wp-json\/wp\/v2\/product\/15730","targetHints":{"allow":["GET"]}}],"collection":[{"href":"https:\/\/boreait.com\/fr\/wp-json\/wp\/v2\/product"}],"about":[{"href":"https:\/\/boreait.com\/fr\/wp-json\/wp\/v2\/types\/product"}],"wp:featuredmedia":[{"embeddable":true,"href":"https:\/\/boreait.com\/fr\/wp-json\/wp\/v2\/media\/15810"}],"wp:attachment":[{"href":"https:\/\/boreait.com\/fr\/wp-json\/wp\/v2\/media?parent=15730"}],"wp:term":[{"taxonomy":"product_brand","embeddable":true,"href":"https:\/\/boreait.com\/fr\/wp-json\/wp\/v2\/product_brand?post=15730"},{"taxonomy":"product_cat","embeddable":true,"href":"https:\/\/boreait.com\/fr\/wp-json\/wp\/v2\/product_cat?post=15730"},{"taxonomy":"product_tag","embeddable":true,"href":"https:\/\/boreait.com\/fr\/wp-json\/wp\/v2\/product_tag?post=15730"}],"curies":[{"name":"wp","href":"https:\/\/api.w.org\/{rel}","templated":true}]}}