{"id":15728,"date":"2025-09-16T16:02:21","date_gmt":"2025-09-16T14:02:21","guid":{"rendered":"https:\/\/boreait.com\/fr\/?post_type=product&#038;p=15728"},"modified":"2025-09-16T16:06:45","modified_gmt":"2025-09-16T14:06:45","slug":"remplacement-des-touches-de-clavier-pour-hp-250-g3-255-g3-256-g3-15-r-15t-r100-compaq-15-h000-15-s000-pk1314d2a00-pk1314d2a22","status":"publish","type":"product","link":"https:\/\/boreait.com\/fr\/produit\/remplacement-des-touches-de-clavier-pour-hp-250-g3-255-g3-256-g3-15-r-15t-r100-compaq-15-h000-15-s000-pk1314d2a00-pk1314d2a22\/","title":{"rendered":"Remplacement des touches de clavier pour HP 250 G3, 255 G3, 256 G3, 15-r, 15t-r100, Compaq 15-h000, 15-s000 (PK1314D2A00, PK1314D2A22)"},"content":{"rendered":"<p>Remarque \u00e0 l&rsquo;attention de l&rsquo;acheteur\u00a0: Cette annonce concerne une seule touche de clavier. La charni\u00e8re et la came sont incluses. Toutes les touches disponibles sont pr\u00e9sent\u00e9es sur l&rsquo;image de l&rsquo;annonce. La touche sera envoy\u00e9e sous enveloppe par courrier postal. Apr\u00e8s avoir pass\u00e9 commande, veuillez nous indiquer la ou les touches souhait\u00e9es.<\/p>\n<p>Ce clavier est compatible avec les mod\u00e8les HP 250 G3, 255 G3, 256 G3, 15-r, 15t-r100, Compaq 15-h000 et 15-s000, portant les r\u00e9f\u00e9rences <strong>PK1314D2A00<\/strong>, <strong>749658-ba1<\/strong>, <strong>PK1314D2A22<\/strong>, <strong>0661021866183<\/strong> et <strong>25011057869<\/strong>. Le clavier n&rsquo;est pas r\u00e9tro\u00e9clair\u00e9, ce qui en fait un remplacement standard pour les ordinateurs portables HP 15-e.<\/p>\n<p>Une solution pratique et \u00e9conomique pour remplacer les touches individuelles de votre clavier HP 250 G3, 255 G3, 256 G3, 15-r, 15t-r100, Compaq 15-h000, 15-s000.<\/p>\n","protected":false},"excerpt":{"rendered":"<p><strong>Ceci est une annonce pour une seule touche de clavier.<\/strong> La charni\u00e8re et la came de touche sont incluses. Toutes les touches disponibles sont pr\u00e9sent\u00e9es sur l&rsquo;image de l&rsquo;annonce. Apr\u00e8s avoir pass\u00e9 commande, veuillez nous envoyer un message avec la ou les touches dont vous avez besoin. La cl\u00e9 vous sera envoy\u00e9e par courrier postal sous enveloppe.<\/p>\n","protected":false},"featured_media":15802,"template":"","meta":[],"product_brand":[],"product_cat":[60],"product_tag":[61],"class_list":{"0":"post-15728","1":"product","2":"type-product","3":"status-publish","4":"has-post-thumbnail","6":"product_cat-individual-keyboard-keys","7":"product_tag-hp","9":"first","10":"instock","11":"taxable","12":"shipping-taxable","13":"purchasable","14":"product-type-simple"},"_links":{"self":[{"href":"https:\/\/boreait.com\/fr\/wp-json\/wp\/v2\/product\/15728","targetHints":{"allow":["GET"]}}],"collection":[{"href":"https:\/\/boreait.com\/fr\/wp-json\/wp\/v2\/product"}],"about":[{"href":"https:\/\/boreait.com\/fr\/wp-json\/wp\/v2\/types\/product"}],"wp:featuredmedia":[{"embeddable":true,"href":"https:\/\/boreait.com\/fr\/wp-json\/wp\/v2\/media\/15802"}],"wp:attachment":[{"href":"https:\/\/boreait.com\/fr\/wp-json\/wp\/v2\/media?parent=15728"}],"wp:term":[{"taxonomy":"product_brand","embeddable":true,"href":"https:\/\/boreait.com\/fr\/wp-json\/wp\/v2\/product_brand?post=15728"},{"taxonomy":"product_cat","embeddable":true,"href":"https:\/\/boreait.com\/fr\/wp-json\/wp\/v2\/product_cat?post=15728"},{"taxonomy":"product_tag","embeddable":true,"href":"https:\/\/boreait.com\/fr\/wp-json\/wp\/v2\/product_tag?post=15728"}],"curies":[{"name":"wp","href":"https:\/\/api.w.org\/{rel}","templated":true}]}}