{"id":15723,"date":"2025-09-16T16:02:20","date_gmt":"2025-09-16T14:02:20","guid":{"rendered":"https:\/\/boreait.com\/fr\/?post_type=product&#038;p=15723"},"modified":"2025-09-16T16:05:31","modified_gmt":"2025-09-16T14:05:31","slug":"remplacement-des-touches-du-clavier-pour-hp-elitebook-840-g1-g2-745-g1-g2-750-755-850-855-g1-g2-zbook-14-736658-001","status":"publish","type":"product","link":"https:\/\/boreait.com\/fr\/produit\/remplacement-des-touches-du-clavier-pour-hp-elitebook-840-g1-g2-745-g1-g2-750-755-850-855-g1-g2-zbook-14-736658-001\/","title":{"rendered":"Remplacement des touches du clavier pour HP EliteBook 840 G1 G2 745 G1 G2 750 755 850 855 G1 G2 Zbook 14 &#8211; (736658-001)"},"content":{"rendered":"<p>Remarque \u00e0 l&rsquo;attention de l&rsquo;acheteur\u00a0: Cette annonce concerne une seule touche de clavier. La charni\u00e8re et la came sont incluses. Toutes les touches disponibles sont pr\u00e9sent\u00e9es sur l&rsquo;image de l&rsquo;annonce. La touche sera envoy\u00e9e sous enveloppe par courrier postal. Apr\u00e8s avoir pass\u00e9 commande, veuillez nous indiquer la ou les touches souhait\u00e9es.<\/p>\n<p>Ce clavier est compatible avec les ordinateurs portables <strong>HP 840 G1 G2 745 G1 G2 750 755 850 855 G1 G2 Zbook 14<\/strong> et prend en charge les r\u00e9f\u00e9rences <strong>736658-041<\/strong> et <strong>6037B0086304<\/strong>. <\/p>\n<p>Que vous remplaciez des touches individuelles ou que vous effectuiez des r\u00e9parations, il s&rsquo;agit d&rsquo;une solution \u00e9conomique pour restaurer la fonctionnalit\u00e9 du clavier de votre HP 840 G1 G2 745 G1 G2 750 755 850 855 G1 G2 Zbook 14.<\/p>\n","protected":false},"excerpt":{"rendered":"<p><strong>Ceci est une annonce pour une seule touche de clavier.<\/strong> La charni\u00e8re et la came de touche sont incluses. Toutes les touches disponibles sont pr\u00e9sent\u00e9es sur l&rsquo;image de l&rsquo;annonce. Apr\u00e8s avoir pass\u00e9 commande, veuillez nous envoyer un message avec la ou les touches dont vous avez besoin. La cl\u00e9 vous sera envoy\u00e9e par courrier postal sous enveloppe.<\/p>\n","protected":false},"featured_media":15783,"template":"","meta":[],"product_brand":[],"product_cat":[60],"product_tag":[61],"class_list":{"0":"post-15723","1":"product","2":"type-product","3":"status-publish","4":"has-post-thumbnail","6":"product_cat-individual-keyboard-keys","7":"product_tag-hp","9":"first","10":"instock","11":"taxable","12":"shipping-taxable","13":"purchasable","14":"product-type-simple"},"_links":{"self":[{"href":"https:\/\/boreait.com\/fr\/wp-json\/wp\/v2\/product\/15723","targetHints":{"allow":["GET"]}}],"collection":[{"href":"https:\/\/boreait.com\/fr\/wp-json\/wp\/v2\/product"}],"about":[{"href":"https:\/\/boreait.com\/fr\/wp-json\/wp\/v2\/types\/product"}],"wp:featuredmedia":[{"embeddable":true,"href":"https:\/\/boreait.com\/fr\/wp-json\/wp\/v2\/media\/15783"}],"wp:attachment":[{"href":"https:\/\/boreait.com\/fr\/wp-json\/wp\/v2\/media?parent=15723"}],"wp:term":[{"taxonomy":"product_brand","embeddable":true,"href":"https:\/\/boreait.com\/fr\/wp-json\/wp\/v2\/product_brand?post=15723"},{"taxonomy":"product_cat","embeddable":true,"href":"https:\/\/boreait.com\/fr\/wp-json\/wp\/v2\/product_cat?post=15723"},{"taxonomy":"product_tag","embeddable":true,"href":"https:\/\/boreait.com\/fr\/wp-json\/wp\/v2\/product_tag?post=15723"}],"curies":[{"name":"wp","href":"https:\/\/api.w.org\/{rel}","templated":true}]}}