{"id":15722,"date":"2025-09-16T16:02:19","date_gmt":"2025-09-16T14:02:19","guid":{"rendered":"https:\/\/boreait.com\/fr\/?post_type=product&#038;p=15722"},"modified":"2026-01-03T12:11:07","modified_gmt":"2026-01-03T11:11:07","slug":"remplacement-des-touches-du-clavier-pour-lenovo-thinkpad-x230-t430-t530-cs12l85","status":"publish","type":"product","link":"https:\/\/boreait.com\/fr\/produit\/remplacement-des-touches-du-clavier-pour-lenovo-thinkpad-x230-t430-t530-cs12l85\/","title":{"rendered":"Remplacement des touches du clavier pour Lenovo ThinkPad X230\/T430\/T530 (CS12L85)"},"content":{"rendered":"<p>Remarque \u00e0 l&rsquo;attention de l&rsquo;acheteur\u00a0: Cette annonce concerne une seule touche de clavier. La charni\u00e8re et la came sont incluses. Toutes les touches disponibles sont pr\u00e9sent\u00e9es sur l&rsquo;image de l&rsquo;annonce. La touche sera envoy\u00e9e sous enveloppe par courrier postal. Apr\u00e8s avoir pass\u00e9 commande, veuillez nous indiquer la ou les touches souhait\u00e9es.<\/p>\n<p>Ce clavier est compatible avec les mod\u00e8les Lenovo ThinkPad <strong>X230, T430, T430s, T530<\/strong> et prend en charge les r\u00e9f\u00e9rences <strong>CS12L85, 04Y0665, OCO2060<\/strong>.<\/p>\n<p>Id\u00e9al pour remplacer des touches sp\u00e9cifiques de son ordinateur portable sans acheter un clavier complet\u00a0!<\/p>\n","protected":false},"excerpt":{"rendered":"<p><strong>Ceci est une annonce pour une seule touche de clavier.<\/strong> La charni\u00e8re et la came de touche sont incluses. Toutes les touches disponibles sont pr\u00e9sent\u00e9es sur l&rsquo;image de l&rsquo;annonce. Apr\u00e8s avoir pass\u00e9 commande, veuillez nous envoyer un message avec la ou les touches dont vous avez besoin. La cl\u00e9 vous sera envoy\u00e9e par courrier postal sous enveloppe.<\/p>\n","protected":false},"featured_media":18735,"template":"","meta":[],"product_brand":[],"product_cat":[60],"product_tag":[62],"class_list":{"0":"post-15722","1":"product","2":"type-product","3":"status-publish","4":"has-post-thumbnail","6":"product_cat-individual-keyboard-keys","7":"product_tag-lenovo","9":"first","10":"instock","11":"taxable","12":"shipping-taxable","13":"purchasable","14":"product-type-simple"},"_links":{"self":[{"href":"https:\/\/boreait.com\/fr\/wp-json\/wp\/v2\/product\/15722","targetHints":{"allow":["GET"]}}],"collection":[{"href":"https:\/\/boreait.com\/fr\/wp-json\/wp\/v2\/product"}],"about":[{"href":"https:\/\/boreait.com\/fr\/wp-json\/wp\/v2\/types\/product"}],"wp:featuredmedia":[{"embeddable":true,"href":"https:\/\/boreait.com\/fr\/wp-json\/wp\/v2\/media\/18735"}],"wp:attachment":[{"href":"https:\/\/boreait.com\/fr\/wp-json\/wp\/v2\/media?parent=15722"}],"wp:term":[{"taxonomy":"product_brand","embeddable":true,"href":"https:\/\/boreait.com\/fr\/wp-json\/wp\/v2\/product_brand?post=15722"},{"taxonomy":"product_cat","embeddable":true,"href":"https:\/\/boreait.com\/fr\/wp-json\/wp\/v2\/product_cat?post=15722"},{"taxonomy":"product_tag","embeddable":true,"href":"https:\/\/boreait.com\/fr\/wp-json\/wp\/v2\/product_tag?post=15722"}],"curies":[{"name":"wp","href":"https:\/\/api.w.org\/{rel}","templated":true}]}}