{"id":15721,"date":"2025-09-16T16:02:18","date_gmt":"2025-09-16T14:02:18","guid":{"rendered":"https:\/\/boreait.com\/fr\/?post_type=product&#038;p=15721"},"modified":"2025-09-16T16:04:50","modified_gmt":"2025-09-16T14:04:50","slug":"remplacement-des-touches-de-clavier-non-retroeclairees-pour-hp-compaq-405962-001-405963-001-395452-001","status":"publish","type":"product","link":"https:\/\/boreait.com\/fr\/produit\/remplacement-des-touches-de-clavier-non-retroeclairees-pour-hp-compaq-405962-001-405963-001-395452-001\/","title":{"rendered":"Remplacement des touches de clavier non r\u00e9tro\u00e9clair\u00e9es pour HP Compaq 405962-001 405963-001 395452-001"},"content":{"rendered":"<p>Remarque \u00e0 l&rsquo;attention de l&rsquo;acheteur\u00a0: Cette offre concerne une seule touche de clavier non r\u00e9tro\u00e9clair\u00e9e, compatible avec les mod\u00e8les HP Compaq. La charni\u00e8re et la came sont incluses. Toutes les touches disponibles sont pr\u00e9sent\u00e9es sur l&rsquo;image de l&rsquo;offre. Apr\u00e8s avoir pass\u00e9 votre commande, veuillez nous contacter pour nous pr\u00e9ciser la ou les touches souhait\u00e9es. La cl\u00e9 vous sera envoy\u00e9e par courrier postal.<\/p>\n<p>Cette touche de remplacement est compatible avec les r\u00e9f\u00e9rences 405962-001, 405963-001 et 395452-001. Elle est con\u00e7ue pour restaurer la fonctionnalit\u00e9 et l&rsquo;apparence de votre clavier HP Compaq.<\/p>\n","protected":false},"excerpt":{"rendered":"<p>Cette annonce concerne une touche de clavier non r\u00e9tro\u00e9clair\u00e9e pour les mod\u00e8les HP Compaq. Compatible avec les r\u00e9f\u00e9rences 405962-001, 405963-001 et 395452-001. Contactez-nous apr\u00e8s l&rsquo;achat pour pr\u00e9ciser la touche souhait\u00e9e. Charni\u00e8re et came incluses. Livraison par courrier postal.<\/p>\n","protected":false},"featured_media":15775,"template":"","meta":[],"product_brand":[],"product_cat":[60],"product_tag":[61],"class_list":{"0":"post-15721","1":"product","2":"type-product","3":"status-publish","4":"has-post-thumbnail","6":"product_cat-individual-keyboard-keys","7":"product_tag-hp","9":"first","10":"instock","11":"taxable","12":"shipping-taxable","13":"purchasable","14":"product-type-simple"},"_links":{"self":[{"href":"https:\/\/boreait.com\/fr\/wp-json\/wp\/v2\/product\/15721","targetHints":{"allow":["GET"]}}],"collection":[{"href":"https:\/\/boreait.com\/fr\/wp-json\/wp\/v2\/product"}],"about":[{"href":"https:\/\/boreait.com\/fr\/wp-json\/wp\/v2\/types\/product"}],"wp:featuredmedia":[{"embeddable":true,"href":"https:\/\/boreait.com\/fr\/wp-json\/wp\/v2\/media\/15775"}],"wp:attachment":[{"href":"https:\/\/boreait.com\/fr\/wp-json\/wp\/v2\/media?parent=15721"}],"wp:term":[{"taxonomy":"product_brand","embeddable":true,"href":"https:\/\/boreait.com\/fr\/wp-json\/wp\/v2\/product_brand?post=15721"},{"taxonomy":"product_cat","embeddable":true,"href":"https:\/\/boreait.com\/fr\/wp-json\/wp\/v2\/product_cat?post=15721"},{"taxonomy":"product_tag","embeddable":true,"href":"https:\/\/boreait.com\/fr\/wp-json\/wp\/v2\/product_tag?post=15721"}],"curies":[{"name":"wp","href":"https:\/\/api.w.org\/{rel}","templated":true}]}}