{"id":15720,"date":"2025-09-16T16:02:16","date_gmt":"2025-09-16T14:02:16","guid":{"rendered":"https:\/\/boreait.com\/fr\/?post_type=product&#038;p=15720"},"modified":"2025-09-16T16:04:24","modified_gmt":"2025-09-16T14:04:24","slug":"remplacement-des-touches-du-clavier-hp-probook-6560b-6565b-6570b-641180-131","status":"publish","type":"product","link":"https:\/\/boreait.com\/fr\/produit\/remplacement-des-touches-du-clavier-hp-probook-6560b-6565b-6570b-641180-131\/","title":{"rendered":"Remplacement des touches du clavier HP ProBook 6560b 6565b 6570b 641180-131"},"content":{"rendered":"<p>Remarque \u00e0 l&rsquo;attention de l&rsquo;acheteur\u00a0: Cette annonce concerne une seule touche de clavier non r\u00e9tro\u00e9clair\u00e9e, compatible avec les mod\u00e8les HP ProBook 6560b, 6565b et 6570b. La charni\u00e8re et la came de touche sont incluses. Toutes les touches disponibles sont pr\u00e9sent\u00e9es sur l&rsquo;image de l&rsquo;annonce. Apr\u00e8s avoir pass\u00e9 votre commande, veuillez nous contacter pour nous pr\u00e9ciser la ou les touches souhait\u00e9es. La cl\u00e9 vous sera envoy\u00e9e par courrier postal.<\/p>\n<p>Mod\u00e8les compatibles\u00a0: 641180-B71 et 701988-091<\/p>\n<p>Cette touche de remplacement est compatible avec la r\u00e9f\u00e9rence\u00a0641180-131 et est con\u00e7ue pour restaurer la fonctionnalit\u00e9 et l&rsquo;apparence de votre clavier HP ProBook 6570b.<\/p>\n","protected":false},"excerpt":{"rendered":"<p>Cette annonce concerne une touche de clavier non r\u00e9tro\u00e9clair\u00e9e pour les mod\u00e8les HP ProBook 6560b, 6565b et 6570b. Compatible avec la r\u00e9f\u00e9rence 641180-131 et Park&#038;Boy. Contactez-nous apr\u00e8s l&rsquo;achat pour pr\u00e9ciser la touche souhait\u00e9e. Charni\u00e8re et came incluses. Livraison par courrier postal.<\/p>\n","protected":false},"featured_media":15770,"template":"","meta":[],"product_brand":[],"product_cat":[60],"product_tag":[61],"class_list":{"0":"post-15720","1":"product","2":"type-product","3":"status-publish","4":"has-post-thumbnail","6":"product_cat-individual-keyboard-keys","7":"product_tag-hp","9":"first","10":"instock","11":"taxable","12":"shipping-taxable","13":"purchasable","14":"product-type-simple"},"_links":{"self":[{"href":"https:\/\/boreait.com\/fr\/wp-json\/wp\/v2\/product\/15720","targetHints":{"allow":["GET"]}}],"collection":[{"href":"https:\/\/boreait.com\/fr\/wp-json\/wp\/v2\/product"}],"about":[{"href":"https:\/\/boreait.com\/fr\/wp-json\/wp\/v2\/types\/product"}],"wp:featuredmedia":[{"embeddable":true,"href":"https:\/\/boreait.com\/fr\/wp-json\/wp\/v2\/media\/15770"}],"wp:attachment":[{"href":"https:\/\/boreait.com\/fr\/wp-json\/wp\/v2\/media?parent=15720"}],"wp:term":[{"taxonomy":"product_brand","embeddable":true,"href":"https:\/\/boreait.com\/fr\/wp-json\/wp\/v2\/product_brand?post=15720"},{"taxonomy":"product_cat","embeddable":true,"href":"https:\/\/boreait.com\/fr\/wp-json\/wp\/v2\/product_cat?post=15720"},{"taxonomy":"product_tag","embeddable":true,"href":"https:\/\/boreait.com\/fr\/wp-json\/wp\/v2\/product_tag?post=15720"}],"curies":[{"name":"wp","href":"https:\/\/api.w.org\/{rel}","templated":true}]}}