{"id":15718,"date":"2025-09-16T16:02:10","date_gmt":"2025-09-16T14:02:10","guid":{"rendered":"https:\/\/boreait.com\/fr\/?post_type=product&#038;p=15718"},"modified":"2025-09-16T16:03:53","modified_gmt":"2025-09-16T14:03:53","slug":"remplacement-des-touches-de-clavier-pour-ibm-t530-x230-w530-t430-0c01960","status":"publish","type":"product","link":"https:\/\/boreait.com\/fr\/produit\/remplacement-des-touches-de-clavier-pour-ibm-t530-x230-w530-t430-0c01960\/","title":{"rendered":"Remplacement des touches de clavier pour IBM T530 X230 W530 T430 0C01960"},"content":{"rendered":"<p>Remarque \u00e0 l&rsquo;attention de l&rsquo;acheteur\u00a0: Cette offre concerne une seule touche de clavier, compatible avec les mod\u00e8les IBM T530, X230, W530, T430 et T430i. La charni\u00e8re et la came de touche sont incluses. Toutes les touches disponibles sont pr\u00e9sent\u00e9es sur l&rsquo;image de l&rsquo;offre. Apr\u00e8s avoir pass\u00e9 votre commande, veuillez nous contacter pour nous pr\u00e9ciser la ou les touches souhait\u00e9es. La touche vous sera envoy\u00e9e par courrier postal.<\/p>\n<p>Cette touche de remplacement est compatible avec la r\u00e9f\u00e9rence 0C01960 et est con\u00e7ue pour restaurer la fonctionnalit\u00e9 et l&rsquo;apparence du clavier de votre ordinateur portable IBM.<\/p>\n","protected":false},"excerpt":{"rendered":"<p>Cette offre concerne une touche de clavier unique pour les mod\u00e8les IBM T530, X230, W530, T430 et T430i. Compatible avec la r\u00e9f\u00e9rence 0C01960. Contactez-nous apr\u00e8s l&rsquo;achat pour pr\u00e9ciser la touche souhait\u00e9e. Charni\u00e8re et came incluses. Livraison par courrier postal.<\/p>\n","protected":false},"featured_media":15762,"template":"","meta":[],"product_brand":[],"product_cat":[60],"product_tag":[62],"class_list":{"0":"post-15718","1":"product","2":"type-product","3":"status-publish","4":"has-post-thumbnail","6":"product_cat-individual-keyboard-keys","7":"product_tag-lenovo","9":"first","10":"instock","11":"taxable","12":"shipping-taxable","13":"purchasable","14":"product-type-simple"},"_links":{"self":[{"href":"https:\/\/boreait.com\/fr\/wp-json\/wp\/v2\/product\/15718","targetHints":{"allow":["GET"]}}],"collection":[{"href":"https:\/\/boreait.com\/fr\/wp-json\/wp\/v2\/product"}],"about":[{"href":"https:\/\/boreait.com\/fr\/wp-json\/wp\/v2\/types\/product"}],"wp:featuredmedia":[{"embeddable":true,"href":"https:\/\/boreait.com\/fr\/wp-json\/wp\/v2\/media\/15762"}],"wp:attachment":[{"href":"https:\/\/boreait.com\/fr\/wp-json\/wp\/v2\/media?parent=15718"}],"wp:term":[{"taxonomy":"product_brand","embeddable":true,"href":"https:\/\/boreait.com\/fr\/wp-json\/wp\/v2\/product_brand?post=15718"},{"taxonomy":"product_cat","embeddable":true,"href":"https:\/\/boreait.com\/fr\/wp-json\/wp\/v2\/product_cat?post=15718"},{"taxonomy":"product_tag","embeddable":true,"href":"https:\/\/boreait.com\/fr\/wp-json\/wp\/v2\/product_tag?post=15718"}],"curies":[{"name":"wp","href":"https:\/\/api.w.org\/{rel}","templated":true}]}}