{"id":15712,"date":"2025-09-16T16:01:41","date_gmt":"2025-09-16T14:01:41","guid":{"rendered":"https:\/\/boreait.com\/fr\/?post_type=product&#038;p=15712"},"modified":"2025-09-16T16:03:25","modified_gmt":"2025-09-16T14:03:25","slug":"remplacement-des-touches-de-clavier-non-retroeclaire-pour-hp-pavilion-dv6000-series-aeat1p00110","status":"publish","type":"product","link":"https:\/\/boreait.com\/fr\/produit\/remplacement-des-touches-de-clavier-non-retroeclaire-pour-hp-pavilion-dv6000-series-aeat1p00110\/","title":{"rendered":"Remplacement des touches de clavier (non r\u00e9tro\u00e9clair\u00e9) pour HP Pavilion DV6000 Series AEAT1P00110"},"content":{"rendered":"<p>Remarque \u00e0 l&rsquo;attention de l&rsquo;acheteur\u00a0: Cette offre concerne une seule touche de clavier non r\u00e9tro\u00e9clair\u00e9e, compatible avec les mod\u00e8les HP Pavilion s\u00e9rie DV6000. La charni\u00e8re et la came de touche sont incluses. Toutes les touches disponibles sont pr\u00e9sent\u00e9es sur l&rsquo;image de l&rsquo;offre. Apr\u00e8s avoir pass\u00e9 votre commande, veuillez nous contacter pour nous indiquer la ou les touches dont vous avez besoin. La touche vous sera envoy\u00e9e par courrier postal.<\/p>\n<p>R\u00e9f\u00e9rences de pi\u00e8ces compatibles\u00a0: 441427-001, 431414-001, 431415-001<\/p>\n<p>Mod\u00e8les compatibles\u00a0: DV6000, DV6100, DV6200, DV6500, DV6700<\/p>\n<p>Cette touche de remplacement est compatible avec la r\u00e9f\u00e9rence AEAT1P00110 et est con\u00e7ue pour restaurer la fonctionnalit\u00e9 et l&rsquo;apparence de votre clavier HP Pavilion s\u00e9rie DV6000.<\/p>\n","protected":false},"excerpt":{"rendered":"<p>Cette offre concerne une touche de clavier non r\u00e9tro\u00e9clair\u00e9e pour HP Pavilion s\u00e9rie DV6000. Compatible avec la r\u00e9f\u00e9rence AEAT1P00110. Contactez-nous apr\u00e8s l&rsquo;achat pour pr\u00e9ciser la touche souhait\u00e9e. Charni\u00e8re et came incluses. Livraison par courrier postal.<\/p>\n","protected":false},"featured_media":15754,"template":"","meta":[],"product_brand":[],"product_cat":[60],"product_tag":[61],"class_list":{"0":"post-15712","1":"product","2":"type-product","3":"status-publish","4":"has-post-thumbnail","6":"product_cat-individual-keyboard-keys","7":"product_tag-hp","9":"first","10":"instock","11":"taxable","12":"shipping-taxable","13":"purchasable","14":"product-type-simple"},"_links":{"self":[{"href":"https:\/\/boreait.com\/fr\/wp-json\/wp\/v2\/product\/15712","targetHints":{"allow":["GET"]}}],"collection":[{"href":"https:\/\/boreait.com\/fr\/wp-json\/wp\/v2\/product"}],"about":[{"href":"https:\/\/boreait.com\/fr\/wp-json\/wp\/v2\/types\/product"}],"wp:featuredmedia":[{"embeddable":true,"href":"https:\/\/boreait.com\/fr\/wp-json\/wp\/v2\/media\/15754"}],"wp:attachment":[{"href":"https:\/\/boreait.com\/fr\/wp-json\/wp\/v2\/media?parent=15712"}],"wp:term":[{"taxonomy":"product_brand","embeddable":true,"href":"https:\/\/boreait.com\/fr\/wp-json\/wp\/v2\/product_brand?post=15712"},{"taxonomy":"product_cat","embeddable":true,"href":"https:\/\/boreait.com\/fr\/wp-json\/wp\/v2\/product_cat?post=15712"},{"taxonomy":"product_tag","embeddable":true,"href":"https:\/\/boreait.com\/fr\/wp-json\/wp\/v2\/product_tag?post=15712"}],"curies":[{"name":"wp","href":"https:\/\/api.w.org\/{rel}","templated":true}]}}