{"id":15711,"date":"2025-09-16T16:01:41","date_gmt":"2025-09-16T14:01:41","guid":{"rendered":"https:\/\/boreait.com\/fr\/?post_type=product&#038;p=15711"},"modified":"2025-09-16T16:03:13","modified_gmt":"2025-09-16T14:03:13","slug":"clavier-de-remplacement-pour-toshiba-satellite-a300-201-9j-n9082-j0g-non-retroeclaire","status":"publish","type":"product","link":"https:\/\/boreait.com\/fr\/produit\/clavier-de-remplacement-pour-toshiba-satellite-a300-201-9j-n9082-j0g-non-retroeclaire\/","title":{"rendered":"Clavier de remplacement pour Toshiba Satellite A300-201 (9J.N9082.J0G) non r\u00e9tro\u00e9clair\u00e9"},"content":{"rendered":"<p>Remarque \u00e0 l&rsquo;attention de l&rsquo;acheteur\u00a0: Cette annonce concerne une seule touche de clavier non r\u00e9tro\u00e9clair\u00e9e, compatible avec les mod\u00e8les Toshiba Satellite A300-201. La charni\u00e8re et la came de touche sont incluses. Toutes les touches disponibles sont pr\u00e9sent\u00e9es sur l&rsquo;image de l&rsquo;annonce. Apr\u00e8s avoir pass\u00e9 votre commande, veuillez nous contacter pour nous pr\u00e9ciser la ou les touches souhait\u00e9es. La cl\u00e9 vous sera envoy\u00e9e par courrier postal.<\/p>\n<p>Cette touche de remplacement est compatible avec les r\u00e9f\u00e9rences 9J.N9082.J0G et 9J.N9082.E1J et est con\u00e7ue pour restaurer la fonctionnalit\u00e9 et l&rsquo;apparence de votre clavier Toshiba Satellite A300-201.<\/p>\n","protected":false},"excerpt":{"rendered":"<p>Cette offre concerne une touche de clavier non r\u00e9tro\u00e9clair\u00e9e pour les mod\u00e8les Toshiba Satellite A300-201. Compatible avec les r\u00e9f\u00e9rences 9J.N9082.J0G et 9J.N9082.E1J. Contactez-nous apr\u00e8s l&rsquo;achat pour pr\u00e9ciser la touche souhait\u00e9e. Charni\u00e8re et came incluses. Livraison par courrier postal.<\/p>\n","protected":false},"featured_media":15751,"template":"","meta":[],"product_brand":[],"product_cat":[60],"product_tag":[70],"class_list":{"0":"post-15711","1":"product","2":"type-product","3":"status-publish","4":"has-post-thumbnail","6":"product_cat-individual-keyboard-keys","7":"product_tag-toshiba","9":"first","10":"instock","11":"taxable","12":"shipping-taxable","13":"purchasable","14":"product-type-simple"},"_links":{"self":[{"href":"https:\/\/boreait.com\/fr\/wp-json\/wp\/v2\/product\/15711","targetHints":{"allow":["GET"]}}],"collection":[{"href":"https:\/\/boreait.com\/fr\/wp-json\/wp\/v2\/product"}],"about":[{"href":"https:\/\/boreait.com\/fr\/wp-json\/wp\/v2\/types\/product"}],"wp:featuredmedia":[{"embeddable":true,"href":"https:\/\/boreait.com\/fr\/wp-json\/wp\/v2\/media\/15751"}],"wp:attachment":[{"href":"https:\/\/boreait.com\/fr\/wp-json\/wp\/v2\/media?parent=15711"}],"wp:term":[{"taxonomy":"product_brand","embeddable":true,"href":"https:\/\/boreait.com\/fr\/wp-json\/wp\/v2\/product_brand?post=15711"},{"taxonomy":"product_cat","embeddable":true,"href":"https:\/\/boreait.com\/fr\/wp-json\/wp\/v2\/product_cat?post=15711"},{"taxonomy":"product_tag","embeddable":true,"href":"https:\/\/boreait.com\/fr\/wp-json\/wp\/v2\/product_tag?post=15711"}],"curies":[{"name":"wp","href":"https:\/\/api.w.org\/{rel}","templated":true}]}}