{"id":15710,"date":"2025-09-16T16:01:41","date_gmt":"2025-09-16T14:01:41","guid":{"rendered":"https:\/\/boreait.com\/fr\/?post_type=product&#038;p=15710"},"modified":"2025-09-16T16:02:51","modified_gmt":"2025-09-16T14:02:51","slug":"clavier-retroeclaire-de-remplacement-qwerty-03n36k-pour-dell-latitude-5414","status":"publish","type":"product","link":"https:\/\/boreait.com\/fr\/produit\/clavier-retroeclaire-de-remplacement-qwerty-03n36k-pour-dell-latitude-5414\/","title":{"rendered":"Clavier r\u00e9tro\u00e9clair\u00e9 de remplacement QWERTY 03N36K pour Dell Latitude 5414"},"content":{"rendered":"<p>Remarque \u00e0 l&rsquo;attention de l&rsquo;acheteur\u00a0: Cette offre concerne une seule touche de clavier r\u00e9tro\u00e9clair\u00e9, compatible avec les mod\u00e8les Dell Latitude 5414. La charni\u00e8re et la came de touche sont incluses. Toutes les touches disponibles sont pr\u00e9sent\u00e9es sur l&rsquo;image de l&rsquo;offre. Apr\u00e8s avoir pass\u00e9 votre commande, veuillez nous contacter pour nous pr\u00e9ciser la ou les touches souhait\u00e9es. La cl\u00e9 vous sera envoy\u00e9e par courrier postal.<\/p>\n<p>Cette touche de remplacement est compatible avec les r\u00e9f\u00e9rences 03N36K et OKNJ-1A1UK03 et est con\u00e7ue pour restaurer parfaitement les fonctionnalit\u00e9s et l&rsquo;apparence de votre clavier QWERTY Dell Latitude 5414 r\u00e9tro\u00e9clair\u00e9.<\/p>\n","protected":false},"excerpt":{"rendered":"<p>Cette annonce concerne une touche de clavier r\u00e9tro\u00e9clair\u00e9e pour Dell Latitude 5414. Compatible avec les r\u00e9f\u00e9rences 03N36K et OKNJ-1A1UK03. Contactez-nous apr\u00e8s l&rsquo;achat pour pr\u00e9ciser la touche souhait\u00e9e. Charni\u00e8re et came incluses. Livraison par courrier postal.<\/p>\n","protected":false},"featured_media":15746,"template":"","meta":[],"product_brand":[],"product_cat":[60],"product_tag":[53],"class_list":{"0":"post-15710","1":"product","2":"type-product","3":"status-publish","4":"has-post-thumbnail","6":"product_cat-individual-keyboard-keys","7":"product_tag-dell","9":"first","10":"instock","11":"taxable","12":"shipping-taxable","13":"purchasable","14":"product-type-simple"},"_links":{"self":[{"href":"https:\/\/boreait.com\/fr\/wp-json\/wp\/v2\/product\/15710","targetHints":{"allow":["GET"]}}],"collection":[{"href":"https:\/\/boreait.com\/fr\/wp-json\/wp\/v2\/product"}],"about":[{"href":"https:\/\/boreait.com\/fr\/wp-json\/wp\/v2\/types\/product"}],"wp:featuredmedia":[{"embeddable":true,"href":"https:\/\/boreait.com\/fr\/wp-json\/wp\/v2\/media\/15746"}],"wp:attachment":[{"href":"https:\/\/boreait.com\/fr\/wp-json\/wp\/v2\/media?parent=15710"}],"wp:term":[{"taxonomy":"product_brand","embeddable":true,"href":"https:\/\/boreait.com\/fr\/wp-json\/wp\/v2\/product_brand?post=15710"},{"taxonomy":"product_cat","embeddable":true,"href":"https:\/\/boreait.com\/fr\/wp-json\/wp\/v2\/product_cat?post=15710"},{"taxonomy":"product_tag","embeddable":true,"href":"https:\/\/boreait.com\/fr\/wp-json\/wp\/v2\/product_tag?post=15710"}],"curies":[{"name":"wp","href":"https:\/\/api.w.org\/{rel}","templated":true}]}}