{"id":15709,"date":"2025-09-16T16:01:41","date_gmt":"2025-09-16T14:01:41","guid":{"rendered":"https:\/\/boreait.com\/fr\/?post_type=product&#038;p=15709"},"modified":"2025-09-16T16:02:38","modified_gmt":"2025-09-16T14:02:38","slug":"touche-de-remplacement-du-clavier-sn7223-0y4h14-pour-dell-latitude-e5440-non-retroeclairee","status":"publish","type":"product","link":"https:\/\/boreait.com\/fr\/produit\/touche-de-remplacement-du-clavier-sn7223-0y4h14-pour-dell-latitude-e5440-non-retroeclairee\/","title":{"rendered":"Touche de remplacement du clavier (SN7223 0Y4H14) pour Dell Latitude E5440, non r\u00e9tro\u00e9clair\u00e9e"},"content":{"rendered":"<p>Remarque \u00e0 l&rsquo;attention de l&rsquo;acheteur\u00a0: Cette offre concerne une seule touche de clavier non r\u00e9tro\u00e9clair\u00e9e, compatible avec les mod\u00e8les Dell Latitude E5440. La charni\u00e8re et la came de touche sont incluses. Toutes les touches disponibles sont pr\u00e9sent\u00e9es sur l&rsquo;image de l&rsquo;offre. Apr\u00e8s avoir pass\u00e9 votre commande, veuillez nous contacter pour nous pr\u00e9ciser la ou les touches souhait\u00e9es. La cl\u00e9 vous sera envoy\u00e9e par courrier postal.<\/p>\n<p>Cette touche de remplacement est compatible avec les r\u00e9f\u00e9rences SN7223 et PK130WQ4A19 et est con\u00e7ue pour restaurer parfaitement les fonctionnalit\u00e9s et l&rsquo;apparence de votre clavier Dell Latitude E5440.<\/p>\n","protected":false},"excerpt":{"rendered":"<p>Cette offre concerne une touche de clavier non r\u00e9tro\u00e9clair\u00e9e pour les mod\u00e8les Dell Latitude E5440. Compatible avec les r\u00e9f\u00e9rences SN7223 et PK130WQ4A19. Contactez-nous apr\u00e8s l&rsquo;achat pour pr\u00e9ciser la touche souhait\u00e9e. Charni\u00e8re et came incluses. Livraison par courrier postal.<\/p>\n","protected":false},"featured_media":15743,"template":"","meta":[],"product_brand":[],"product_cat":[60],"product_tag":[53],"class_list":{"0":"post-15709","1":"product","2":"type-product","3":"status-publish","4":"has-post-thumbnail","6":"product_cat-individual-keyboard-keys","7":"product_tag-dell","9":"first","10":"instock","11":"taxable","12":"shipping-taxable","13":"purchasable","14":"product-type-simple"},"_links":{"self":[{"href":"https:\/\/boreait.com\/fr\/wp-json\/wp\/v2\/product\/15709","targetHints":{"allow":["GET"]}}],"collection":[{"href":"https:\/\/boreait.com\/fr\/wp-json\/wp\/v2\/product"}],"about":[{"href":"https:\/\/boreait.com\/fr\/wp-json\/wp\/v2\/types\/product"}],"wp:featuredmedia":[{"embeddable":true,"href":"https:\/\/boreait.com\/fr\/wp-json\/wp\/v2\/media\/15743"}],"wp:attachment":[{"href":"https:\/\/boreait.com\/fr\/wp-json\/wp\/v2\/media?parent=15709"}],"wp:term":[{"taxonomy":"product_brand","embeddable":true,"href":"https:\/\/boreait.com\/fr\/wp-json\/wp\/v2\/product_brand?post=15709"},{"taxonomy":"product_cat","embeddable":true,"href":"https:\/\/boreait.com\/fr\/wp-json\/wp\/v2\/product_cat?post=15709"},{"taxonomy":"product_tag","embeddable":true,"href":"https:\/\/boreait.com\/fr\/wp-json\/wp\/v2\/product_tag?post=15709"}],"curies":[{"name":"wp","href":"https:\/\/api.w.org\/{rel}","templated":true}]}}