{"id":15708,"date":"2025-09-16T16:01:41","date_gmt":"2025-09-16T14:01:41","guid":{"rendered":"https:\/\/boreait.com\/fr\/?post_type=product&#038;p=15708"},"modified":"2025-09-16T16:02:06","modified_gmt":"2025-09-16T14:02:06","slug":"remplacement-des-touches-du-clavier-retroeclaire-pour-dell-latitude-e5450-e5470-e7470-e7450","status":"publish","type":"product","link":"https:\/\/boreait.com\/fr\/produit\/remplacement-des-touches-du-clavier-retroeclaire-pour-dell-latitude-e5450-e5470-e7470-e7450\/","title":{"rendered":"Remplacement des touches du clavier r\u00e9tro\u00e9clair\u00e9 pour Dell Latitude E5450 E5470 E7470 E7450"},"content":{"rendered":"<p>Remarque \u00e0 l&rsquo;attention de l&rsquo;acheteur\u00a0: Cette annonce concerne une seule touche de clavier r\u00e9tro\u00e9clair\u00e9, compatible avec les mod\u00e8les Dell Latitude E5450, E5470, E7470 et E7450. La charni\u00e8re et la came de touche sont incluses. Veuillez consulter l&rsquo;image de l&rsquo;annonce pour voir toutes les touches disponibles. Apr\u00e8s avoir pass\u00e9 votre commande, veuillez nous indiquer la ou les touches dont vous avez besoin. La cl\u00e9 vous sera envoy\u00e9e par courrier postal.<\/p>\n<p>Ce clavier r\u00e9tro\u00e9clair\u00e9 de remplacement est compatible avec les r\u00e9f\u00e9rences PK1313D2B13 et 0W93F7, id\u00e9al pour restaurer les fonctionnalit\u00e9s et l&rsquo;esth\u00e9tique du clavier de votre ordinateur portable Dell.<\/p>\n","protected":false},"excerpt":{"rendered":"<p>Cette annonce concerne une touche de clavier r\u00e9tro\u00e9clair\u00e9e pour les mod\u00e8les Dell Latitude E5450, E5470, E7470 et E7450. R\u00e9f\u00e9rences compatibles\u00a0: PK1313D2B13 et 0W93F7. Contactez-nous apr\u00e8s l&rsquo;achat pour pr\u00e9ciser la touche souhait\u00e9e. Charni\u00e8re et came incluses. Livraison par courrier postal.<\/p>\n","protected":false},"featured_media":15715,"template":"","meta":[],"product_brand":[],"product_cat":[60],"product_tag":[53],"class_list":{"0":"post-15708","1":"product","2":"type-product","3":"status-publish","4":"has-post-thumbnail","6":"product_cat-individual-keyboard-keys","7":"product_tag-dell","9":"first","10":"instock","11":"taxable","12":"shipping-taxable","13":"purchasable","14":"product-type-simple"},"_links":{"self":[{"href":"https:\/\/boreait.com\/fr\/wp-json\/wp\/v2\/product\/15708","targetHints":{"allow":["GET"]}}],"collection":[{"href":"https:\/\/boreait.com\/fr\/wp-json\/wp\/v2\/product"}],"about":[{"href":"https:\/\/boreait.com\/fr\/wp-json\/wp\/v2\/types\/product"}],"wp:featuredmedia":[{"embeddable":true,"href":"https:\/\/boreait.com\/fr\/wp-json\/wp\/v2\/media\/15715"}],"wp:attachment":[{"href":"https:\/\/boreait.com\/fr\/wp-json\/wp\/v2\/media?parent=15708"}],"wp:term":[{"taxonomy":"product_brand","embeddable":true,"href":"https:\/\/boreait.com\/fr\/wp-json\/wp\/v2\/product_brand?post=15708"},{"taxonomy":"product_cat","embeddable":true,"href":"https:\/\/boreait.com\/fr\/wp-json\/wp\/v2\/product_cat?post=15708"},{"taxonomy":"product_tag","embeddable":true,"href":"https:\/\/boreait.com\/fr\/wp-json\/wp\/v2\/product_tag?post=15708"}],"curies":[{"name":"wp","href":"https:\/\/api.w.org\/{rel}","templated":true}]}}