{"id":15697,"date":"2025-09-16T16:01:38","date_gmt":"2025-09-16T14:01:38","guid":{"rendered":"https:\/\/boreait.com\/fr\/?post_type=product&#038;p=15697"},"modified":"2025-09-16T16:01:49","modified_gmt":"2025-09-16T14:01:49","slug":"hp-victus-16-d1176tx-16-d1128tx-ecran-lcd-161-fhd-ips-30-broches-mat-neuf","status":"publish","type":"product","link":"https:\/\/boreait.com\/fr\/produit\/hp-victus-16-d1176tx-16-d1128tx-ecran-lcd-161-fhd-ips-30-broches-mat-neuf\/","title":{"rendered":"HP Victus 16-d1176tx 16-d1128tx \u00c9cran LCD 16,1&Prime; FHD IPS 30 broches Mat Neuf"},"content":{"rendered":"<p>Mod\u00e8le d&rsquo;\u00e9cran LCD\u00a0: N161HCA-EA3 Rev. c2 \u2013 ENTI\u00c8REMENT COMPATIBLE AVEC LES ORDINATEURS PORTABLES HP Victus 16-d1176tx et 16-d1128tx.<\/p>\n<p>Optimisez l&rsquo;affichage de vos ordinateurs portables HP Victus 16-d1176tx et 16-d1128tx gr\u00e2ce \u00e0 cet \u00e9cran LCD 16,1 pouces de haute qualit\u00e9. Dot\u00e9 d&rsquo;une r\u00e9solution Full HD (1920 x 1080), cet \u00e9cran IPS offre des images nettes et \u00e9clatantes, avec une excellente pr\u00e9cision des couleurs et de larges angles de vision. Sa finition mate minimise les reflets, ce qui le rend id\u00e9al pour une utilisation dans diff\u00e9rentes conditions d&rsquo;\u00e9clairage.<\/p>\n<p>L&rsquo;\u00e9cran est \u00e9quip\u00e9 d&rsquo;un connecteur eDP 30 broches pour une connexion fiable, et le ruban adh\u00e9sif double-face simplifie l&rsquo;installation. Veuillez noter que cet \u00e9cran est vendu sans les supports sup\u00e9rieur et inf\u00e9rieur. Il est neuf, vous garantissant un \u00e9cran impeccable. produit pr\u00eat \u00e0 am\u00e9liorer votre exp\u00e9rience avec votre ordinateur portable.<\/p>\n","protected":false},"excerpt":{"rendered":"<p>Am\u00e9liorez votre HP Victus 16-d1176tx et 16-d1128tx avec un \u00e9cran LCD mat IPS FHD de 16,1 pouces. Livr\u00e9 avec une connexion eDP 30 broches et un ruban adh\u00e9sif double face pour une installation facile. \u00c9tat\u00a0: neuf.<\/p>\n","protected":false},"featured_media":15688,"template":"","meta":[],"product_brand":[],"product_cat":[107,95],"product_tag":[],"class_list":{"0":"post-15697","1":"product","2":"type-product","3":"status-publish","4":"has-post-thumbnail","6":"product_cat-16-1","7":"product_cat-new-laptop-screens-lcd-panels","9":"first","10":"instock","11":"taxable","12":"shipping-taxable","13":"purchasable","14":"product-type-simple"},"_links":{"self":[{"href":"https:\/\/boreait.com\/fr\/wp-json\/wp\/v2\/product\/15697","targetHints":{"allow":["GET"]}}],"collection":[{"href":"https:\/\/boreait.com\/fr\/wp-json\/wp\/v2\/product"}],"about":[{"href":"https:\/\/boreait.com\/fr\/wp-json\/wp\/v2\/types\/product"}],"wp:featuredmedia":[{"embeddable":true,"href":"https:\/\/boreait.com\/fr\/wp-json\/wp\/v2\/media\/15688"}],"wp:attachment":[{"href":"https:\/\/boreait.com\/fr\/wp-json\/wp\/v2\/media?parent=15697"}],"wp:term":[{"taxonomy":"product_brand","embeddable":true,"href":"https:\/\/boreait.com\/fr\/wp-json\/wp\/v2\/product_brand?post=15697"},{"taxonomy":"product_cat","embeddable":true,"href":"https:\/\/boreait.com\/fr\/wp-json\/wp\/v2\/product_cat?post=15697"},{"taxonomy":"product_tag","embeddable":true,"href":"https:\/\/boreait.com\/fr\/wp-json\/wp\/v2\/product_tag?post=15697"}],"curies":[{"name":"wp","href":"https:\/\/api.w.org\/{rel}","templated":true}]}}