{"id":15696,"date":"2025-09-16T16:01:38","date_gmt":"2025-09-16T14:01:38","guid":{"rendered":"https:\/\/boreait.com\/fr\/?post_type=product&#038;p=15696"},"modified":"2025-09-16T16:01:48","modified_gmt":"2025-09-16T14:01:48","slug":"ecran-lcd-mat-hp-victus-161-fhd-ips-edp-30-broches-avec-ruban-adhesif-neuf","status":"publish","type":"product","link":"https:\/\/boreait.com\/fr\/produit\/ecran-lcd-mat-hp-victus-161-fhd-ips-edp-30-broches-avec-ruban-adhesif-neuf\/","title":{"rendered":"\u00c9cran LCD mat HP Victus 16,1&Prime; FHD IPS eDP 30 broches avec ruban adh\u00e9sif, neuf"},"content":{"rendered":"<p>Mod\u00e8le d&rsquo;\u00e9cran LCD\u00a0: N161HCA-EA3 Rev. c2 \u2013 ENTI\u00c8REMENT COMPATIBLE AVEC L&rsquo;\u00c9CRAN D&rsquo;ORDINATEUR PORTABLE HP Victus 16-D1015NIA, 16-d1029nt<\/p>\n<p>Am\u00e9liorez les performances visuelles de votre HP Victus 16-D1015NIA ou 16-d1029nt gr\u00e2ce \u00e0 cet \u00e9cran LCD IPS TFT Full HD (1920 x 1080) de 16,1 pouces. Dot\u00e9 d&rsquo;une finition mate r\u00e9duisant les reflets, cet \u00e9cran offre des images nettes et claires aux couleurs \u00e9clatantes, pour une exp\u00e9rience visuelle de qualit\u00e9 sup\u00e9rieure.<\/p>\n<p>Le connecteur eDP 30 broches assure une connexion s\u00fbre et fiable, tandis que le ruban adh\u00e9sif double-face inclus simplifie l&rsquo;installation. Cet \u00e9cran est id\u00e9al pour remplacer un \u00e9cran endommag\u00e9 ou d\u00e9fectueux et restaurer les performances de votre ordinateur portable \u00e0 moindre co\u00fbt. Veuillez noter que l&rsquo;\u00e9cran ne comprend ni le haut ni le bas. Supports.<\/p>\n<p>Cet \u00e9cran de remplacement est neuf et garantit des performances de haute qualit\u00e9 d\u00e8s sa sortie d&#8217;emballage. Il constitue une mise \u00e0 niveau id\u00e9ale pour les utilisateurs souhaitant rafra\u00eechir leur \u00e9cran et am\u00e9liorer leur exp\u00e9rience sur ordinateur portable.<\/p>\n","protected":false},"excerpt":{"rendered":"<p>Am\u00e9liorez votre HP Victus avec un \u00e9cran LCD mat IPS TFT FHD de 16,1 pouces. Dot\u00e9 d&rsquo;une connectivit\u00e9 eDP 30 broches et d&rsquo;un ruban adh\u00e9sif double face pour une installation facile. \u00c9cran de remplacement id\u00e9al, neuf et pr\u00eat \u00e0 l&#8217;emploi.<\/p>\n","protected":false},"featured_media":15688,"template":"","meta":[],"product_brand":[],"product_cat":[107,95],"product_tag":[],"class_list":{"0":"post-15696","1":"product","2":"type-product","3":"status-publish","4":"has-post-thumbnail","6":"product_cat-16-1","7":"product_cat-new-laptop-screens-lcd-panels","9":"first","10":"instock","11":"taxable","12":"shipping-taxable","13":"purchasable","14":"product-type-simple"},"_links":{"self":[{"href":"https:\/\/boreait.com\/fr\/wp-json\/wp\/v2\/product\/15696","targetHints":{"allow":["GET"]}}],"collection":[{"href":"https:\/\/boreait.com\/fr\/wp-json\/wp\/v2\/product"}],"about":[{"href":"https:\/\/boreait.com\/fr\/wp-json\/wp\/v2\/types\/product"}],"wp:featuredmedia":[{"embeddable":true,"href":"https:\/\/boreait.com\/fr\/wp-json\/wp\/v2\/media\/15688"}],"wp:attachment":[{"href":"https:\/\/boreait.com\/fr\/wp-json\/wp\/v2\/media?parent=15696"}],"wp:term":[{"taxonomy":"product_brand","embeddable":true,"href":"https:\/\/boreait.com\/fr\/wp-json\/wp\/v2\/product_brand?post=15696"},{"taxonomy":"product_cat","embeddable":true,"href":"https:\/\/boreait.com\/fr\/wp-json\/wp\/v2\/product_cat?post=15696"},{"taxonomy":"product_tag","embeddable":true,"href":"https:\/\/boreait.com\/fr\/wp-json\/wp\/v2\/product_tag?post=15696"}],"curies":[{"name":"wp","href":"https:\/\/api.w.org\/{rel}","templated":true}]}}