{"id":15692,"date":"2025-09-16T16:01:37","date_gmt":"2025-09-16T14:01:37","guid":{"rendered":"https:\/\/boreait.com\/fr\/?post_type=product&#038;p=15692"},"modified":"2025-09-16T16:01:47","modified_gmt":"2025-09-16T14:01:47","slug":"ecran-lcd-hp-m54732-001-161-mat-fhd-ips-30-broches-edp-avec-ruban-adhesif-neuf","status":"publish","type":"product","link":"https:\/\/boreait.com\/fr\/produit\/ecran-lcd-hp-m54732-001-161-mat-fhd-ips-30-broches-edp-avec-ruban-adhesif-neuf\/","title":{"rendered":"\u00c9cran LCD HP M54732-001 16,1&Prime; mat FHD IPS 30 broches eDP avec ruban adh\u00e9sif, neuf"},"content":{"rendered":"<p>Mod\u00e8le d&rsquo;\u00e9cran LCD actuel\u00a0: N161HCA-EA3 Rev. c2 \u2013 ENTI\u00c8REMENT COMPATIBLE AVEC L&rsquo;\u00c9CRAN D&rsquo;ORDINATEUR PORTABLE HP M54732-001<\/p>\n<p>Am\u00e9liorez l&rsquo;affichage de votre ordinateur portable avec l&rsquo;\u00e9cran LCD 16,1&Prime; HP M54732-001, con\u00e7u pour offrir une clart\u00e9 exceptionnelle et des couleurs \u00e9clatantes. Avec une r\u00e9solution Full HD (1920 x 1080) et la technologie IPS, cet \u00e9cran offre des images nettes et pr\u00e9cises et de larges angles de vision pour une exp\u00e9rience visuelle optimale. Sa finition mate minimise les reflets, ce qui le rend id\u00e9al pour une utilisation dans diverses conditions d&rsquo;\u00e9clairage.<\/p>\n<p>Cet \u00e9cran TFT est \u00e9quip\u00e9 d&rsquo;un connecteur eDP 30 broches, garantissant une connectivit\u00e9 stable et s\u00e9curis\u00e9e. Le ruban adh\u00e9sif double-face inclus permet une installation facile et sans tracas. Cet \u00e9cran est id\u00e9al pour remplacer un \u00e9cran endommag\u00e9 ou d\u00e9fectueux, ou simplement pour moderniser votre \u00e9cran actuel.<\/p>\n<p>Veuillez noter que cet \u00e9cran est livr\u00e9 sans supports sup\u00e9rieur et inf\u00e9rieur. est dans un \u00e9tat neuf, vous assurant de recevoir un produit de haute qualit\u00e9, sans d\u00e9faut, pr\u00eat \u00e0 l&#8217;emploi.<\/p>\n","protected":false},"excerpt":{"rendered":"<p>Am\u00e9liorez votre ordinateur portable avec l&rsquo;\u00e9cran LCD HP M54732-001 16,1&Prime;. Dot\u00e9 d&rsquo;une r\u00e9solution Full HD, de la technologie IPS et d&rsquo;une finition mate pour r\u00e9duire les reflets, il garantit des images \u00e9clatantes. Livr\u00e9 avec du ruban adh\u00e9sif double face pour une installation facile. \u00c9tat\u00a0: Neuf.<\/p>\n","protected":false},"featured_media":15688,"template":"","meta":[],"product_brand":[],"product_cat":[107,95],"product_tag":[],"class_list":{"0":"post-15692","1":"product","2":"type-product","3":"status-publish","4":"has-post-thumbnail","6":"product_cat-16-1","7":"product_cat-new-laptop-screens-lcd-panels","9":"first","10":"instock","11":"taxable","12":"shipping-taxable","13":"purchasable","14":"product-type-simple"},"_links":{"self":[{"href":"https:\/\/boreait.com\/fr\/wp-json\/wp\/v2\/product\/15692","targetHints":{"allow":["GET"]}}],"collection":[{"href":"https:\/\/boreait.com\/fr\/wp-json\/wp\/v2\/product"}],"about":[{"href":"https:\/\/boreait.com\/fr\/wp-json\/wp\/v2\/types\/product"}],"wp:featuredmedia":[{"embeddable":true,"href":"https:\/\/boreait.com\/fr\/wp-json\/wp\/v2\/media\/15688"}],"wp:attachment":[{"href":"https:\/\/boreait.com\/fr\/wp-json\/wp\/v2\/media?parent=15692"}],"wp:term":[{"taxonomy":"product_brand","embeddable":true,"href":"https:\/\/boreait.com\/fr\/wp-json\/wp\/v2\/product_brand?post=15692"},{"taxonomy":"product_cat","embeddable":true,"href":"https:\/\/boreait.com\/fr\/wp-json\/wp\/v2\/product_cat?post=15692"},{"taxonomy":"product_tag","embeddable":true,"href":"https:\/\/boreait.com\/fr\/wp-json\/wp\/v2\/product_tag?post=15692"}],"curies":[{"name":"wp","href":"https:\/\/api.w.org\/{rel}","templated":true}]}}