{"id":15681,"date":"2025-09-16T16:01:05","date_gmt":"2025-09-16T14:01:05","guid":{"rendered":"https:\/\/boreait.com\/fr\/?post_type=product&#038;p=15681"},"modified":"2025-09-16T16:01:27","modified_gmt":"2025-09-16T14:01:27","slug":"ecran-lcd-161-mat-fhd-ips-edp-30-broches-n161hca-ea2-ea4-eac-avec-ruban-adhesif-neuf","status":"publish","type":"product","link":"https:\/\/boreait.com\/fr\/produit\/ecran-lcd-161-mat-fhd-ips-edp-30-broches-n161hca-ea2-ea4-eac-avec-ruban-adhesif-neuf\/","title":{"rendered":"\u00c9cran LCD 16,1&Prime; mat FHD IPS eDP 30 broches N161HCA-EA2 EA4 EAC avec ruban adh\u00e9sif, neuf"},"content":{"rendered":"<p>Mod\u00e8le d&rsquo;\u00e9cran LCD actuel\u00a0: N161HCA-EA3 Rev. c2 \u2013 ENTI\u00c8REMENT COMPATIBLE AVEC LES \u00c9CRANS D&rsquo;ORDINATEUR PORTABLE N161HCA-EA2-EA4-EAC<\/p>\n<p>Optimisez l&rsquo;affichage de votre ordinateur portable avec l&rsquo;\u00e9cran LCD 16,1&Prime; N161HCA-EA2, EA4, EAC, con\u00e7u pour une clart\u00e9 et des performances exceptionnelles. Cet \u00e9cran offre une r\u00e9solution Full HD (1920 x 1080) pour des images nettes et \u00e9clatantes. Ses technologies IPS et TFT offrent une pr\u00e9cision des couleurs sup\u00e9rieure et de larges angles de vision, tandis que sa finition mate r\u00e9duit les reflets, le rendant id\u00e9al dans toutes les conditions d&rsquo;\u00e9clairage.<\/p>\n<p>Le connecteur eDP 30 broches assure une connexion s\u00e9curis\u00e9e et efficace \u00e0 votre ordinateur portable, et le ruban adh\u00e9sif double-face inclus facilite l&rsquo;installation. Que vous souhaitiez remplacer un \u00e9cran endommag\u00e9 ou le remplacer pour un meilleur affichage, cet \u00e9cran LCD est une solution fiable et de haute qualit\u00e9.<\/p>\n<p>Veuillez Veuillez noter que cet \u00e9cran n&rsquo;inclut pas les supports sup\u00e9rieur et inf\u00e9rieur. Il est neuf, vous garantissant un produit impeccable, pr\u00eat \u00e0 \u00eatre utilis\u00e9 imm\u00e9diatement.<\/p>\n","protected":false},"excerpt":{"rendered":"<p>Am\u00e9liorez votre ordinateur portable avec l&rsquo;\u00e9cran LCD 16,1&Prime; N161HCA-EA2, EA4, EAC. Dot\u00e9 d&rsquo;une r\u00e9solution Full HD, des technologies IPS et TFT et d&rsquo;une finition mate, cet \u00e9cran offre des images nettes et de larges angles de vision. Livr\u00e9 avec du ruban adh\u00e9sif double face pour une installation facile. \u00c9tat\u00a0: Neuf.<\/p>\n","protected":false},"featured_media":15688,"template":"","meta":[],"product_brand":[],"product_cat":[107,95],"product_tag":[],"class_list":{"0":"post-15681","1":"product","2":"type-product","3":"status-publish","4":"has-post-thumbnail","6":"product_cat-16-1","7":"product_cat-new-laptop-screens-lcd-panels","9":"first","10":"instock","11":"taxable","12":"shipping-taxable","13":"purchasable","14":"product-type-simple"},"_links":{"self":[{"href":"https:\/\/boreait.com\/fr\/wp-json\/wp\/v2\/product\/15681","targetHints":{"allow":["GET"]}}],"collection":[{"href":"https:\/\/boreait.com\/fr\/wp-json\/wp\/v2\/product"}],"about":[{"href":"https:\/\/boreait.com\/fr\/wp-json\/wp\/v2\/types\/product"}],"wp:featuredmedia":[{"embeddable":true,"href":"https:\/\/boreait.com\/fr\/wp-json\/wp\/v2\/media\/15688"}],"wp:attachment":[{"href":"https:\/\/boreait.com\/fr\/wp-json\/wp\/v2\/media?parent=15681"}],"wp:term":[{"taxonomy":"product_brand","embeddable":true,"href":"https:\/\/boreait.com\/fr\/wp-json\/wp\/v2\/product_brand?post=15681"},{"taxonomy":"product_cat","embeddable":true,"href":"https:\/\/boreait.com\/fr\/wp-json\/wp\/v2\/product_cat?post=15681"},{"taxonomy":"product_tag","embeddable":true,"href":"https:\/\/boreait.com\/fr\/wp-json\/wp\/v2\/product_tag?post=15681"}],"curies":[{"name":"wp","href":"https:\/\/api.w.org\/{rel}","templated":true}]}}