{"id":15679,"date":"2025-09-16T16:01:04","date_gmt":"2025-09-16T14:01:04","guid":{"rendered":"https:\/\/boreait.com\/fr\/?post_type=product&#038;p=15679"},"modified":"2026-01-14T12:46:50","modified_gmt":"2026-01-14T11:46:50","slug":"ecran-lcd-hp-n13295-001-156-fhd-ips-144-hz-mat-edp-40-broches-avec-ruban-adhesif-neuf","status":"publish","type":"product","link":"https:\/\/boreait.com\/fr\/produit\/ecran-lcd-hp-n13295-001-156-fhd-ips-144-hz-mat-edp-40-broches-avec-ruban-adhesif-neuf\/","title":{"rendered":"\u00c9cran LCD HP N13295-001 15,6&Prime; FHD IPS 144 Hz mat eDP 40 broches avec ruban adh\u00e9sif, neuf"},"content":{"rendered":"<p>Mod\u00e8le d&rsquo;\u00e9cran LCD\u00a0: n156hra-ea1 REV C1 \/ N156HRA-GAA Rev.c1 \/ N156HMA-GA1 REV C2 \u2013 ENTI\u00c8REMENT COMPATIBLE AVEC L&rsquo;\u00c9CRAN D&rsquo;ORDINATEUR PORTABLE HP N13295-001<\/p>\n<p>Optimisez l&rsquo;affichage de votre ordinateur portable avec l&rsquo;\u00e9cran LCD HP N13295-001 15,6 pouces, con\u00e7u pour offrir des images de haute qualit\u00e9 et une fr\u00e9quence de rafra\u00eechissement sup\u00e9rieure pour des performances optimales. Avec une r\u00e9solution Full HD (1920 x 1080), cet \u00e9cran offre des images nettes et claires, id\u00e9ales pour toutes vos t\u00e2ches quotidiennes, le multim\u00e9dia et les jeux. La fr\u00e9quence de rafra\u00eechissement de 144\u00a0Hz assure des mouvements fluides, tandis que la technologie IPS garantit une pr\u00e9cision des couleurs constante et des angles de vision larges.<\/p>\n<p>La finition mate r\u00e9duit les reflets, pour une visualisation confortable m\u00eame dans des environnements lumineux. Cet \u00e9cran se connecte via un connecteur eDP 40\u00a0broches pour une connexion fiable et stable \u00e0 votre appareil. L&#8217;emballage comprend du ruban adh\u00e9sif double face, simplifiant ainsi l&rsquo;installation.<\/p>\n<p>Veuillez noter que cet \u00e9cran est livr\u00e9 sans supports sup\u00e9rieur et inf\u00e9rieur. Il est neuf, vous garantissant ainsi un produit sans d\u00e9faut et pr\u00eat \u00e0 \u00eatre install\u00e9 imm\u00e9diatement.<\/p>\n","protected":false},"excerpt":{"rendered":"<p>Am\u00e9liorez votre ordinateur portable avec l&rsquo;\u00e9cran IPS FHD 15,6&Prime; HP N13295-001. Dot\u00e9 d&rsquo;un taux de rafra\u00eechissement de 144 Hz, d&rsquo;une finition mate et d&rsquo;un connecteur eDP 40 broches, il offre des images nettes et des performances fluides. Livr\u00e9 avec du ruban adh\u00e9sif double face pour une installation facile. \u00c9tat\u00a0: Neuf.<\/p>\n","protected":false},"featured_media":15657,"template":"","meta":[],"product_brand":[],"product_cat":[105,95],"product_tag":[],"class_list":{"0":"post-15679","1":"product","2":"type-product","3":"status-publish","4":"has-post-thumbnail","6":"product_cat-15-6-new-laptop-screens-lcd-panels","7":"product_cat-new-laptop-screens-lcd-panels","9":"first","10":"instock","11":"taxable","12":"shipping-taxable","13":"purchasable","14":"product-type-simple"},"_links":{"self":[{"href":"https:\/\/boreait.com\/fr\/wp-json\/wp\/v2\/product\/15679","targetHints":{"allow":["GET"]}}],"collection":[{"href":"https:\/\/boreait.com\/fr\/wp-json\/wp\/v2\/product"}],"about":[{"href":"https:\/\/boreait.com\/fr\/wp-json\/wp\/v2\/types\/product"}],"wp:featuredmedia":[{"embeddable":true,"href":"https:\/\/boreait.com\/fr\/wp-json\/wp\/v2\/media\/15657"}],"wp:attachment":[{"href":"https:\/\/boreait.com\/fr\/wp-json\/wp\/v2\/media?parent=15679"}],"wp:term":[{"taxonomy":"product_brand","embeddable":true,"href":"https:\/\/boreait.com\/fr\/wp-json\/wp\/v2\/product_brand?post=15679"},{"taxonomy":"product_cat","embeddable":true,"href":"https:\/\/boreait.com\/fr\/wp-json\/wp\/v2\/product_cat?post=15679"},{"taxonomy":"product_tag","embeddable":true,"href":"https:\/\/boreait.com\/fr\/wp-json\/wp\/v2\/product_tag?post=15679"}],"curies":[{"name":"wp","href":"https:\/\/api.w.org\/{rel}","templated":true}]}}