{"id":15677,"date":"2025-09-16T16:01:01","date_gmt":"2025-09-16T14:01:01","guid":{"rendered":"https:\/\/boreait.com\/fr\/?post_type=product&#038;p=15677"},"modified":"2025-09-16T16:01:22","modified_gmt":"2025-09-16T14:01:22","slug":"ecran-lcd-dell-07xgnj-156-fhd-144-hz-ips-mat-avec-ruban-adhesif-neuf","status":"publish","type":"product","link":"https:\/\/boreait.com\/fr\/produit\/ecran-lcd-dell-07xgnj-156-fhd-144-hz-ips-mat-avec-ruban-adhesif-neuf\/","title":{"rendered":"\u00c9cran LCD Dell 07XGNJ 15,6&Prime; FHD 144 Hz IPS mat avec ruban adh\u00e9sif, neuf"},"content":{"rendered":"<p>Mod\u00e8le d&rsquo;\u00e9cran LCD actuel\u00a0: n156hra-ea1 REV C1 \/ N156HRA-GAA Rev.c1 \/ N156HMA-GA1 REV C2 \u2013 ENTI\u00c8REMENT COMPATIBLE AVEC L&rsquo;\u00c9CRAN D&rsquo;ORDINATEUR PORTABLE Dell 07XGNJ 7XGNJ<\/p>\n<p>Optimisez l&rsquo;affichage de votre ordinateur portable avec l&rsquo;\u00e9cran LCD Dell 07XGNJ 15,6 pouces, con\u00e7u pour des performances visuelles et une clart\u00e9 exceptionnelles. Cet \u00e9cran offre une r\u00e9solution Full HD (1920 x 1080), offrant des images nettes et \u00e9clatantes pour une exp\u00e9rience immersive. Avec un taux de rafra\u00eechissement de 144\u00a0Hz, vos images seront plus fluides et plus r\u00e9actives, id\u00e9ales pour les jeux et les applications rapides.<\/p>\n<p>La technologie IPS garantit des couleurs homog\u00e8nes et de larges angles de vision, tandis que la finition mate minimise les reflets, ce qui le rend id\u00e9al pour une utilisation dans diverses conditions d&rsquo;\u00e9clairage. Le connecteur eDP 40\u00a0broches offre une connexion s\u00e9curis\u00e9e et fiable \u00e0 votre appareil, et le film double face inclus Le ruban adh\u00e9sif facilite l&rsquo;installation.<\/p>\n<p>Veuillez noter que cet \u00e9cran est livr\u00e9 sans supports sup\u00e9rieur et inf\u00e9rieur. Il est neuf, vous garantissant ainsi un produit de haute qualit\u00e9, pr\u00eat \u00e0 l&#8217;emploi.<\/p>\n","protected":false},"excerpt":{"rendered":"<p>Am\u00e9liorez votre ordinateur portable avec l&rsquo;\u00e9cran LCD Dell 07XGNJ 15,6&Prime;. Il est dot\u00e9 d&rsquo;une r\u00e9solution Full HD, de la technologie IPS et d&rsquo;un taux de rafra\u00eechissement de 144 Hz pour des images fluides. Il est \u00e9quip\u00e9 d&rsquo;une connexion eDP 40 broches et d&rsquo;un ruban adh\u00e9sif double face pour une installation facile. La finition mate r\u00e9duit les reflets. \u00c9tat\u00a0: Neuf.<\/p>\n","protected":false},"featured_media":15657,"template":"","meta":[],"product_brand":[],"product_cat":[105,95],"product_tag":[],"class_list":{"0":"post-15677","1":"product","2":"type-product","3":"status-publish","4":"has-post-thumbnail","6":"product_cat-15-6-new-laptop-screens-lcd-panels","7":"product_cat-new-laptop-screens-lcd-panels","9":"first","10":"instock","11":"taxable","12":"shipping-taxable","13":"purchasable","14":"product-type-simple"},"_links":{"self":[{"href":"https:\/\/boreait.com\/fr\/wp-json\/wp\/v2\/product\/15677","targetHints":{"allow":["GET"]}}],"collection":[{"href":"https:\/\/boreait.com\/fr\/wp-json\/wp\/v2\/product"}],"about":[{"href":"https:\/\/boreait.com\/fr\/wp-json\/wp\/v2\/types\/product"}],"wp:featuredmedia":[{"embeddable":true,"href":"https:\/\/boreait.com\/fr\/wp-json\/wp\/v2\/media\/15657"}],"wp:attachment":[{"href":"https:\/\/boreait.com\/fr\/wp-json\/wp\/v2\/media?parent=15677"}],"wp:term":[{"taxonomy":"product_brand","embeddable":true,"href":"https:\/\/boreait.com\/fr\/wp-json\/wp\/v2\/product_brand?post=15677"},{"taxonomy":"product_cat","embeddable":true,"href":"https:\/\/boreait.com\/fr\/wp-json\/wp\/v2\/product_cat?post=15677"},{"taxonomy":"product_tag","embeddable":true,"href":"https:\/\/boreait.com\/fr\/wp-json\/wp\/v2\/product_tag?post=15677"}],"curies":[{"name":"wp","href":"https:\/\/api.w.org\/{rel}","templated":true}]}}