{"id":15674,"date":"2025-09-16T16:00:59","date_gmt":"2025-09-16T14:00:59","guid":{"rendered":"https:\/\/boreait.com\/fr\/?post_type=product&#038;p=15674"},"modified":"2025-09-16T16:01:21","modified_gmt":"2025-09-16T14:01:21","slug":"ecran-lcd-hp-victus-156-fhd-ips-144-hz-mat-40-broches-avec-ruban-adhesif-neuf","status":"publish","type":"product","link":"https:\/\/boreait.com\/fr\/produit\/ecran-lcd-hp-victus-156-fhd-ips-144-hz-mat-40-broches-avec-ruban-adhesif-neuf\/","title":{"rendered":"\u00c9cran LCD HP Victus 15,6&Prime; FHD IPS 144 Hz mat 40 broches avec ruban adh\u00e9sif, neuf"},"content":{"rendered":"<p>Mod\u00e8le d&rsquo;\u00e9cran LCD\u00a0: n156hra-ea1 REV C1 \/ N156HRA-GAA Rev.c1 \/ N156HMA-GA1 REV C2 \u2013 ENTI\u00c8REMENT COMPATIBLE AVEC LES \u00c9CRANS D&rsquo;ORDINATEUR PORTABLE HP Victus 15-fa0003ca, 15-fa0008ca, 15-fa0046nm.<\/p>\n<p>Am\u00e9liorez l&rsquo;affichage de votre ordinateur portable HP Victus avec cet \u00e9cran LCD de remplacement de haute qualit\u00e9, compatible avec les mod\u00e8les 15-fa0003ca, 15-fa0008ca et 15-fa0046nm. Dot\u00e9 d&rsquo;une r\u00e9solution Full HD (1920 x 1080) de 15,6 pouces, cet \u00e9cran offre des couleurs \u00e9clatantes, des images nettes et un taux de rafra\u00eechissement fluide de 144 Hz, id\u00e9al pour les jeux vid\u00e9o ou les t\u00e2ches quotidiennes. La technologie IPS garantit de larges angles de vision et une pr\u00e9cision des couleurs constante, tandis que la finition mate r\u00e9duit les reflets dans les environnements lumineux.<\/p>\n<p>Cet \u00e9cran LCD utilise une connexion eDP 40 broches pour des performances s\u00fbres et fiables. L&#8217;emballage comprend un ruban adh\u00e9sif double face pour une installation simple et rapide. Veuillez noter que l&rsquo;\u00e9cran est fourni sans supports sup\u00e9rieur et inf\u00e9rieur, garantissant ainsi un ajustement parfait et \u00e9l\u00e9gant \u00e0 votre ordinateur portable.<\/p>\n<p>Que vous remplaciez un \u00e9cran endommag\u00e9 ou que vous le mettiez \u00e0 niveau pour une meilleure exp\u00e9rience, cet \u00e9cran neuf constitue une excellente solution pour votre appareil HP Victus.<\/p>\n","protected":false},"excerpt":{"rendered":"<p>Am\u00e9liorez votre ordinateur portable HP Victus avec cet \u00e9cran LCD IPS FHD 15,6 pouces, dot\u00e9 d&rsquo;un taux de rafra\u00eechissement de 144 Hz et d&rsquo;une finition mate. Il est \u00e9quip\u00e9 d&rsquo;une connexion eDP 40 broches et d&rsquo;un ruban adh\u00e9sif double face pour une installation facile. Compatible avec les mod\u00e8les 15-fa0003ca, 15-fa0008ca et 15-fa0046nm. \u00c9tat\u00a0: Neuf.<\/p>\n","protected":false},"featured_media":15657,"template":"","meta":[],"product_brand":[],"product_cat":[105,95],"product_tag":[],"class_list":{"0":"post-15674","1":"product","2":"type-product","3":"status-publish","4":"has-post-thumbnail","6":"product_cat-15-6-new-laptop-screens-lcd-panels","7":"product_cat-new-laptop-screens-lcd-panels","9":"first","10":"instock","11":"taxable","12":"shipping-taxable","13":"purchasable","14":"product-type-simple"},"_links":{"self":[{"href":"https:\/\/boreait.com\/fr\/wp-json\/wp\/v2\/product\/15674","targetHints":{"allow":["GET"]}}],"collection":[{"href":"https:\/\/boreait.com\/fr\/wp-json\/wp\/v2\/product"}],"about":[{"href":"https:\/\/boreait.com\/fr\/wp-json\/wp\/v2\/types\/product"}],"wp:featuredmedia":[{"embeddable":true,"href":"https:\/\/boreait.com\/fr\/wp-json\/wp\/v2\/media\/15657"}],"wp:attachment":[{"href":"https:\/\/boreait.com\/fr\/wp-json\/wp\/v2\/media?parent=15674"}],"wp:term":[{"taxonomy":"product_brand","embeddable":true,"href":"https:\/\/boreait.com\/fr\/wp-json\/wp\/v2\/product_brand?post=15674"},{"taxonomy":"product_cat","embeddable":true,"href":"https:\/\/boreait.com\/fr\/wp-json\/wp\/v2\/product_cat?post=15674"},{"taxonomy":"product_tag","embeddable":true,"href":"https:\/\/boreait.com\/fr\/wp-json\/wp\/v2\/product_tag?post=15674"}],"curies":[{"name":"wp","href":"https:\/\/api.w.org\/{rel}","templated":true}]}}