{"id":15672,"date":"2025-09-16T16:00:59","date_gmt":"2025-09-16T14:00:59","guid":{"rendered":"https:\/\/boreait.com\/fr\/?post_type=product&#038;p=15672"},"modified":"2025-09-16T16:01:20","modified_gmt":"2025-09-16T14:01:20","slug":"ecran-mat-hp-victus-15-156-lcd-fhd-ips-144-hz-avec-ruban-adhesif-neuf","status":"publish","type":"product","link":"https:\/\/boreait.com\/fr\/produit\/ecran-mat-hp-victus-15-156-lcd-fhd-ips-144-hz-avec-ruban-adhesif-neuf\/","title":{"rendered":"\u00c9cran mat HP Victus 15 15,6&Prime; LCD FHD IPS 144 Hz avec ruban adh\u00e9sif, neuf"},"content":{"rendered":"<p>Mod\u00e8le d&rsquo;\u00e9cran LCD actuel\u00a0: n156hra-ea1 REV C1 \/ N156HRA-GAA Rev.c1 \/ N156HMA-GA1 REV C2 \u2013 ENTI\u00c8REMENT COMPATIBLE AVEC LES \u00c9CRANS D&rsquo;ORDINATEUR PORTABLE HP Victus 15-fa0020nr, 15-fa0024nr, 15-fa0027nr<\/p>\n<p>Optimisez les performances de votre ordinateur portable HP Victus 15 avec ce tout nouvel \u00e9cran LCD IPS FHD de 15,6 pouces, sp\u00e9cialement con\u00e7u pour les mod\u00e8les 15-fa0020nr, 15-fa0024nr et 15-fa0027nr. Offrant des images nettes avec une r\u00e9solution Full HD (1920 x 1080), cet \u00e9cran offre une exp\u00e9rience immersive avec une clart\u00e9 exceptionnelle et des couleurs \u00e9clatantes. Son taux de rafra\u00eechissement de 144\u00a0Hz garantit des mouvements fluides, id\u00e9al pour les jeux, le montage vid\u00e9o ou au quotidien. Utilisation.<\/p>\n<p>La finition mate r\u00e9duit les reflets, offrant un confort visuel optimal dans diverses conditions d&rsquo;\u00e9clairage, tandis que la technologie IPS offre de larges angles de vision et une pr\u00e9cision des couleurs constante. Le connecteur EDP 40 broches garantit une connexion fiable et s\u00e9curis\u00e9e \u00e0 votre ordinateur portable.<\/p>\n<p>Cet \u00e9cran de remplacement est fourni avec un ruban adh\u00e9sif double face pour une installation facile et un remplacement sans souci. Veuillez noter que l&rsquo;\u00e9cran est vendu sans supports sup\u00e9rieur et inf\u00e9rieur. \u00c9tat\u00a0: neuf et pr\u00eat \u00e0 \u00eatre install\u00e9.<\/p>\n","protected":false},"excerpt":{"rendered":"<p>Am\u00e9liorez votre ordinateur portable HP Victus 15 avec un nouvel \u00e9cran IPS FHD de 15,6 pouces. Compatible avec les mod\u00e8les 15-fa0020nr, 15-fa0024nr et 15-fa0027nr, cet \u00e9cran EDP \u00e0 40 broches offre un taux de rafra\u00eechissement de 144 Hz, une finition mate et un ruban adh\u00e9sif double face pour une installation facile. \u00c9tat\u00a0: neuf.<\/p>\n","protected":false},"featured_media":15657,"template":"","meta":[],"product_brand":[],"product_cat":[105,95],"product_tag":[],"class_list":{"0":"post-15672","1":"product","2":"type-product","3":"status-publish","4":"has-post-thumbnail","6":"product_cat-15-6-new-laptop-screens-lcd-panels","7":"product_cat-new-laptop-screens-lcd-panels","9":"first","10":"instock","11":"taxable","12":"shipping-taxable","13":"purchasable","14":"product-type-simple"},"_links":{"self":[{"href":"https:\/\/boreait.com\/fr\/wp-json\/wp\/v2\/product\/15672","targetHints":{"allow":["GET"]}}],"collection":[{"href":"https:\/\/boreait.com\/fr\/wp-json\/wp\/v2\/product"}],"about":[{"href":"https:\/\/boreait.com\/fr\/wp-json\/wp\/v2\/types\/product"}],"wp:featuredmedia":[{"embeddable":true,"href":"https:\/\/boreait.com\/fr\/wp-json\/wp\/v2\/media\/15657"}],"wp:attachment":[{"href":"https:\/\/boreait.com\/fr\/wp-json\/wp\/v2\/media?parent=15672"}],"wp:term":[{"taxonomy":"product_brand","embeddable":true,"href":"https:\/\/boreait.com\/fr\/wp-json\/wp\/v2\/product_brand?post=15672"},{"taxonomy":"product_cat","embeddable":true,"href":"https:\/\/boreait.com\/fr\/wp-json\/wp\/v2\/product_cat?post=15672"},{"taxonomy":"product_tag","embeddable":true,"href":"https:\/\/boreait.com\/fr\/wp-json\/wp\/v2\/product_tag?post=15672"}],"curies":[{"name":"wp","href":"https:\/\/api.w.org\/{rel}","templated":true}]}}