{"id":15669,"date":"2025-09-16T16:00:58","date_gmt":"2025-09-16T14:00:58","guid":{"rendered":"https:\/\/boreait.com\/fr\/?post_type=product&#038;p=15669"},"modified":"2025-09-16T16:01:19","modified_gmt":"2025-09-16T14:01:19","slug":"ecran-lcd-ips-mat-156-fhd-144-hz-pour-hp-victus-15-fa-avec-ruban-adhesif-neuf","status":"publish","type":"product","link":"https:\/\/boreait.com\/fr\/produit\/ecran-lcd-ips-mat-156-fhd-144-hz-pour-hp-victus-15-fa-avec-ruban-adhesif-neuf\/","title":{"rendered":"\u00c9cran LCD IPS mat 15,6&Prime; FHD 144 Hz pour HP Victus 15-fa avec ruban adh\u00e9sif, neuf"},"content":{"rendered":"<p>Mod\u00e8le d&rsquo;\u00e9cran LCD actuel\u00a0: n156hra-ea1 REV C1 \/ N156HRA-GAA Rev.c1 \/ N156HMA-GA1 REV C2 \u2013 ENTI\u00c8REMENT COMPATIBLE AVEC LES \u00c9CRANS D&rsquo;ORDINATEUR PORTABLE HP Victus 15-fa0031dx, 15-fa0053dx, 15-fa0014dx, 15-fa0032dx, 15-fa0053dx, 15-fa0048dx, 15-fa0029dx.<\/p>\n<p>Optimisez votre exp\u00e9rience d&rsquo;utilisation avec votre ordinateur portable HP Victus gr\u00e2ce \u00e0 un \u00e9cran LCD 15,6 pouces haute qualit\u00e9, con\u00e7u pour certains mod\u00e8les, notamment les mod\u00e8les 15-fa0031dx, 15-fa0053dx, 15-fa0014dx, 15-fa0032dx. 15-fa0053dx, 15-fa0048dx et 15-fa0029dx. Cet \u00e9cran Full HD (1920 x 1080) avec un taux de rafra\u00eechissement de 144 Hz offre des images nettes et cristallines ainsi que des mouvements fluides pour les jeux, le travail ou les loisirs.<\/p>\n<p>Sa finition mate r\u00e9duit les reflets, offrant un confort visuel optimal dans diff\u00e9rentes conditions d&rsquo;\u00e9clairage, tandis que la technologie IPS offre des couleurs \u00e9clatantes et de larges angles de vision. Le connecteur eDP 40 broches assure une connexion fiable et stable \u00e0 votre ordinateur portable, ce qui en fait le remplacement id\u00e9al des \u00e9crans endommag\u00e9s ou cass\u00e9s.<\/p>\n<p>Un ruban adh\u00e9sif double-face est fourni avec l&rsquo;\u00e9cran, simplifiant ainsi l&rsquo;installation. Veuillez noter que cet \u00e9cran est livr\u00e9 sans supports sup\u00e9rieur et inf\u00e9rieur. Il est neuf, garantissant ainsi un produit neuf et sans d\u00e9faut pour votre ordinateur portable.<\/p>\n","protected":false},"excerpt":{"rendered":"<p>Am\u00e9liorez votre ordinateur portable HP Victus avec un nouvel \u00e9cran LCD IPS FHD 144 Hz de 15,6 pouces. Cet \u00e9cran mat offre des images nettes et des performances fluides gr\u00e2ce \u00e0 une connexion eDP 40 broches. Ruban adh\u00e9sif double face inclus pour une installation facile. \u00c9tat\u00a0: Neuf.<\/p>\n","protected":false},"featured_media":15657,"template":"","meta":[],"product_brand":[],"product_cat":[105,95],"product_tag":[],"class_list":{"0":"post-15669","1":"product","2":"type-product","3":"status-publish","4":"has-post-thumbnail","6":"product_cat-15-6-new-laptop-screens-lcd-panels","7":"product_cat-new-laptop-screens-lcd-panels","9":"first","10":"instock","11":"taxable","12":"shipping-taxable","13":"purchasable","14":"product-type-simple"},"_links":{"self":[{"href":"https:\/\/boreait.com\/fr\/wp-json\/wp\/v2\/product\/15669","targetHints":{"allow":["GET"]}}],"collection":[{"href":"https:\/\/boreait.com\/fr\/wp-json\/wp\/v2\/product"}],"about":[{"href":"https:\/\/boreait.com\/fr\/wp-json\/wp\/v2\/types\/product"}],"wp:featuredmedia":[{"embeddable":true,"href":"https:\/\/boreait.com\/fr\/wp-json\/wp\/v2\/media\/15657"}],"wp:attachment":[{"href":"https:\/\/boreait.com\/fr\/wp-json\/wp\/v2\/media?parent=15669"}],"wp:term":[{"taxonomy":"product_brand","embeddable":true,"href":"https:\/\/boreait.com\/fr\/wp-json\/wp\/v2\/product_brand?post=15669"},{"taxonomy":"product_cat","embeddable":true,"href":"https:\/\/boreait.com\/fr\/wp-json\/wp\/v2\/product_cat?post=15669"},{"taxonomy":"product_tag","embeddable":true,"href":"https:\/\/boreait.com\/fr\/wp-json\/wp\/v2\/product_tag?post=15669"}],"curies":[{"name":"wp","href":"https:\/\/api.w.org\/{rel}","templated":true}]}}