{"id":15667,"date":"2025-09-16T16:00:57","date_gmt":"2025-09-16T14:00:57","guid":{"rendered":"https:\/\/boreait.com\/fr\/?post_type=product&#038;p=15667"},"modified":"2025-09-16T16:01:18","modified_gmt":"2025-09-16T14:01:18","slug":"ecran-lcd-ips-mat-msi-stealth-15m-a11uek-156-fhd-144-hz-40-broches-neuf","status":"publish","type":"product","link":"https:\/\/boreait.com\/fr\/produit\/ecran-lcd-ips-mat-msi-stealth-15m-a11uek-156-fhd-144-hz-40-broches-neuf\/","title":{"rendered":"\u00c9cran LCD IPS mat MSI Stealth 15M A11UEK 15,6&Prime; FHD 144 Hz, 40 broches, neuf"},"content":{"rendered":"<p>Mod\u00e8le d&rsquo;\u00e9cran LCD actuel\u00a0: n156hra-ea1 REV C1 \/ N156HRA-GAA Rev.c1 \/ N156HMA-GA1 REV C2 \u2013 ENTI\u00c8REMENT COMPATIBLE AVEC L&rsquo;\u00c9CRAN D&rsquo;ORDINATEUR PORTABLE MSI STEALTH 15M A11UEK<\/p>\n<p>Am\u00e9liorez votre exp\u00e9rience de jeu ou de travail avec un tout nouvel \u00e9cran LCD 15,6 pouces con\u00e7u pour le MSI Stealth 15M A11UEK. Cet \u00e9cran de haute qualit\u00e9 offre une r\u00e9solution Full HD (1920 x 1080) avec un taux de rafra\u00eechissement fluide de 144\u00a0Hz, garantissant des images \u00e9clatantes et des mouvements fluides, id\u00e9al pour les jeux rapides ou les t\u00e2ches professionnelles n\u00e9cessitant un taux de rafra\u00eechissement \u00e9lev\u00e9.<\/p>\n<p>La technologie de dalle IPS offre des couleurs homog\u00e8nes et pr\u00e9cises sur de larges angles de vision, tandis que la finition mate r\u00e9duit les reflets dans les environnements lumineux, am\u00e9liorant ainsi la visibilit\u00e9 globale. Cet \u00e9cran utilise une connexion eDP 40\u00a0broches pour des performances fiables et est con\u00e7u sans bords sup\u00e9rieurs. Supports inf\u00e9rieurs.<\/p>\n<p>Des rubans adh\u00e9sifs double-face sont inclus dans l&#8217;emballage pour une installation facile. Que vous souhaitiez remplacer un \u00e9cran endommag\u00e9 ou am\u00e9liorer ses performances, cet \u00e9cran est id\u00e9al pour votre ordinateur portable MSI Stealth 15M A11UEK.<\/p>\n<p><strong>Caract\u00e9ristiques principales\u00a0:<\/strong><\/p>\n<ul>\n<li>Taille de l&rsquo;\u00e9cran\u00a0: 15,6 pouces<\/li>\n<li>R\u00e9solution Full HD (1920 x 1080)<\/li>\n<li>Fr\u00e9quence de rafra\u00eechissement de 144\u00a0Hz pour des images fluides<\/li>\n<li>Finition mate pour r\u00e9duire les reflets<\/li>\n<li>Dalle IPS pour de larges angles de vision<\/li>\n<li>Connexion eDP 40 broches<\/li>\n<li>Ruban adh\u00e9sif double-face inclus<\/li>\n<li>\u00c9tat\u00a0: Neuf, sans supports sup\u00e9rieur et inf\u00e9rieur<\/li>\n<\/ul>\n","protected":false},"excerpt":{"rendered":"<p>Am\u00e9liorez votre MSI Stealth 15M A11UEK avec un \u00e9cran LCD IPS mat FHD 144 Hz de 15,6 pouces. Il est dot\u00e9 d&rsquo;une connectivit\u00e9 eDP 40 broches et d&rsquo;un ruban adh\u00e9sif double face pour une installation facile. \u00c9tat\u00a0: neuf, sans supports sup\u00e9rieur et inf\u00e9rieur.<\/p>\n","protected":false},"featured_media":15657,"template":"","meta":[],"product_brand":[],"product_cat":[105,95],"product_tag":[82],"class_list":{"0":"post-15667","1":"product","2":"type-product","3":"status-publish","4":"has-post-thumbnail","6":"product_cat-15-6-new-laptop-screens-lcd-panels","7":"product_cat-new-laptop-screens-lcd-panels","8":"product_tag-msi","10":"first","11":"instock","12":"taxable","13":"shipping-taxable","14":"purchasable","15":"product-type-simple"},"_links":{"self":[{"href":"https:\/\/boreait.com\/fr\/wp-json\/wp\/v2\/product\/15667","targetHints":{"allow":["GET"]}}],"collection":[{"href":"https:\/\/boreait.com\/fr\/wp-json\/wp\/v2\/product"}],"about":[{"href":"https:\/\/boreait.com\/fr\/wp-json\/wp\/v2\/types\/product"}],"wp:featuredmedia":[{"embeddable":true,"href":"https:\/\/boreait.com\/fr\/wp-json\/wp\/v2\/media\/15657"}],"wp:attachment":[{"href":"https:\/\/boreait.com\/fr\/wp-json\/wp\/v2\/media?parent=15667"}],"wp:term":[{"taxonomy":"product_brand","embeddable":true,"href":"https:\/\/boreait.com\/fr\/wp-json\/wp\/v2\/product_brand?post=15667"},{"taxonomy":"product_cat","embeddable":true,"href":"https:\/\/boreait.com\/fr\/wp-json\/wp\/v2\/product_cat?post=15667"},{"taxonomy":"product_tag","embeddable":true,"href":"https:\/\/boreait.com\/fr\/wp-json\/wp\/v2\/product_tag?post=15667"}],"curies":[{"name":"wp","href":"https:\/\/api.w.org\/{rel}","templated":true}]}}