{"id":15666,"date":"2025-09-16T16:00:57","date_gmt":"2025-09-16T14:00:57","guid":{"rendered":"https:\/\/boreait.com\/fr\/?post_type=product&#038;p=15666"},"modified":"2026-02-17T14:23:27","modified_gmt":"2026-02-17T13:23:27","slug":"hp-victus-15-fa-ecran-lcd-156-fhd-ips-144-hz-mat-avec-ruban-adhesif-neuf","status":"publish","type":"product","link":"https:\/\/boreait.com\/fr\/produit\/hp-victus-15-fa-ecran-lcd-156-fhd-ips-144-hz-mat-avec-ruban-adhesif-neuf\/","title":{"rendered":"HP Victus 15-FA \u00c9cran LCD 15,6&Prime; FHD IPS 144 Hz Mat avec ruban adh\u00e9sif Neuf"},"content":{"rendered":"<p>Mod\u00e8le d&rsquo;\u00e9cran LCD\u00a0: n156hra-ea1 REV C1 \/ N156HRA-GAA Rev.c1 \/ N156HMA-GA1 REV C2 \u2013 ENTI\u00c8REMENT COMPATIBLE AVEC LES \u00c9CRANS D&rsquo;ORDINATEUR PORTABLE HP VICTUS S\u00c9RIE 15-FA<\/p>\n<p>Optimisez votre ordinateur portable HP Victus s\u00e9rie 15-FA avec cet \u00e9cran LCD 15,6 pouces de haute qualit\u00e9, con\u00e7u pour des performances fluides et une excellente clart\u00e9 visuelle. Dot\u00e9 d&rsquo;une r\u00e9solution Full HD (1920 x 1080) et d&rsquo;un taux de rafra\u00eechissement de 144\u00a0Hz, cet \u00e9cran garantit des images fluides et nettes, id\u00e9ales pour les jeux et les applications multim\u00e9dias.<\/p>\n<p>La technologie IPS offre de larges angles de vision et une pr\u00e9cision des couleurs constante, tandis que la finition mate r\u00e9duit les reflets pour une meilleure visibilit\u00e9 dans diff\u00e9rentes conditions d&rsquo;\u00e9clairage. Le connecteur eDP 40\u00a0broches assure une connexion s\u00e9curis\u00e9e \u00e0 votre appareil.<\/p>\n<p>L&rsquo;\u00e9cran est fourni avec un ruban adh\u00e9sif double-face pour une installation facile. Les supports sup\u00e9rieur et inf\u00e9rieur ne sont pas inclus. Cet \u00e9cran neuf est id\u00e9al pour remplacer un \u00e9cran endommag\u00e9 ou d\u00e9fectueux et restaurer votre ordinateur portable \u00e0 un \u00e9tat optimal.<\/p>\n<p>15-FA0000CA, 15-FA0000CI, 15-FA0000LA, 15-FA0000NA, 15-FA0000NE, 15-FA0000NI, 15-FA0000NIA, 15-FA0000NJ, 15-FA0000NK, 15-FA0000NL, 15-FA0000NM, 15-FA0000NQ, 15-FA0000NS, 15-FA0000NT, 15-FA0000NU, 15-FA0000NX 15-FA0000SA, 15-FA0000SF 15-FA0000SL, 15-FA0000TX, 15-FA0000UA, 15-FA0000UR, 15-FA0001CI, 15-FA0001LA, 15-FA0001NA, 15-FA0001NE, 15-FA0001NI, 15-FA0001NK, 15-FA0001NM, 15-FA0001NQ, 15-FA0001NS, 15-FA0001NT, 15-FA0001NW, 15-FA0001NX, 15-FA0001SF 15-FA0001SL, 15-FA0001TX, 15-FA0001UA, 15-FA0001UR, 15-FA0002CI, 15-FA0002LA, 15-FA0002NA, 15-FA0002NE, 15-FA0002NG, 15-FA0002NK, 15-FA0002NM, 15-FA0002NQ, 15-FA0002NS 15-FA0002NT, 15-FA0002SF, 15-FA0002SL, 15-FA0002UA, 15-FA0003CA, 15-FA0003CI, 15-FA0003NA, 15-FA0003NE, 15-FA0003NK, 15-FA0003NM, 15-FA0003NQ, 15-FA0003NS, 15-FA0003NT, 15-FA0003SF, 15-FA0003SL, 15-FA0003UA, 15-FA0004CI, 15-FA0004LA, 15-FA0004NA, 15-FA0004NE, 15-FA0004NK, 15-FA0004NM, 15-FA0004NQ, 15-FA0004NS, 15-FA0004NT, \u200b\u200b15-FA0004NV, 15-FA0004NW, 15-FA0004NX, 15-FA0004SF, 15-FA0004SL, 15-FA0004UA, 15-FA0005CI, 15-A0005NA, 15-FA0005NE, 15-FA0005NI, 15-FA0005NJ, 15-FA0005NK, 15-FA0005NL, 15-FA0005NM, 15-FA0005NQ, 15-FA0005NS, 15-FA0005NT, 15-FA0005NX, 15-FA0005SF, 15-FA0005SL, 15-FA0005TG, 15-FA0005UA, 15-FA0006CI, 15-FA0006LA, 15-FA0006NA, 15-FA0006NE, 15-FA0046NM, 15-FA0092NE, 15-FA1000NX, 15-FA1000NX, 15-FA1017NP, 15-FA1063NT, 15-FA1064NT,<\/p>\n","protected":false},"excerpt":{"rendered":"<p>Am\u00e9liorez votre HP Victus s\u00e9rie 15-FA avec un \u00e9cran LCD mat FHD 144 Hz de 15,6 pouces. Cette dalle IPS offre des images nettes, de larges angles de vision et est fournie avec un ruban adh\u00e9sif double face pour une installation facile. \u00c9tat\u00a0: Neuf.<\/p>\n","protected":false},"featured_media":15657,"template":"","meta":[],"product_brand":[],"product_cat":[105,95],"product_tag":[],"class_list":{"0":"post-15666","1":"product","2":"type-product","3":"status-publish","4":"has-post-thumbnail","6":"product_cat-15-6-new-laptop-screens-lcd-panels","7":"product_cat-new-laptop-screens-lcd-panels","9":"first","10":"instock","11":"taxable","12":"shipping-taxable","13":"purchasable","14":"product-type-simple"},"_links":{"self":[{"href":"https:\/\/boreait.com\/fr\/wp-json\/wp\/v2\/product\/15666","targetHints":{"allow":["GET"]}}],"collection":[{"href":"https:\/\/boreait.com\/fr\/wp-json\/wp\/v2\/product"}],"about":[{"href":"https:\/\/boreait.com\/fr\/wp-json\/wp\/v2\/types\/product"}],"wp:featuredmedia":[{"embeddable":true,"href":"https:\/\/boreait.com\/fr\/wp-json\/wp\/v2\/media\/15657"}],"wp:attachment":[{"href":"https:\/\/boreait.com\/fr\/wp-json\/wp\/v2\/media?parent=15666"}],"wp:term":[{"taxonomy":"product_brand","embeddable":true,"href":"https:\/\/boreait.com\/fr\/wp-json\/wp\/v2\/product_brand?post=15666"},{"taxonomy":"product_cat","embeddable":true,"href":"https:\/\/boreait.com\/fr\/wp-json\/wp\/v2\/product_cat?post=15666"},{"taxonomy":"product_tag","embeddable":true,"href":"https:\/\/boreait.com\/fr\/wp-json\/wp\/v2\/product_tag?post=15666"}],"curies":[{"name":"wp","href":"https:\/\/api.w.org\/{rel}","templated":true}]}}