{"id":15664,"date":"2025-09-16T16:00:56","date_gmt":"2025-09-16T14:00:56","guid":{"rendered":"https:\/\/boreait.com\/fr\/?post_type=product&#038;p=15664"},"modified":"2025-09-16T16:01:17","modified_gmt":"2025-09-16T14:01:17","slug":"ecran-lcd-ips-fhd-156-dell-g8wwp-144-hz-40-broches-mat-avec-ruban-adhesif-neuf","status":"publish","type":"product","link":"https:\/\/boreait.com\/fr\/produit\/ecran-lcd-ips-fhd-156-dell-g8wwp-144-hz-40-broches-mat-avec-ruban-adhesif-neuf\/","title":{"rendered":"\u00c9cran LCD IPS FHD 15,6&Prime; Dell G8WWP, 144 Hz, 40 broches, mat, avec ruban adh\u00e9sif, neuf"},"content":{"rendered":"<p>Mod\u00e8le d&rsquo;\u00e9cran LCD actuel\u00a0: n156hra-ea1 REV C1 \/ N156HRA-GAA Rev.c1 \/ N156HMA-GA1 REV C2 \u2013 ENTI\u00c8REMENT COMPATIBLE AVEC LES \u00c9CRANS D&rsquo;ORDINATEUR PORTABLE Dell G8WWP \/ 0G8WWP<\/p>\n<p>Am\u00e9liorez les performances de votre ordinateur portable avec l&rsquo;\u00e9cran LCD IPS FHD 15,6&Prime; Dell G8WWP. Con\u00e7u pour des images fluides et nettes, cet \u00e9cran offre une r\u00e9solution Full HD (1920 x 1080) associ\u00e9e \u00e0 un taux de rafra\u00eechissement de 144\u00a0Hz, garantissant des mouvements fluides et des images nettes, id\u00e9al pour les jeux, le streaming et la productivit\u00e9.<\/p>\n<p>La technologie IPS offre des couleurs \u00e9clatantes et de larges angles de vision, tandis que la finition mate minimise les reflets pour un confort visuel optimal dans diff\u00e9rents environnements lumineux. Cet \u00e9cran utilise un connecteur eDP 40\u00a0broches pour un transfert de donn\u00e9es stable et des performances fiables.<\/p>\n<p>L&rsquo;installation est simplifi\u00e9e gr\u00e2ce au ruban adh\u00e9sif double face inclus. Ruban adh\u00e9sif. Veuillez noter que l&rsquo;\u00e9cran est livr\u00e9 sans supports sup\u00e9rieur et inf\u00e9rieur. L&rsquo;\u00e9cran est comme neuf, garantissant des performances optimales d\u00e8s le premier jour.<\/p>\n","protected":false},"excerpt":{"rendered":"<p>Am\u00e9liorez l&rsquo;affichage de votre ordinateur portable avec l&rsquo;\u00e9cran LCD IPS FHD Dell G8WWP 15,6&Prime;. Dot\u00e9 d&rsquo;un taux de rafra\u00eechissement de 144 Hz, d&rsquo;une finition mate et d&rsquo;une connexion eDP 40 broches, il offre des images fluides et des couleurs \u00e9clatantes. Livr\u00e9 avec du ruban adh\u00e9sif double face pour une installation facile. \u00c9tat\u00a0: Neuf.<\/p>\n","protected":false},"featured_media":15657,"template":"","meta":[],"product_brand":[],"product_cat":[105,95],"product_tag":[],"class_list":{"0":"post-15664","1":"product","2":"type-product","3":"status-publish","4":"has-post-thumbnail","6":"product_cat-15-6-new-laptop-screens-lcd-panels","7":"product_cat-new-laptop-screens-lcd-panels","9":"first","10":"instock","11":"taxable","12":"shipping-taxable","13":"purchasable","14":"product-type-simple"},"_links":{"self":[{"href":"https:\/\/boreait.com\/fr\/wp-json\/wp\/v2\/product\/15664","targetHints":{"allow":["GET"]}}],"collection":[{"href":"https:\/\/boreait.com\/fr\/wp-json\/wp\/v2\/product"}],"about":[{"href":"https:\/\/boreait.com\/fr\/wp-json\/wp\/v2\/types\/product"}],"wp:featuredmedia":[{"embeddable":true,"href":"https:\/\/boreait.com\/fr\/wp-json\/wp\/v2\/media\/15657"}],"wp:attachment":[{"href":"https:\/\/boreait.com\/fr\/wp-json\/wp\/v2\/media?parent=15664"}],"wp:term":[{"taxonomy":"product_brand","embeddable":true,"href":"https:\/\/boreait.com\/fr\/wp-json\/wp\/v2\/product_brand?post=15664"},{"taxonomy":"product_cat","embeddable":true,"href":"https:\/\/boreait.com\/fr\/wp-json\/wp\/v2\/product_cat?post=15664"},{"taxonomy":"product_tag","embeddable":true,"href":"https:\/\/boreait.com\/fr\/wp-json\/wp\/v2\/product_tag?post=15664"}],"curies":[{"name":"wp","href":"https:\/\/api.w.org\/{rel}","templated":true}]}}