{"id":15661,"date":"2025-09-16T16:00:55","date_gmt":"2025-09-16T14:00:55","guid":{"rendered":"https:\/\/boreait.com\/fr\/?post_type=product&#038;p=15661"},"modified":"2025-09-16T16:01:15","modified_gmt":"2025-09-16T14:01:15","slug":"gigabyte-aorus-15-x9-ecran-lcd-mat-156-fhd-ips-144-hz-avec-ruban-adhesif-neuf","status":"publish","type":"product","link":"https:\/\/boreait.com\/fr\/produit\/gigabyte-aorus-15-x9-ecran-lcd-mat-156-fhd-ips-144-hz-avec-ruban-adhesif-neuf\/","title":{"rendered":"GIGABYTE AORUS 15 X9 \u00c9cran LCD mat 15,6&Prime; FHD IPS 144 Hz avec ruban adh\u00e9sif, neuf"},"content":{"rendered":"<p>Mod\u00e8le d&rsquo;\u00e9cran LCD\u00a0: n156hra-ea1 REV C1 \/ N156HRA-GAA Rev.c1 \/ N156HMA-GA1 REV C2 \u2013 ENTI\u00c8REMENT COMPATIBLE AVEC L&rsquo;\u00c9CRAN D&rsquo;ORDINATEUR PORTABLE GIGABYTE AORUS 15 X9<\/p>\n<p>Am\u00e9liorez votre exp\u00e9rience de jeu et visuelle avec cet \u00e9cran LCD haut de gamme sp\u00e9cialement con\u00e7u pour le GIGABYTE AORUS 15 X9. Cet \u00e9cran Full HD de 15,6 pouces offre une r\u00e9solution nette de 1920 x 1080 pixels, garantissant des images claires et \u00e9clatantes, aussi bien pour les jeux que pour la productivit\u00e9. Avec un taux de rafra\u00eechissement \u00e9lev\u00e9 de 144\u00a0Hz, vous profiterez d&rsquo;une exp\u00e9rience de jeu plus fluide et d&rsquo;un flou de mouvement r\u00e9duit, id\u00e9al pour les jeux d&rsquo;action rapides.<\/p>\n<p>L&rsquo;\u00e9cran est dot\u00e9 de la technologie IPS, offrant des couleurs homog\u00e8nes et de larges angles de vision. Sa finition mate r\u00e9duit les reflets et l&rsquo;\u00e9blouissement, am\u00e9liorant ainsi votre exp\u00e9rience visuelle dans diverses conditions d&rsquo;\u00e9clairage. <\/p>\n<p>Cet \u00e9cran LCD est \u00e9quip\u00e9 d&rsquo;un connecteur eDP 40 broches, garantissant une connexion stable et s\u00e9curis\u00e9e \u00e0 votre ordinateur portable. L&#8217;emballage comprend un ruban adh\u00e9sif double face pour une installation facile, m\u00eame sans les supports sup\u00e9rieur et inf\u00e9rieur.<\/p>\n<p>\u00c9tat\u00a0: Produit neuf, vous assurant un produit impeccable, pr\u00eat \u00e0 \u00eatre install\u00e9.<\/p>\n","protected":false},"excerpt":{"rendered":"<p>Am\u00e9liorez votre GIGABYTE AORUS 15 X9 avec cet \u00e9cran LCD IPS FHD de 15,6 pouces. Il est dot\u00e9 d&rsquo;un taux de rafra\u00eechissement de 144 Hz, d&rsquo;une connexion eDP 40 broches et d&rsquo;une finition mate pour r\u00e9duire les reflets. Ruban adh\u00e9sif double face inclus pour une installation facile. \u00c9tat\u00a0: Neuf.<\/p>\n","protected":false},"featured_media":15657,"template":"","meta":[],"product_brand":[],"product_cat":[105,95],"product_tag":[],"class_list":{"0":"post-15661","1":"product","2":"type-product","3":"status-publish","4":"has-post-thumbnail","6":"product_cat-15-6-new-laptop-screens-lcd-panels","7":"product_cat-new-laptop-screens-lcd-panels","9":"first","10":"instock","11":"taxable","12":"shipping-taxable","13":"purchasable","14":"product-type-simple"},"_links":{"self":[{"href":"https:\/\/boreait.com\/fr\/wp-json\/wp\/v2\/product\/15661","targetHints":{"allow":["GET"]}}],"collection":[{"href":"https:\/\/boreait.com\/fr\/wp-json\/wp\/v2\/product"}],"about":[{"href":"https:\/\/boreait.com\/fr\/wp-json\/wp\/v2\/types\/product"}],"wp:featuredmedia":[{"embeddable":true,"href":"https:\/\/boreait.com\/fr\/wp-json\/wp\/v2\/media\/15657"}],"wp:attachment":[{"href":"https:\/\/boreait.com\/fr\/wp-json\/wp\/v2\/media?parent=15661"}],"wp:term":[{"taxonomy":"product_brand","embeddable":true,"href":"https:\/\/boreait.com\/fr\/wp-json\/wp\/v2\/product_brand?post=15661"},{"taxonomy":"product_cat","embeddable":true,"href":"https:\/\/boreait.com\/fr\/wp-json\/wp\/v2\/product_cat?post=15661"},{"taxonomy":"product_tag","embeddable":true,"href":"https:\/\/boreait.com\/fr\/wp-json\/wp\/v2\/product_tag?post=15661"}],"curies":[{"name":"wp","href":"https:\/\/api.w.org\/{rel}","templated":true}]}}