{"id":15653,"date":"2025-09-16T16:00:28","date_gmt":"2025-09-16T14:00:28","guid":{"rendered":"https:\/\/boreait.com\/fr\/?post_type=product&#038;p=15653"},"modified":"2025-09-16T16:00:49","modified_gmt":"2025-09-16T14:00:49","slug":"ecran-lcd-nv156fhm-nx4-n4u-156-fhd-ips-144-hz-40-broches-avec-ruban-adhesif-neuf","status":"publish","type":"product","link":"https:\/\/boreait.com\/fr\/produit\/ecran-lcd-nv156fhm-nx4-n4u-156-fhd-ips-144-hz-40-broches-avec-ruban-adhesif-neuf\/","title":{"rendered":"\u00c9cran LCD NV156FHM-NX4\/N4U 15,6&Prime; FHD IPS 144 Hz 40 broches avec ruban adh\u00e9sif, neuf"},"content":{"rendered":"<p>Mod\u00e8le d&rsquo;\u00e9cran LCD actuel\u00a0: n156hra-ea1 REV C1 \/ N156HRA-GAA Rev.c1 \/ N156HMA-GA1 REV C2 \u2013 ENTI\u00c8REMENT COMPATIBLE AVEC L&rsquo;\u00c9CRAN D&rsquo;ORDINATEUR PORTABLE NV156FHM-NX4\/N4U<\/p>\n<p>Optimisez l&rsquo;affichage de votre ordinateur portable avec l&rsquo;\u00e9cran LCD 15,6&Prime; NV156FHM-NX4\/N4U, con\u00e7u pour des performances \u00e9lev\u00e9es et des visuels immersifs. Cet \u00e9cran offre une r\u00e9solution Full HD (1920 x 1080) associ\u00e9e \u00e0 la technologie IPS, garantissant des images nettes, des couleurs \u00e9clatantes et de larges angles de vision. Avec un taux de rafra\u00eechissement de 144\u00a0Hz, il offre des images fluides et fluides, id\u00e9ales pour les jeux, le multim\u00e9dia et les t\u00e2ches quotidiennes.<\/p>\n<p>La finition mate r\u00e9duit les reflets, offrant une exp\u00e9rience visuelle confortable dans diverses conditions d&rsquo;\u00e9clairage. La connexion eDP \u00e0 40\u00a0broches assure une connexion s\u00e9curis\u00e9e et fiable \u00e0 votre appareil, tandis que Le ruban adh\u00e9sif double face inclus facilite l&rsquo;installation.<\/p>\n<p>Veuillez noter que cet \u00e9cran est livr\u00e9 sans supports sup\u00e9rieur et inf\u00e9rieur. Il est neuf, vous garantissant ainsi un produit impeccable, pr\u00eat \u00e0 \u00eatre install\u00e9.<\/p>\n","protected":false},"excerpt":{"rendered":"<p>Am\u00e9liorez votre ordinateur portable avec l&rsquo;\u00e9cran LCD 15,6&Prime; NV156FHM-NX4\/N4U. Il est dot\u00e9 d&rsquo;une r\u00e9solution IPS Full HD, d&rsquo;un taux de rafra\u00eechissement de 144 Hz, d&rsquo;une finition mate et d&rsquo;une connexion eDP 40 broches pour des images fluides. Ruban adh\u00e9sif double face inclus. \u00c9tat\u00a0: Neuf.<\/p>\n","protected":false},"featured_media":15657,"template":"","meta":[],"product_brand":[],"product_cat":[105,95],"product_tag":[],"class_list":{"0":"post-15653","1":"product","2":"type-product","3":"status-publish","4":"has-post-thumbnail","6":"product_cat-15-6-new-laptop-screens-lcd-panels","7":"product_cat-new-laptop-screens-lcd-panels","9":"first","10":"instock","11":"taxable","12":"shipping-taxable","13":"purchasable","14":"product-type-simple"},"_links":{"self":[{"href":"https:\/\/boreait.com\/fr\/wp-json\/wp\/v2\/product\/15653","targetHints":{"allow":["GET"]}}],"collection":[{"href":"https:\/\/boreait.com\/fr\/wp-json\/wp\/v2\/product"}],"about":[{"href":"https:\/\/boreait.com\/fr\/wp-json\/wp\/v2\/types\/product"}],"wp:featuredmedia":[{"embeddable":true,"href":"https:\/\/boreait.com\/fr\/wp-json\/wp\/v2\/media\/15657"}],"wp:attachment":[{"href":"https:\/\/boreait.com\/fr\/wp-json\/wp\/v2\/media?parent=15653"}],"wp:term":[{"taxonomy":"product_brand","embeddable":true,"href":"https:\/\/boreait.com\/fr\/wp-json\/wp\/v2\/product_brand?post=15653"},{"taxonomy":"product_cat","embeddable":true,"href":"https:\/\/boreait.com\/fr\/wp-json\/wp\/v2\/product_cat?post=15653"},{"taxonomy":"product_tag","embeddable":true,"href":"https:\/\/boreait.com\/fr\/wp-json\/wp\/v2\/product_tag?post=15653"}],"curies":[{"name":"wp","href":"https:\/\/api.w.org\/{rel}","templated":true}]}}