{"id":15652,"date":"2025-09-16T16:00:28","date_gmt":"2025-09-16T14:00:28","guid":{"rendered":"https:\/\/boreait.com\/fr\/?post_type=product&#038;p=15652"},"modified":"2026-04-15T23:53:22","modified_gmt":"2026-04-15T21:53:22","slug":"ecran-lcd-ne156fhm-nx3-v18-0-156-fhd-ips-144-hz-mat-edp-40-broches-avec-ruban-adhesif-neuf","status":"publish","type":"product","link":"https:\/\/boreait.com\/fr\/produit\/ecran-lcd-ne156fhm-nx3-v18-0-156-fhd-ips-144-hz-mat-edp-40-broches-avec-ruban-adhesif-neuf\/","title":{"rendered":"\u00c9cran LCD NE156FHM-NX3 V18.0 15,6&Prime; FHD IPS 144 Hz mat EDP 40 broches avec ruban adh\u00e9sif, neuf"},"content":{"rendered":"<p>Mod\u00e8le d&rsquo;\u00e9cran LCD actuel\u00a0: n156hra-ea1 REV C1 \/ N156HRA-GAA Rev.c1 \/ N156HMA-GA1 REV C2 \u2013 ENTI\u00c8REMENT COMPATIBLE AVEC L&rsquo;\u00c9CRAN D&rsquo;ORDINATEUR PORTABLE NE156FHM-NX3 V18.0<\/p>\n<p>Optimisez l&rsquo;affichage de votre ordinateur portable avec l&rsquo;\u00e9cran LCD NE156FHM-NX3 V18.0 15,6 pouces, con\u00e7u pour des performances exceptionnelles et des images d&rsquo;une nettet\u00e9 exceptionnelle. Avec une r\u00e9solution Full HD de 1920 x 1080, cet \u00e9cran offre des images nettes et des couleurs \u00e9clatantes. Son taux de rafra\u00eechissement de 144\u00a0Hz garantit des performances ultra-fluides, id\u00e9al pour les jeux, le montage vid\u00e9o ou une utilisation g\u00e9n\u00e9rale.<\/p>\n<p>La technologie IPS garantit de larges angles de vision et une reproduction des couleurs homog\u00e8ne, tandis que la finition mate minimise les reflets, garantissant une utilisation confortable dans diverses conditions d&rsquo;\u00e9clairage. La connexion eDP 40\u00a0broches assure une connexion fiable \u00e0 votre ordinateur. Appareil.<\/p>\n<p>Cet \u00e9cran est fourni avec un ruban adh\u00e9sif double face, simplifiant ainsi l&rsquo;installation. Veuillez noter que l&rsquo;\u00e9cran n&rsquo;inclut pas les supports sup\u00e9rieur et inf\u00e9rieur. Il est neuf, vous garantissant ainsi un produit impeccable, pr\u00eat \u00e0 \u00eatre utilis\u00e9 imm\u00e9diatement.<\/p>\n","protected":false},"excerpt":{"rendered":"<p>Am\u00e9liorez votre ordinateur portable avec l&rsquo;\u00e9cran LCD NE156FHM-NX3 V18.0 15,6&Prime;. Dot\u00e9 d&rsquo;une r\u00e9solution Full HD, d&rsquo;un taux de rafra\u00eechissement de 144 Hz, de la technologie IPS et d&rsquo;une finition mate, il offre des images claires et fluides. Ruban adh\u00e9sif double face inclus pour une installation facile. \u00c9tat\u00a0: Neuf.<\/p>\n","protected":false},"featured_media":15657,"template":"","meta":[],"product_brand":[],"product_cat":[105,95],"product_tag":[],"class_list":{"0":"post-15652","1":"product","2":"type-product","3":"status-publish","4":"has-post-thumbnail","6":"product_cat-15-6-new-laptop-screens-lcd-panels","7":"product_cat-new-laptop-screens-lcd-panels","9":"first","10":"instock","11":"taxable","12":"shipping-taxable","13":"purchasable","14":"product-type-simple"},"_links":{"self":[{"href":"https:\/\/boreait.com\/fr\/wp-json\/wp\/v2\/product\/15652","targetHints":{"allow":["GET"]}}],"collection":[{"href":"https:\/\/boreait.com\/fr\/wp-json\/wp\/v2\/product"}],"about":[{"href":"https:\/\/boreait.com\/fr\/wp-json\/wp\/v2\/types\/product"}],"wp:featuredmedia":[{"embeddable":true,"href":"https:\/\/boreait.com\/fr\/wp-json\/wp\/v2\/media\/15657"}],"wp:attachment":[{"href":"https:\/\/boreait.com\/fr\/wp-json\/wp\/v2\/media?parent=15652"}],"wp:term":[{"taxonomy":"product_brand","embeddable":true,"href":"https:\/\/boreait.com\/fr\/wp-json\/wp\/v2\/product_brand?post=15652"},{"taxonomy":"product_cat","embeddable":true,"href":"https:\/\/boreait.com\/fr\/wp-json\/wp\/v2\/product_cat?post=15652"},{"taxonomy":"product_tag","embeddable":true,"href":"https:\/\/boreait.com\/fr\/wp-json\/wp\/v2\/product_tag?post=15652"}],"curies":[{"name":"wp","href":"https:\/\/api.w.org\/{rel}","templated":true}]}}