{"id":15649,"date":"2025-09-16T16:00:27","date_gmt":"2025-09-16T14:00:27","guid":{"rendered":"https:\/\/boreait.com\/fr\/?post_type=product&#038;p=15649"},"modified":"2025-09-16T16:00:47","modified_gmt":"2025-09-16T14:00:47","slug":"ecran-lcd-ips-edp-mat-n156hra-gaa-156-144-hz-fhd-40-broches-avec-ruban-adhesif-neuf","status":"publish","type":"product","link":"https:\/\/boreait.com\/fr\/produit\/ecran-lcd-ips-edp-mat-n156hra-gaa-156-144-hz-fhd-40-broches-avec-ruban-adhesif-neuf\/","title":{"rendered":"\u00c9cran LCD IPS eDP mat N156HRA-GAA 15,6&Prime; 144 Hz FHD 40 broches avec ruban adh\u00e9sif, neuf"},"content":{"rendered":"<p>Mod\u00e8le d&rsquo;\u00e9cran LCD actuel\u00a0: n156hra-ea1 REV C1 \/ N156HRA-GAA Rev.c1 \/ N156HMA-GA1 REV C2 \u2013 ENTI\u00c8REMENT COMPATIBLE AVEC L&rsquo;\u00c9CRAN D&rsquo;ORDINATEUR PORTABLE N156HME-GAK<\/p>\n<p>Optimisez l&rsquo;affichage de votre ordinateur portable avec l&rsquo;\u00e9cran LCD 15,6&Prime; N156HRA-GAA, con\u00e7u pour offrir une clart\u00e9 visuelle exceptionnelle et des performances fluides. Cet \u00e9cran b\u00e9n\u00e9ficie d&rsquo;une r\u00e9solution Full HD (1920 x 1080) pour une nettet\u00e9 et une clart\u00e9 optimales. Avec un taux de rafra\u00eechissement de 144\u00a0Hz, vous b\u00e9n\u00e9ficierez d&rsquo;images ultra-fluides, id\u00e9ales pour les jeux, le montage vid\u00e9o et autres t\u00e2ches exigeantes.<\/p>\n<p>La technologie IPS garantit une reproduction fid\u00e8le des couleurs et de larges angles de vision, tandis que la finition mate r\u00e9duit les reflets, ce qui le rend id\u00e9al pour une utilisation dans divers environnements lumineux. Le connecteur eDP 40\u00a0broches assure une connectivit\u00e9 fiable et efficace, tandis que l&rsquo;\u00e9cran double face inclus Le ruban adh\u00e9sif facilite et acc\u00e9l\u00e8re l&rsquo;installation.<\/p>\n<p>Veuillez noter que cet \u00e9cran LCD est livr\u00e9 sans supports sup\u00e9rieur et inf\u00e9rieur. Il est neuf, vous garantissant ainsi un produit impeccable, pr\u00eat \u00e0 \u00eatre install\u00e9.<\/p>\n","protected":false},"excerpt":{"rendered":"<p>Am\u00e9liorez l&rsquo;\u00e9cran de votre ordinateur portable avec l&rsquo;\u00e9cran LCD 15,6&Prime; N156HRA-GAA. Dot\u00e9 d&rsquo;une r\u00e9solution Full HD, d&rsquo;un taux de rafra\u00eechissement de 144 Hz, de la technologie IPS et d&rsquo;une finition mate, il offre des images \u00e9clatantes et des performances fluides. Livr\u00e9 avec du ruban adh\u00e9sif double face pour une installation facile. \u00c9tat\u00a0: Neuf.<\/p>\n","protected":false},"featured_media":15657,"template":"","meta":[],"product_brand":[],"product_cat":[105,95],"product_tag":[],"class_list":{"0":"post-15649","1":"product","2":"type-product","3":"status-publish","4":"has-post-thumbnail","6":"product_cat-15-6-new-laptop-screens-lcd-panels","7":"product_cat-new-laptop-screens-lcd-panels","9":"first","10":"instock","11":"taxable","12":"shipping-taxable","13":"purchasable","14":"product-type-simple"},"_links":{"self":[{"href":"https:\/\/boreait.com\/fr\/wp-json\/wp\/v2\/product\/15649","targetHints":{"allow":["GET"]}}],"collection":[{"href":"https:\/\/boreait.com\/fr\/wp-json\/wp\/v2\/product"}],"about":[{"href":"https:\/\/boreait.com\/fr\/wp-json\/wp\/v2\/types\/product"}],"wp:featuredmedia":[{"embeddable":true,"href":"https:\/\/boreait.com\/fr\/wp-json\/wp\/v2\/media\/15657"}],"wp:attachment":[{"href":"https:\/\/boreait.com\/fr\/wp-json\/wp\/v2\/media?parent=15649"}],"wp:term":[{"taxonomy":"product_brand","embeddable":true,"href":"https:\/\/boreait.com\/fr\/wp-json\/wp\/v2\/product_brand?post=15649"},{"taxonomy":"product_cat","embeddable":true,"href":"https:\/\/boreait.com\/fr\/wp-json\/wp\/v2\/product_cat?post=15649"},{"taxonomy":"product_tag","embeddable":true,"href":"https:\/\/boreait.com\/fr\/wp-json\/wp\/v2\/product_tag?post=15649"}],"curies":[{"name":"wp","href":"https:\/\/api.w.org\/{rel}","templated":true}]}}