{"id":15647,"date":"2025-09-16T16:00:27","date_gmt":"2025-09-16T14:00:27","guid":{"rendered":"https:\/\/boreait.com\/fr\/?post_type=product&#038;p=15647"},"modified":"2025-09-16T16:00:45","modified_gmt":"2025-09-16T14:00:45","slug":"ecran-lcd-hp-victus-16-s0000-161-fhd-144-hz-mat-40-broches-avec-ruban-adhesif-neuf","status":"publish","type":"product","link":"https:\/\/boreait.com\/fr\/produit\/ecran-lcd-hp-victus-16-s0000-161-fhd-144-hz-mat-40-broches-avec-ruban-adhesif-neuf\/","title":{"rendered":"\u00c9cran LCD HP Victus 16-S0000 16,1&Prime; FHD 144 Hz mat 40 broches avec ruban adh\u00e9sif, neuf"},"content":{"rendered":"<p><strong>Mod\u00e8le d&rsquo;\u00e9cran LCD actuel\u00a0: N161hma-gak REV. C3 ou n161hca-ga1 REV C.1 \u2013 ENTI\u00c8REMENT COMPATIBLE AVEC L&rsquo;\u00c9CRAN D&rsquo;ORDINATEUR PORTABLE HP Victus S\u00c9RIE 16-S0000<\/p>\n<p>Am\u00e9liorez les performances visuelles de votre ordinateur portable HP Victus s\u00e9rie 16-S0000 gr\u00e2ce \u00e0 cet \u00e9cran LCD FHD 16,1&Prime;. Con\u00e7u pour offrir des images fluides et \u00e9clatantes, cet \u00e9cran prend en charge un taux de rafra\u00eechissement de 144 Hz, id\u00e9al pour les jeux et les contenus multim\u00e9dias dynamiques. Avec une r\u00e9solution Full HD (1920 x 1080), il offre des images nettes et claires, tandis que sa luminosit\u00e9 de 250 nits assure un affichage lumineux, m\u00eame dans des conditions d&rsquo;\u00e9clairage variables.<\/p>\n<p>La finition mate r\u00e9duit les reflets, offrant une exp\u00e9rience visuelle confortable, que vous travailliez, naviguiez ou jouiez. Cet \u00e9cran est \u00e9quip\u00e9 d&rsquo;un connecteur 40 broches pour une connectivit\u00e9 s\u00fbre et stable. De plus, l&#8217;emballage comprend un ruban adh\u00e9sif double face pour une installation simplifi\u00e9e.<\/p>\n<p>Remarque Cet \u00e9cran est livr\u00e9 sans supports sup\u00e9rieur et inf\u00e9rieur. Il est neuf, vous garantissant un produit de haute qualit\u00e9, sans d\u00e9faut et pr\u00eat \u00e0 fonctionner.<\/p>\n","protected":false},"excerpt":{"rendered":"<p>Am\u00e9liorez votre ordinateur portable HP Victus 16-S0000 avec un \u00e9cran LCD mat FHD 144 Hz de 16,1 pouces. Cet \u00e9cran hautes performances est dot\u00e9 d&rsquo;une connexion \u00e0 40 broches, d&rsquo;une luminosit\u00e9 de 250 nits et d&rsquo;un ruban adh\u00e9sif double face pour une installation facile. \u00c9tat\u00a0: Neuf.<\/p>\n","protected":false},"featured_media":15628,"template":"","meta":[],"product_brand":[],"product_cat":[107,95],"product_tag":[],"class_list":{"0":"post-15647","1":"product","2":"type-product","3":"status-publish","4":"has-post-thumbnail","6":"product_cat-16-1","7":"product_cat-new-laptop-screens-lcd-panels","9":"first","10":"instock","11":"taxable","12":"shipping-taxable","13":"purchasable","14":"product-type-simple"},"_links":{"self":[{"href":"https:\/\/boreait.com\/fr\/wp-json\/wp\/v2\/product\/15647","targetHints":{"allow":["GET"]}}],"collection":[{"href":"https:\/\/boreait.com\/fr\/wp-json\/wp\/v2\/product"}],"about":[{"href":"https:\/\/boreait.com\/fr\/wp-json\/wp\/v2\/types\/product"}],"wp:featuredmedia":[{"embeddable":true,"href":"https:\/\/boreait.com\/fr\/wp-json\/wp\/v2\/media\/15628"}],"wp:attachment":[{"href":"https:\/\/boreait.com\/fr\/wp-json\/wp\/v2\/media?parent=15647"}],"wp:term":[{"taxonomy":"product_brand","embeddable":true,"href":"https:\/\/boreait.com\/fr\/wp-json\/wp\/v2\/product_brand?post=15647"},{"taxonomy":"product_cat","embeddable":true,"href":"https:\/\/boreait.com\/fr\/wp-json\/wp\/v2\/product_cat?post=15647"},{"taxonomy":"product_tag","embeddable":true,"href":"https:\/\/boreait.com\/fr\/wp-json\/wp\/v2\/product_tag?post=15647"}],"curies":[{"name":"wp","href":"https:\/\/api.w.org\/{rel}","templated":true}]}}