{"id":15643,"date":"2025-09-16T16:00:26","date_gmt":"2025-09-16T14:00:26","guid":{"rendered":"https:\/\/boreait.com\/fr\/?post_type=product&#038;p=15643"},"modified":"2025-09-16T16:00:43","modified_gmt":"2025-09-16T14:00:43","slug":"ecran-lcd-victus-hp-16-e0085cl-161-fhd-144-hz-40-broches-mat-avec-ruban-adhesif-neuf","status":"publish","type":"product","link":"https:\/\/boreait.com\/fr\/produit\/ecran-lcd-victus-hp-16-e0085cl-161-fhd-144-hz-40-broches-mat-avec-ruban-adhesif-neuf\/","title":{"rendered":"\u00c9cran LCD Victus HP 16-e0085cl 16,1&Prime; FHD 144 Hz 40 broches mat avec ruban adh\u00e9sif, neuf"},"content":{"rendered":"<p><strong>Mod\u00e8le d&rsquo;\u00e9cran LCD actuel\u00a0: N161hma-gak REV. C3 ou n161hca-ga1 REV C.1 \u2013 ENTI\u00c8REMENT COMPATIBLE AVEC L&rsquo;\u00c9CRAN D&rsquo;ORDINATEUR PORTABLE POUR Victus HP 16-e0085cl 16-e0085cl<\/p>\n<p>Am\u00e9liorez votre exp\u00e9rience de jeu avec votre HP Victus 16-e0085cl gr\u00e2ce \u00e0 cet \u00e9cran LCD 16,1&Prime; de haute qualit\u00e9. Con\u00e7u sp\u00e9cifiquement pour ce mod\u00e8le, il offre une r\u00e9solution Full HD (1920 x 1080) et un taux de rafra\u00eechissement de 144 Hz, offrant des images fluides et nettes pour une exp\u00e9rience de jeu immersive. Sa luminosit\u00e9 de 250 nits garantit une clart\u00e9 optimale m\u00eame dans les environnements bien \u00e9clair\u00e9s, tandis que sa finition mate minimise les reflets et l&rsquo;\u00e9blouissement, offrant un confort visuel optimal.<\/p>\n<p>Cet \u00e9cran LCD est dot\u00e9 d&rsquo;un connecteur 40 broches pour une connectivit\u00e9 s\u00fbre et fiable. Il est fourni avec un ruban adh\u00e9sif double face pour une installation facile et un ajustement parfait sans supports sup\u00e9rieurs et inf\u00e9rieurs. Que vous remplaciez un \u00e9cran endommag\u00e9 ou que vous le mettiez \u00e0 niveau Pour des performances am\u00e9lior\u00e9es, cet \u00e9cran est le choix id\u00e9al.<\/p>\n<p>L&rsquo;\u00e9cran est neuf, vous garantissant un produit sans d\u00e9faut, pr\u00eat \u00e0 am\u00e9liorer les capacit\u00e9s d&rsquo;affichage de votre ordinateur portable.<\/p>\n","protected":false},"excerpt":{"rendered":"<p>Am\u00e9liorez votre HP Victus 16-e0085cl avec un nouvel \u00e9cran LCD 16,1&Prime; FHD 144 Hz. Dot\u00e9 d&rsquo;une finition mate et d&rsquo;une luminosit\u00e9 de 250 nits, cet \u00e9cran 40 broches garantit des images \u00e9clatantes avec un faible \u00e9blouissement. Livr\u00e9 avec du ruban adh\u00e9sif double face pour une installation facile. \u00c9tat\u00a0: Neuf.<\/p>\n","protected":false},"featured_media":15628,"template":"","meta":[],"product_brand":[],"product_cat":[107,95],"product_tag":[],"class_list":{"0":"post-15643","1":"product","2":"type-product","3":"status-publish","4":"has-post-thumbnail","6":"product_cat-16-1","7":"product_cat-new-laptop-screens-lcd-panels","9":"first","10":"instock","11":"taxable","12":"shipping-taxable","13":"purchasable","14":"product-type-simple"},"_links":{"self":[{"href":"https:\/\/boreait.com\/fr\/wp-json\/wp\/v2\/product\/15643","targetHints":{"allow":["GET"]}}],"collection":[{"href":"https:\/\/boreait.com\/fr\/wp-json\/wp\/v2\/product"}],"about":[{"href":"https:\/\/boreait.com\/fr\/wp-json\/wp\/v2\/types\/product"}],"wp:featuredmedia":[{"embeddable":true,"href":"https:\/\/boreait.com\/fr\/wp-json\/wp\/v2\/media\/15628"}],"wp:attachment":[{"href":"https:\/\/boreait.com\/fr\/wp-json\/wp\/v2\/media?parent=15643"}],"wp:term":[{"taxonomy":"product_brand","embeddable":true,"href":"https:\/\/boreait.com\/fr\/wp-json\/wp\/v2\/product_brand?post=15643"},{"taxonomy":"product_cat","embeddable":true,"href":"https:\/\/boreait.com\/fr\/wp-json\/wp\/v2\/product_cat?post=15643"},{"taxonomy":"product_tag","embeddable":true,"href":"https:\/\/boreait.com\/fr\/wp-json\/wp\/v2\/product_tag?post=15643"}],"curies":[{"name":"wp","href":"https:\/\/api.w.org\/{rel}","templated":true}]}}