{"id":15640,"date":"2025-09-16T16:00:25","date_gmt":"2025-09-16T14:00:25","guid":{"rendered":"https:\/\/boreait.com\/fr\/?post_type=product&#038;p=15640"},"modified":"2025-09-16T16:00:42","modified_gmt":"2025-09-16T14:00:42","slug":"ecran-lcd-hp-victus-161-fhd-144-hz-mat-250-nits-40-broches-avec-adhesif-neuf","status":"publish","type":"product","link":"https:\/\/boreait.com\/fr\/produit\/ecran-lcd-hp-victus-161-fhd-144-hz-mat-250-nits-40-broches-avec-adhesif-neuf\/","title":{"rendered":"\u00c9cran LCD HP Victus 16,1&Prime; FHD 144 Hz, mat, 250 nits, 40 broches, avec adh\u00e9sif, neuf"},"content":{"rendered":"<p><strong>Mod\u00e8le d&rsquo;\u00e9cran LCD actuel\u00a0: N161hma-gak REV. C3 ou n161hca-ga1 REV C.1 \u2013 ENTI\u00c8REMENT COMPATIBLE AVEC L&rsquo;\u00c9CRAN D&rsquo;ORDINATEUR PORTABLE HP Victus 16-d1111TX, 16-d1112TX, 16-d1114TX, 16-d1121TX, 16-d1131TX, 16-d1132TX, 16-d1133TX et 16-d1134TX.<\/p>\n<p>Optimisez l&rsquo;affichage de votre ordinateur portable HP Victus avec un \u00e9cran LCD 16,1&Prime; haut de gamme, compatible avec les mod\u00e8les 16-d1111TX, 16-d1112TX, 16-d1114TX, 16-d1121TX, 16-d1131TX, 16-d1132TX, 16-d1133TX et 16-d1134TX. Cet \u00e9cran hautes performances L&rsquo;\u00e9cran offre une r\u00e9solution Full HD (1920 x 1080) avec un taux de rafra\u00eechissement de 144 Hz, garantissant des mouvements fluides et des images nettes et claires, id\u00e9ales pour les jeux, le multim\u00e9dia et un usage professionnel.<\/p>\n<p>La finition mate r\u00e9duit les reflets, pr\u00e9servant ainsi la qualit\u00e9 visuelle dans diverses conditions d&rsquo;\u00e9clairage. Avec une luminosit\u00e9 de 250 nits, votre \u00e9cran reste \u00e9clatant et visible m\u00eame dans des environnements bien \u00e9clair\u00e9s. Le connecteur 40 broches assure une connexion stable et s\u00e9curis\u00e9e \u00e0 votre appareil.<\/p>\n<p>Cet \u00e9cran est fourni sans supports sup\u00e9rieur et inf\u00e9rieur, et est fourni avec un ruban adh\u00e9sif double face pour une installation facile. Que vous souhaitiez remplacer un \u00e9cran endommag\u00e9 ou le mettre \u00e0 niveau pour une meilleure exp\u00e9rience visuelle, ce nouvel \u00e9cran LCD est un excellent choix pour votre ordinateur portable HP Victus.<\/p>\n","protected":false},"excerpt":{"rendered":"<p>Am\u00e9liorez votre HP Victus avec un \u00e9cran LCD 16,1&Prime; (mod\u00e8les 16-d1111TX \u00e0 16-d1134TX). Cet \u00e9cran mat FHD 144 Hz, dot\u00e9 d&rsquo;une luminosit\u00e9 de 250 nits et d&rsquo;un connecteur 40 broches, offre des images fluides et \u00e9clatantes. Ruban adh\u00e9sif double face inclus pour une installation facile. \u00c9tat\u00a0: Neuf.<\/p>\n","protected":false},"featured_media":15628,"template":"","meta":[],"product_brand":[],"product_cat":[107,95],"product_tag":[],"class_list":{"0":"post-15640","1":"product","2":"type-product","3":"status-publish","4":"has-post-thumbnail","6":"product_cat-16-1","7":"product_cat-new-laptop-screens-lcd-panels","9":"first","10":"instock","11":"taxable","12":"shipping-taxable","13":"purchasable","14":"product-type-simple"},"_links":{"self":[{"href":"https:\/\/boreait.com\/fr\/wp-json\/wp\/v2\/product\/15640","targetHints":{"allow":["GET"]}}],"collection":[{"href":"https:\/\/boreait.com\/fr\/wp-json\/wp\/v2\/product"}],"about":[{"href":"https:\/\/boreait.com\/fr\/wp-json\/wp\/v2\/types\/product"}],"wp:featuredmedia":[{"embeddable":true,"href":"https:\/\/boreait.com\/fr\/wp-json\/wp\/v2\/media\/15628"}],"wp:attachment":[{"href":"https:\/\/boreait.com\/fr\/wp-json\/wp\/v2\/media?parent=15640"}],"wp:term":[{"taxonomy":"product_brand","embeddable":true,"href":"https:\/\/boreait.com\/fr\/wp-json\/wp\/v2\/product_brand?post=15640"},{"taxonomy":"product_cat","embeddable":true,"href":"https:\/\/boreait.com\/fr\/wp-json\/wp\/v2\/product_cat?post=15640"},{"taxonomy":"product_tag","embeddable":true,"href":"https:\/\/boreait.com\/fr\/wp-json\/wp\/v2\/product_tag?post=15640"}],"curies":[{"name":"wp","href":"https:\/\/api.w.org\/{rel}","templated":true}]}}