{"id":15638,"date":"2025-09-16T16:00:24","date_gmt":"2025-09-16T14:00:24","guid":{"rendered":"https:\/\/boreait.com\/fr\/?post_type=product&#038;p=15638"},"modified":"2025-09-16T16:00:41","modified_gmt":"2025-09-16T14:00:41","slug":"ecran-lcd-161-fhd-144-hz-mat-pour-hp-victus-16-d0001nv-d0030nr-neuf","status":"publish","type":"product","link":"https:\/\/boreait.com\/fr\/produit\/ecran-lcd-161-fhd-144-hz-mat-pour-hp-victus-16-d0001nv-d0030nr-neuf\/","title":{"rendered":"\u00c9cran LCD 16,1&Prime; FHD 144 Hz mat pour HP Victus 16-D0001NV\/D0030NR, neuf"},"content":{"rendered":"<p><strong>Mod\u00e8le d&rsquo;\u00e9cran LCD actuel\u00a0: N161hma-gak REV. C3 ou n161hca-ga1 REV C.1 \u2013 ENTI\u00c8REMENT COMPATIBLE AVEC L&rsquo;\u00c9CRAN D&rsquo;ORDINATEUR PORTABLE POUR Victus HP 16-D0001NV 16-D0030NR 16-D0030NR<\/p>\n<p>Am\u00e9liorez les performances et l&rsquo;exp\u00e9rience visuelle de votre ordinateur portable HP Victus s\u00e9rie 16-D gr\u00e2ce \u00e0 cet \u00e9cran LCD 16,1&Prime; haute qualit\u00e9, compatible avec les mod\u00e8les 16-D0001NV, 16-D0030NR et 16-D0031NR. Con\u00e7u avec une r\u00e9solution Full HD (1920 x 1080), cet \u00e9cran offre des images nettes et claires, parfaites pour les jeux et une utilisation quotidienne. Son taux de rafra\u00eechissement de 144 Hz garantit des mouvements fluides et fluides, id\u00e9al pour les actions rapides.<\/p>\n<p>Cet \u00e9cran LCD pr\u00e9sente une finition mate pour minimiser les reflets et les reflets, offrant une exp\u00e9rience visuelle confortable, m\u00eame dans des environnements tr\u00e8s \u00e9clair\u00e9s. Il est livr\u00e9 avec un Dot\u00e9 d&rsquo;un connecteur 40 broches, il est facile \u00e0 installer gr\u00e2ce au ruban adh\u00e9sif double face fourni. Veuillez noter que cet \u00e9cran est fourni sans supports sup\u00e9rieur et inf\u00e9rieur.<\/p>\n<p>\u00c0 l&rsquo;\u00e9tat neuf, cet \u00e9cran est un excellent choix pour remplacer un \u00e9cran endommag\u00e9 ou obsol\u00e8te, vous permettant ainsi de continuer \u00e0 profiter des meilleures performances de votre appareil.<\/p>\n","protected":false},"excerpt":{"rendered":"<p>Am\u00e9liorez votre ordinateur portable HP Victus s\u00e9rie 16-D avec un nouvel \u00e9cran LCD 16,1&Prime;. Dot\u00e9 d&rsquo;une r\u00e9solution Full HD, d&rsquo;un taux de rafra\u00eechissement de 144 Hz et d&rsquo;une finition mate, cet \u00e9cran offre des images fluides et une r\u00e9duction des reflets. Livr\u00e9 avec du ruban adh\u00e9sif double face pour une installation facile. \u00c9tat\u00a0: neuf.<\/p>\n","protected":false},"featured_media":15628,"template":"","meta":[],"product_brand":[],"product_cat":[107,95],"product_tag":[],"class_list":{"0":"post-15638","1":"product","2":"type-product","3":"status-publish","4":"has-post-thumbnail","6":"product_cat-16-1","7":"product_cat-new-laptop-screens-lcd-panels","9":"first","10":"instock","11":"taxable","12":"shipping-taxable","13":"purchasable","14":"product-type-simple"},"_links":{"self":[{"href":"https:\/\/boreait.com\/fr\/wp-json\/wp\/v2\/product\/15638","targetHints":{"allow":["GET"]}}],"collection":[{"href":"https:\/\/boreait.com\/fr\/wp-json\/wp\/v2\/product"}],"about":[{"href":"https:\/\/boreait.com\/fr\/wp-json\/wp\/v2\/types\/product"}],"wp:featuredmedia":[{"embeddable":true,"href":"https:\/\/boreait.com\/fr\/wp-json\/wp\/v2\/media\/15628"}],"wp:attachment":[{"href":"https:\/\/boreait.com\/fr\/wp-json\/wp\/v2\/media?parent=15638"}],"wp:term":[{"taxonomy":"product_brand","embeddable":true,"href":"https:\/\/boreait.com\/fr\/wp-json\/wp\/v2\/product_brand?post=15638"},{"taxonomy":"product_cat","embeddable":true,"href":"https:\/\/boreait.com\/fr\/wp-json\/wp\/v2\/product_cat?post=15638"},{"taxonomy":"product_tag","embeddable":true,"href":"https:\/\/boreait.com\/fr\/wp-json\/wp\/v2\/product_tag?post=15638"}],"curies":[{"name":"wp","href":"https:\/\/api.w.org\/{rel}","templated":true}]}}