{"id":15637,"date":"2025-09-16T16:00:24","date_gmt":"2025-09-16T14:00:24","guid":{"rendered":"https:\/\/boreait.com\/fr\/?post_type=product&#038;p=15637"},"modified":"2025-09-16T16:00:40","modified_gmt":"2025-09-16T14:00:40","slug":"ecran-lcd-victus-hp-16-e0161nr-161-fhd-144-hz-mat-40-broches-avec-ruban-adhesif-neuf","status":"publish","type":"product","link":"https:\/\/boreait.com\/fr\/produit\/ecran-lcd-victus-hp-16-e0161nr-161-fhd-144-hz-mat-40-broches-avec-ruban-adhesif-neuf\/","title":{"rendered":"\u00c9cran LCD Victus HP 16-E0161NR 16,1&Prime; FHD 144 Hz mat 40 broches avec ruban adh\u00e9sif, neuf"},"content":{"rendered":"<p><strong>Mod\u00e8le d&rsquo;\u00e9cran LCD actuel\u00a0: N161hma-gak REV. C3 ou n161hca-ga1 REV C.1 \u2013 ENTI\u00c8REMENT COMPATIBLE AVEC L&rsquo;\u00c9CRAN D&rsquo;ORDINATEUR PORTABLE POUR HP Victus 16-E0161NR<\/p>\n<p>Am\u00e9liorez votre exp\u00e9rience de jeu ou multim\u00e9dia avec cet \u00e9cran LCD 16,1&Prime; haut de gamme con\u00e7u pour le HP Victus 16-E0161NR. Avec une r\u00e9solution Full HD (1920 x 1080) et un taux de rafra\u00eechissement de 144 Hz, cet \u00e9cran offre des images d&rsquo;une nettet\u00e9 exceptionnelle et des mouvements ultra-fluides, id\u00e9al pour les jeux, le visionnage de vid\u00e9os ou l&rsquo;informatique au quotidien. Sa luminosit\u00e9 de 250 nits garantit des images \u00e9clatantes, m\u00eame dans des environnements bien \u00e9clair\u00e9s, tandis que sa finition mate minimise les reflets et l&rsquo;\u00e9blouissement pour un confort visuel optimal.<\/p>\n<p>Cet \u00e9cran LCD est dot\u00e9 d&rsquo;un connecteur 40 broches pour une compatibilit\u00e9 parfaite avec votre HP Victus 16-E0161NR. L&#8217;emballage comprend un ruban adh\u00e9sif double face, pour une installation simple et rapide. Veuillez noter que Cet \u00e9cran n&rsquo;inclut pas les supports sup\u00e9rieur et inf\u00e9rieur.<\/p>\n<p>Cet \u00e9cran est neuf, vous garantissant un produit r\u00e9pondant aux normes de qualit\u00e9 les plus strictes et pr\u00eat \u00e0 am\u00e9liorer les performances de votre ordinateur portable.<\/p>\n","protected":false},"excerpt":{"rendered":"<p>Am\u00e9liorez votre HP Victus 16-E0161NR avec un \u00e9cran LCD 16,1&Prime;. Dot\u00e9 d&rsquo;une r\u00e9solution Full HD 144 Hz, d&rsquo;une luminosit\u00e9 de 250 nits et d&rsquo;une finition mate, cet \u00e9cran offre des images fluides et r\u00e9duit les reflets. Livr\u00e9 avec du ruban adh\u00e9sif double face pour une installation facile. \u00c9tat\u00a0: Neuf.<\/p>\n","protected":false},"featured_media":15628,"template":"","meta":[],"product_brand":[],"product_cat":[107,95],"product_tag":[],"class_list":{"0":"post-15637","1":"product","2":"type-product","3":"status-publish","4":"has-post-thumbnail","6":"product_cat-16-1","7":"product_cat-new-laptop-screens-lcd-panels","9":"first","10":"instock","11":"taxable","12":"shipping-taxable","13":"purchasable","14":"product-type-simple"},"_links":{"self":[{"href":"https:\/\/boreait.com\/fr\/wp-json\/wp\/v2\/product\/15637","targetHints":{"allow":["GET"]}}],"collection":[{"href":"https:\/\/boreait.com\/fr\/wp-json\/wp\/v2\/product"}],"about":[{"href":"https:\/\/boreait.com\/fr\/wp-json\/wp\/v2\/types\/product"}],"wp:featuredmedia":[{"embeddable":true,"href":"https:\/\/boreait.com\/fr\/wp-json\/wp\/v2\/media\/15628"}],"wp:attachment":[{"href":"https:\/\/boreait.com\/fr\/wp-json\/wp\/v2\/media?parent=15637"}],"wp:term":[{"taxonomy":"product_brand","embeddable":true,"href":"https:\/\/boreait.com\/fr\/wp-json\/wp\/v2\/product_brand?post=15637"},{"taxonomy":"product_cat","embeddable":true,"href":"https:\/\/boreait.com\/fr\/wp-json\/wp\/v2\/product_cat?post=15637"},{"taxonomy":"product_tag","embeddable":true,"href":"https:\/\/boreait.com\/fr\/wp-json\/wp\/v2\/product_tag?post=15637"}],"curies":[{"name":"wp","href":"https:\/\/api.w.org\/{rel}","templated":true}]}}