{"id":15636,"date":"2025-09-16T16:00:24","date_gmt":"2025-09-16T14:00:24","guid":{"rendered":"https:\/\/boreait.com\/fr\/?post_type=product&#038;p=15636"},"modified":"2025-09-16T16:00:39","modified_gmt":"2025-09-16T14:00:39","slug":"ecran-lcd-161-fhd-144-hz-250-nits-mat-pour-la-serie-16-wf-avec-ruban-adhesif-neuf","status":"publish","type":"product","link":"https:\/\/boreait.com\/fr\/produit\/ecran-lcd-161-fhd-144-hz-250-nits-mat-pour-la-serie-16-wf-avec-ruban-adhesif-neuf\/","title":{"rendered":"\u00c9cran LCD 16,1&Prime; FHD 144 Hz 250 nits mat pour la s\u00e9rie 16-WF avec ruban adh\u00e9sif. Neuf."},"content":{"rendered":"<p><strong>Mod\u00e8le d&rsquo;\u00e9cran LCD actuel\u00a0: N161hma-gak REV. C3 ou n161hca-ga1 REV C.1 \u2013 ENTI\u00c8REMENT COMPATIBLE AVEC LES \u00c9CRANS D&rsquo;ORDINATEUR PORTABLE 16-WF0003NS, 16-WF0003NT, 16-WF0000NX, 16-WF0000NZ, 16-WF0005NA, 16-WF0005NL et 16-WF0001NK<\/p>\n<p>Optimisez l&rsquo;affichage de votre ordinateur portable avec cet \u00e9cran LCD 16,1&Prime;, sp\u00e9cialement con\u00e7u pour \u00eatre compatible avec une large gamme de mod\u00e8les, notamment les mod\u00e8les 16-WF0003NS, 16-WF0003NT, 16-WF0000NX, 16-WF0000NZ, 16-WF0005NA, 16-WF0005NL et 16-WF0001NK. Il offre une r\u00e9solution Full HD (1920 x 1080) et une fr\u00e9quence d&rsquo;images de 144 Hz. Gr\u00e2ce \u00e0 son taux de rafra\u00eechissement \u00e9lev\u00e9, cet \u00e9cran garantit des images fluides et \u00e9clatantes, id\u00e9ales pour les jeux, la conception graphique ou une utilisation quotidienne.<\/p>\n<p>Sa finition mate r\u00e9duit les reflets et offre une visibilit\u00e9 optimale m\u00eame dans les environnements lumineux. Avec une luminosit\u00e9 de 250 nits, vous b\u00e9n\u00e9ficiez d&rsquo;un affichage clair et lumineux, agr\u00e9able pour les yeux. L&rsquo;\u00e9cran est \u00e9quip\u00e9 d&rsquo;un connecteur 40 broches, garantissant une connexion stable et s\u00e9curis\u00e9e \u00e0 votre ordinateur portable.<\/p>\n<p>Un ruban adh\u00e9sif double face est inclus dans l&#8217;emballage, ce qui simplifie l&rsquo;installation. Veuillez noter que cet \u00e9cran est livr\u00e9 sans supports sup\u00e9rieur et inf\u00e9rieur. Cet \u00e9cran est neuf, garantissant un produit de haute qualit\u00e9 et exempt de tout d\u00e9faut.<\/p>\n","protected":false},"excerpt":{"rendered":"<p>Am\u00e9liorez votre ordinateur portable avec l&rsquo;\u00e9cran LCD 16,1 pouces compatible avec les mod\u00e8les 16-WF0003NS, 16-WF0003NT, 16-WF0000NX, 16-WF0000NZ, 16-WF0005NA, 16-WF0005NL et 16-WF0001NK. \u00c9cran Full HD 144 Hz, finition mate et luminosit\u00e9 de 250 nits. Ruban adh\u00e9sif double face inclus pour une installation facile. \u00c9tat\u00a0: neuf.<\/p>\n","protected":false},"featured_media":15628,"template":"","meta":[],"product_brand":[],"product_cat":[107,95],"product_tag":[],"class_list":{"0":"post-15636","1":"product","2":"type-product","3":"status-publish","4":"has-post-thumbnail","6":"product_cat-16-1","7":"product_cat-new-laptop-screens-lcd-panels","9":"first","10":"instock","11":"taxable","12":"shipping-taxable","13":"purchasable","14":"product-type-simple"},"_links":{"self":[{"href":"https:\/\/boreait.com\/fr\/wp-json\/wp\/v2\/product\/15636","targetHints":{"allow":["GET"]}}],"collection":[{"href":"https:\/\/boreait.com\/fr\/wp-json\/wp\/v2\/product"}],"about":[{"href":"https:\/\/boreait.com\/fr\/wp-json\/wp\/v2\/types\/product"}],"wp:featuredmedia":[{"embeddable":true,"href":"https:\/\/boreait.com\/fr\/wp-json\/wp\/v2\/media\/15628"}],"wp:attachment":[{"href":"https:\/\/boreait.com\/fr\/wp-json\/wp\/v2\/media?parent=15636"}],"wp:term":[{"taxonomy":"product_brand","embeddable":true,"href":"https:\/\/boreait.com\/fr\/wp-json\/wp\/v2\/product_brand?post=15636"},{"taxonomy":"product_cat","embeddable":true,"href":"https:\/\/boreait.com\/fr\/wp-json\/wp\/v2\/product_cat?post=15636"},{"taxonomy":"product_tag","embeddable":true,"href":"https:\/\/boreait.com\/fr\/wp-json\/wp\/v2\/product_tag?post=15636"}],"curies":[{"name":"wp","href":"https:\/\/api.w.org\/{rel}","templated":true}]}}